{"id":1596,"date":"2026-04-12T21:19:30","date_gmt":"2026-04-12T21:19:30","guid":{"rendered":"https:\/\/institutferresamat.com\/?page_id=1596"},"modified":"2026-04-13T04:54:27","modified_gmt":"2026-04-13T04:54:27","slug":"cirurgia-oral-i-maxillofacial","status":"publish","type":"page","link":"http:\/\/institutferresamat.com\/en\/cirurgia-oral-i-maxillofacial\/","title":{"rendered":"Oral and Maxillofacial Surgery"},"content":{"rendered":"<div class=\"wp-block-group alignfull has-accent-2-background-color has-background has-global-padding is-layout-constrained wp-container-core-group-is-layout-669513ed wp-block-group-is-layout-constrained\" style=\"margin-top:0;margin-bottom:0;padding-top:var(--wp--preset--spacing--50);padding-right:var(--wp--preset--spacing--50);padding-bottom:var(--wp--preset--spacing--50);padding-left:var(--wp--preset--spacing--50)\">\n<div class=\"wp-block-columns alignwide is-layout-flex wp-container-core-columns-is-layout-28f84493 wp-block-columns-is-layout-flex\">\n<div class=\"wp-block-column is-layout-flow wp-block-column-is-layout-flow\" style=\"flex-basis:40%\">\n<figure class=\"wp-block-image size-large is-style-rounded is-style-rounded--1\"><a href=\"https:\/\/institutferresamat.com\/wp-content\/uploads\/2026\/04\/IMG_7114.jpg\"><img loading=\"lazy\" decoding=\"async\" width=\"951\" height=\"1024\" src=\"https:\/\/institutferresamat.com\/wp-content\/uploads\/2026\/04\/IMG_7114-951x1024.jpg\" alt=\"\" class=\"wp-image-1361\" srcset=\"https:\/\/institutferresamat.com\/wp-content\/uploads\/2026\/04\/IMG_7114-951x1024.jpg 951w, https:\/\/institutferresamat.com\/wp-content\/uploads\/2026\/04\/IMG_7114-279x300.jpg 279w, https:\/\/institutferresamat.com\/wp-content\/uploads\/2026\/04\/IMG_7114-768x827.jpg 768w, https:\/\/institutferresamat.com\/wp-content\/uploads\/2026\/04\/IMG_7114.jpg 1170w\" sizes=\"auto, (max-width: 951px) 100vw, 951px\" \/><\/a><\/figure>\n\n\n\n<p class=\"wp-container-content-0733e5d0\"><\/p>\n<\/div>\n\n\n\n<div class=\"wp-block-column is-layout-flow wp-block-column-is-layout-flow\" style=\"flex-basis:60%\">\n<p class=\"has-heading-font-family has-x-large-font-size\" style=\"line-height:1.2\"><strong>Tractaments quir\u00fargics de la boca i els maxil\u00b7lars amb precisi\u00f3 i seguretat. <\/strong><\/p>\n\n\n\n<div style=\"height:24px\" aria-hidden=\"true\" class=\"wp-block-spacer\"><\/div>\n\n\n\n<p class=\"has-heading-font-family has-x-large-font-size\" style=\"line-height:1.2\">Sempre prioritzant el teu benestar i recuperaci\u00f3.Treballem de manera multidisciplin\u00e0ria, coordinats amb odont\u00f2legs especialistes.<\/p>\n\n\n\n<div style=\"height:0px\" aria-hidden=\"true\" class=\"wp-block-spacer\"><\/div>\n\n\n\n<div class=\"wp-block-columns is-layout-flex wp-container-core-columns-is-layout-28f84493 wp-block-columns-is-layout-flex\">\n<div class=\"wp-block-column is-layout-flow wp-block-column-is-layout-flow\">\n<details class=\"wp-block-details is-layout-flow wp-block-details-is-layout-flow\"><summary><strong>TRACTAMENTS<\/strong><\/summary>\n<p style=\"line-height:1.8\">\u00b7 Traumatismes orals i maxil\u00b7lofacials<br>\u00b7 Patologia de les gl\u00e0ndules salivals<br>\u00b7 Tumors de la boca i la cara<br>\u00b7 Malformacions orofacials cong\u00e8nites<br>\u00b7 Alteracions de l\u2019erupci\u00f3 dent\u00e0ria<br>\u00b7 Defectes dentocraniofacials, cong\u00e8nits o adquirits<br>\u00b7 Patologia de l\u2019articulaci\u00f3 temporomandibular<\/p>\n\n\n\n<p><\/p>\n<\/details>\n<\/div>\n\n\n\n<div class=\"wp-block-column is-layout-flow wp-block-column-is-layout-flow\">\n<details class=\"wp-block-details is-layout-flow wp-container-core-details-is-layout-e3d1c41b wp-block-details-is-layout-flow\" style=\"border-style:none;border-width:0px\"><summary><strong>INTERVENCIONS<\/strong><\/summary>\n<p style=\"line-height:1.8\">\u00b7 Cirurgia oral (dentoalveolar)<br>\u00b7 Cirurgia implantol\u00f2gica<br>\u00b7 Cirurgia reconstructiva i regenerativa oral i maxil\u00b7lofacial<br>\u00b7 Traumatologia craneomaxil\u00b7lofacial i oral<br>\u00b7 Cirurgia ortogn\u00e0tica<br>\u00b7 Cirurgia de les gl\u00e0ndules salivals<br>\u00b7 Cirurgia est\u00e8tica facial (com l\u2019otopl\u00e0stia)<br>\u00b7 Cirurgia oral i maxil\u00b7lofacial pedi\u00e0trica<\/p>\n\n\n\n<p><\/p>\n\n\n\n<p><\/p>\n<\/details>\n<\/div>\n<\/div>\n<\/div>\n<\/div>\n<\/div>\n\n\n\n<div class=\"wp-block-buttons clean-button is-content-justification-center is-layout-flex wp-container-core-buttons-is-layout-a89b3969 wp-block-buttons-is-layout-flex\">\n<div class=\"wp-block-button\"><a class=\"wp-block-button__link has-background wp-element-button\" href=\"https:\/\/institutferresamat.com\/en\/especialitats\/\" style=\"background-color:#99ccff\">ESPECIALITATS<\/a><\/div>\n<\/div>\n\n\n\n<p><\/p>","protected":false},"excerpt":{"rendered":"<p>Tractaments quir\u00fargics de la boca i els maxil\u00b7lars amb precisi\u00f3 i seguretat. Sempre prioritzant el teu benestar i recuperaci\u00f3.Treballem de manera multidisciplin\u00e0ria, coordinats amb odont\u00f2legs especialistes.<\/p>","protected":false},"author":1,"featured_media":0,"parent":0,"menu_order":0,"comment_status":"closed","ping_status":"closed","template":"","meta":{"footnotes":""},"class_list":["post-1596","page","type-page","status-publish","hentry"],"_links":{"self":[{"href":"http:\/\/institutferresamat.com\/en\/wp-json\/wp\/v2\/pages\/1596","targetHints":{"allow":["GET"]}}],"collection":[{"href":"http:\/\/institutferresamat.com\/en\/wp-json\/wp\/v2\/pages"}],"about":[{"href":"http:\/\/institutferresamat.com\/en\/wp-json\/wp\/v2\/types\/page"}],"author":[{"embeddable":true,"href":"http:\/\/institutferresamat.com\/en\/wp-json\/wp\/v2\/users\/1"}],"replies":[{"embeddable":true,"href":"http:\/\/institutferresamat.com\/en\/wp-json\/wp\/v2\/comments?post=1596"}],"version-history":[{"count":6,"href":"http:\/\/institutferresamat.com\/en\/wp-json\/wp\/v2\/pages\/1596\/revisions"}],"predecessor-version":[{"id":1710,"href":"http:\/\/institutferresamat.com\/en\/wp-json\/wp\/v2\/pages\/1596\/revisions\/1710"}],"wp:attachment":[{"href":"http:\/\/institutferresamat.com\/en\/wp-json\/wp\/v2\/media?parent=1596"}],"curies":[{"name":"wp","href":"https:\/\/api.w.org\/{rel}","templated":true}]}}