{"id":1609,"date":"2026-04-12T21:49:50","date_gmt":"2026-04-12T21:49:50","guid":{"rendered":"https:\/\/institutferresamat.com\/?page_id=1609"},"modified":"2026-04-13T04:40:36","modified_gmt":"2026-04-13T04:40:36","slug":"atencio-internacional","status":"publish","type":"page","link":"http:\/\/institutferresamat.com\/en\/atencio-internacional\/","title":{"rendered":"Atenci\u00f3 Internacional"},"content":{"rendered":"<div class=\"wp-block-group alignfull has-accent-background-color has-background has-global-padding is-layout-constrained wp-container-core-group-is-layout-669513ed wp-block-group-is-layout-constrained\" style=\"margin-top:0;margin-bottom:0;padding-top:var(--wp--preset--spacing--50);padding-right:var(--wp--preset--spacing--50);padding-bottom:var(--wp--preset--spacing--50);padding-left:var(--wp--preset--spacing--50)\">\n<div class=\"wp-block-columns alignwide is-layout-flex wp-container-core-columns-is-layout-1da03c2a wp-block-columns-is-layout-flex\">\n<div class=\"wp-block-column is-vertically-aligned-stretch is-layout-flow wp-block-column-is-layout-flow\" style=\"flex-basis:50%\">\n<div class=\"wp-block-group is-vertical is-content-justification-stretch is-layout-flex wp-container-core-group-is-layout-444d5ee8 wp-block-group-is-layout-flex\" style=\"min-height:100%\">\n<p class=\"has-heading-font-family has-x-large-font-size\" style=\"line-height:1.2\"><strong>Vius a l\u2019estranger per\u00f2 vols continuar cuidant el teu somriure a Barcelona?<\/strong><\/p>\n\n\n\n<div style=\"height:42px\" aria-hidden=\"true\" class=\"wp-block-spacer wp-container-content-83393143\"><\/div>\n\n\n\n<p class=\"has-text-align-right has-heading-font-family has-x-large-font-size\" style=\"line-height:1.2\"><strong>Est\u00e0s de visita o acabes d\u2019arribar a Barcelona?<\/strong><\/p>\n\n\n\n<div style=\"height:22px\" aria-hidden=\"true\" class=\"wp-block-spacer wp-container-content-d62f4c8e\"><\/div>\n\n\n\n<p>Acompanyem pacients que viuen a l\u2019estranger i pacients internacionals a Barcelona amb una atenci\u00f3 personalitzada i en diferents idiomes. Ens adaptem perqu\u00e8 et sentis c\u00f2mode, segur i ben acompanyat en tot moment.<\/p>\n\n\n\n<div class=\"wp-block-group has-global-padding is-content-justification-left is-layout-constrained wp-container-core-group-is-layout-9fe8ed88 wp-block-group-is-layout-constrained\"><\/div>\n<\/div>\n<\/div>\n\n\n\n<div class=\"wp-block-column is-vertically-aligned-center is-layout-flow wp-block-column-is-layout-flow\" style=\"flex-basis:50%\">\n<figure class=\"wp-block-image size-large is-resized is-style-rounded is-style-rounded--1\"><img loading=\"lazy\" decoding=\"async\" width=\"760\" height=\"1024\" src=\"https:\/\/institutferresamat.com\/wp-content\/uploads\/2026\/04\/Captura-de-pantalla-2026-04-12-a-les-14.48.22-760x1024.png\" alt=\"\" class=\"wp-image-1610\" style=\"aspect-ratio:0.75;object-fit:cover;width:355px;height:auto\" srcset=\"https:\/\/institutferresamat.com\/wp-content\/uploads\/2026\/04\/Captura-de-pantalla-2026-04-12-a-les-14.48.22-760x1024.png 760w, https:\/\/institutferresamat.com\/wp-content\/uploads\/2026\/04\/Captura-de-pantalla-2026-04-12-a-les-14.48.22-223x300.png 223w, https:\/\/institutferresamat.com\/wp-content\/uploads\/2026\/04\/Captura-de-pantalla-2026-04-12-a-les-14.48.22-768x1034.png 768w, https:\/\/institutferresamat.com\/wp-content\/uploads\/2026\/04\/Captura-de-pantalla-2026-04-12-a-les-14.48.22-9x12.png 9w, https:\/\/institutferresamat.com\/wp-content\/uploads\/2026\/04\/Captura-de-pantalla-2026-04-12-a-les-14.48.22.png 946w\" sizes=\"auto, (max-width: 760px) 100vw, 760px\" \/><\/figure>\n\n\n\n<p><\/p>\n<\/div>\n<\/div>\n<\/div>\n\n\n\n<div class=\"wp-block-buttons clean-button is-content-justification-center is-layout-flex wp-container-core-buttons-is-layout-a89b3969 wp-block-buttons-is-layout-flex\">\n<div class=\"wp-block-button\"><a class=\"wp-block-button__link has-background wp-element-button\" href=\"https:\/\/institutferresamat.com\/en\/especialitats\/\" style=\"background-color:#99ccff\">ESPECIALITATS<\/a><\/div>\n<\/div>\n\n\n\n<p><\/p>","protected":false},"excerpt":{"rendered":"<p>Vius a l\u2019estranger per\u00f2 vols continuar cuidant el teu somriure a Barcelona? Est\u00e0s de visita o acabes d\u2019arribar a Barcelona? Acompanyem pacients que viuen a l\u2019estranger i pacients internacionals a Barcelona amb una atenci\u00f3 personalitzada i en diferents idiomes. Ens adaptem perqu\u00e8 et sentis c\u00f2mode, segur i ben acompanyat en tot moment.<\/p>","protected":false},"author":1,"featured_media":0,"parent":0,"menu_order":0,"comment_status":"closed","ping_status":"closed","template":"","meta":{"footnotes":""},"class_list":["post-1609","page","type-page","status-publish","hentry"],"_links":{"self":[{"href":"http:\/\/institutferresamat.com\/en\/wp-json\/wp\/v2\/pages\/1609","targetHints":{"allow":["GET"]}}],"collection":[{"href":"http:\/\/institutferresamat.com\/en\/wp-json\/wp\/v2\/pages"}],"about":[{"href":"http:\/\/institutferresamat.com\/en\/wp-json\/wp\/v2\/types\/page"}],"author":[{"embeddable":true,"href":"http:\/\/institutferresamat.com\/en\/wp-json\/wp\/v2\/users\/1"}],"replies":[{"embeddable":true,"href":"http:\/\/institutferresamat.com\/en\/wp-json\/wp\/v2\/comments?post=1609"}],"version-history":[{"count":7,"href":"http:\/\/institutferresamat.com\/en\/wp-json\/wp\/v2\/pages\/1609\/revisions"}],"predecessor-version":[{"id":1708,"href":"http:\/\/institutferresamat.com\/en\/wp-json\/wp\/v2\/pages\/1609\/revisions\/1708"}],"wp:attachment":[{"href":"http:\/\/institutferresamat.com\/en\/wp-json\/wp\/v2\/media?parent=1609"}],"curies":[{"name":"wp","href":"https:\/\/api.w.org\/{rel}","templated":true}]}}