{"id":1714,"date":"2026-04-13T05:07:25","date_gmt":"2026-04-13T05:07:25","guid":{"rendered":"https:\/\/institutferresamat.com\/?page_id=1714"},"modified":"2026-04-13T05:38:59","modified_gmt":"2026-04-13T05:38:59","slug":"odontopediatria-i-odontobebe","status":"publish","type":"page","link":"http:\/\/institutferresamat.com\/en\/odontopediatria-i-odontobebe\/","title":{"rendered":"Pediatric &amp; Baby Dentistry"},"content":{"rendered":"<div class=\"wp-block-group alignfull has-accent-background-color has-background has-global-padding is-layout-constrained wp-container-core-group-is-layout-669513ed wp-block-group-is-layout-constrained\" style=\"margin-top:0;margin-bottom:0;padding-top:var(--wp--preset--spacing--50);padding-right:var(--wp--preset--spacing--50);padding-bottom:var(--wp--preset--spacing--50);padding-left:var(--wp--preset--spacing--50)\">\n<div class=\"wp-block-columns alignwide is-layout-flex wp-container-core-columns-is-layout-1da03c2a wp-block-columns-is-layout-flex\">\n<div class=\"wp-block-column is-vertically-aligned-stretch is-layout-flow wp-block-column-is-layout-flow\" style=\"flex-basis:50%\">\n<div class=\"wp-block-group is-vertical is-content-justification-stretch is-layout-flex wp-container-core-group-is-layout-444d5ee8 wp-block-group-is-layout-flex\" style=\"min-height:100%\">\n<p class=\"has-heading-font-family has-x-large-font-size\" style=\"line-height:1.2\"><strong>A IFA l&#8217;odontopediatria \u00e9s educaci\u00f3, confian\u00e7a i una miqueta de m\u00e0gia.<\/strong><\/p>\n\n\n\n<div style=\"height:41px\" aria-hidden=\"true\" class=\"wp-block-spacer wp-container-content-29cb0303\"><\/div>\n\n\n\n<p class=\"has-text-align-right has-heading-font-family has-x-large-font-size\" style=\"line-height:1.2\">Un somriure sa comen\u00e7a amb una experi\u00e8ncia feli\u00e7.<\/p>\n<\/div>\n<\/div>\n\n\n\n<div class=\"wp-block-column is-vertically-aligned-center is-layout-flow wp-block-column-is-layout-flow\" style=\"flex-basis:50%\">\n<div class=\"wp-block-columns is-layout-flex wp-container-core-columns-is-layout-28f84493 wp-block-columns-is-layout-flex\">\n<div class=\"wp-block-column is-layout-flow wp-block-column-is-layout-flow\" style=\"flex-basis:100%\">\n<div class=\"wp-block-columns is-layout-flex wp-container-core-columns-is-layout-28f84493 wp-block-columns-is-layout-flex\">\n<div class=\"wp-block-column is-layout-flow wp-block-column-is-layout-flow\">\n<details class=\"wp-block-details has-small-font-size is-layout-flow wp-block-details-is-layout-flow\"><summary><strong>ODONTOBEB\u00c8<\/strong><\/summary>\n<p>Atenci\u00f3 dental preco\u00e7 per a nadons, centrada en la prevenci\u00f3 i l\u2019acompanyament familiar. Aconsellem fer una visita durant el primer any de vida. Dels 0 als 3 anys cal visitar al dentista un cop a l\u2019any.<\/p>\n<\/details>\n<\/div>\n\n\n\n<div class=\"wp-block-column is-layout-flow wp-block-column-is-layout-flow\">\n<details class=\"wp-block-details has-small-font-size is-layout-flow wp-block-details-is-layout-flow\"><summary><strong>ODONTOPEDIATRIA<\/strong><\/summary>\n<p>Volem que venir al dentista sigui una experi\u00e8ncia positiva. Durant l\u2019etapa infantil i juvenil, recomanem revisions dentals peri\u00f2diques cada 6 mesos.<\/p>\n<\/details>\n<\/div>\n\n\n\n<div class=\"wp-block-column is-layout-flow wp-block-column-is-layout-flow\">\n<details class=\"wp-block-details has-small-font-size is-layout-flow wp-block-details-is-layout-flow\"><summary><strong>CIRURGIA PEDI\u00c0TRICA<\/strong><\/summary>\n<p>Tractaments quir\u00fargics adaptats als infants, realitzats amb cura i precisi\u00f3. Acompanyem cada pas perqu\u00e8 visquin l\u2019experi\u00e8ncia amb tranquil\u00b7litat i confian\u00e7a.<\/p>\n<\/details>\n<\/div>\n<\/div>\n<\/div>\n<\/div>\n<\/div>\n<\/div>\n<\/div>\n\n\n\n<figure class=\"wp-block-image alignwide size-large\"><img loading=\"lazy\" decoding=\"async\" width=\"1024\" height=\"686\" src=\"https:\/\/institutferresamat.com\/wp-content\/uploads\/2026\/04\/institut-ferres-amat-ifa-barcelona-odontopediatria-odontobebe-elvira-1024x686.png\" alt=\"\" class=\"wp-image-1507\" srcset=\"https:\/\/institutferresamat.com\/wp-content\/uploads\/2026\/04\/institut-ferres-amat-ifa-barcelona-odontopediatria-odontobebe-elvira-1024x686.png 1024w, https:\/\/institutferresamat.com\/wp-content\/uploads\/2026\/04\/institut-ferres-amat-ifa-barcelona-odontopediatria-odontobebe-elvira-300x201.png 300w, https:\/\/institutferresamat.com\/wp-content\/uploads\/2026\/04\/institut-ferres-amat-ifa-barcelona-odontopediatria-odontobebe-elvira-768x515.png 768w, https:\/\/institutferresamat.com\/wp-content\/uploads\/2026\/04\/institut-ferres-amat-ifa-barcelona-odontopediatria-odontobebe-elvira-1536x1029.png 1536w, https:\/\/institutferresamat.com\/wp-content\/uploads\/2026\/04\/institut-ferres-amat-ifa-barcelona-odontopediatria-odontobebe-elvira-2048x1373.png 2048w\" sizes=\"auto, (max-width: 1024px) 100vw, 1024px\" \/><\/figure>\n\n\n\n<div class=\"wp-block-buttons clean-button is-content-justification-center is-layout-flex wp-container-core-buttons-is-layout-a89b3969 wp-block-buttons-is-layout-flex\">\n<div class=\"wp-block-button\"><a class=\"wp-block-button__link has-background wp-element-button\" style=\"background-color:#99ccff\">ESPECIALITATS<\/a><\/div>\n<\/div>\n\n\n\n<p><\/p>","protected":false},"excerpt":{"rendered":"<p>A IFA l&#8217;odontopediatria \u00e9s educaci\u00f3, confian\u00e7a i una miqueta de m\u00e0gia. Un somriure sa comen\u00e7a amb una experi\u00e8ncia feli\u00e7.<\/p>","protected":false},"author":1,"featured_media":0,"parent":0,"menu_order":0,"comment_status":"closed","ping_status":"closed","template":"","meta":{"footnotes":""},"class_list":["post-1714","page","type-page","status-publish","hentry"],"_links":{"self":[{"href":"http:\/\/institutferresamat.com\/en\/wp-json\/wp\/v2\/pages\/1714","targetHints":{"allow":["GET"]}}],"collection":[{"href":"http:\/\/institutferresamat.com\/en\/wp-json\/wp\/v2\/pages"}],"about":[{"href":"http:\/\/institutferresamat.com\/en\/wp-json\/wp\/v2\/types\/page"}],"author":[{"embeddable":true,"href":"http:\/\/institutferresamat.com\/en\/wp-json\/wp\/v2\/users\/1"}],"replies":[{"embeddable":true,"href":"http:\/\/institutferresamat.com\/en\/wp-json\/wp\/v2\/comments?post=1714"}],"version-history":[{"count":2,"href":"http:\/\/institutferresamat.com\/en\/wp-json\/wp\/v2\/pages\/1714\/revisions"}],"predecessor-version":[{"id":1727,"href":"http:\/\/institutferresamat.com\/en\/wp-json\/wp\/v2\/pages\/1714\/revisions\/1727"}],"wp:attachment":[{"href":"http:\/\/institutferresamat.com\/en\/wp-json\/wp\/v2\/media?parent=1714"}],"curies":[{"name":"wp","href":"https:\/\/api.w.org\/{rel}","templated":true}]}}