{"id":291,"date":"2013-06-23T02:03:43","date_gmt":"2013-06-23T02:03:43","guid":{"rendered":"http:\/\/institutferresamat.com\/?page_id=291"},"modified":"2026-04-12T02:27:25","modified_gmt":"2026-04-12T02:27:25","slug":"dr-eduard-ferres-padro","status":"publish","type":"page","link":"http:\/\/institutferresamat.com\/en\/dr-eduard-ferres-padro\/","title":{"rendered":"Dr. Eduard Ferr\u00e9s Padr\u00f3"},"content":{"rendered":"<figure class=\"wp-block-image alignright size-large is-resized is-style-rounded is-style-rounded--1\"><a href=\"http:\/\/institutferresamat.com\/wp-content\/uploads\/2026\/04\/eduard_ferres_padro_ifa-1.jpg\"><img loading=\"lazy\" decoding=\"async\" width=\"781\" height=\"1024\" src=\"http:\/\/institutferresamat.com\/wp-content\/uploads\/2026\/04\/eduard_ferres_padro_ifa-1-781x1024.jpg\" alt=\"\" class=\"wp-image-1185\" style=\"aspect-ratio:0.7627014163849919;width:291px;height:auto\" srcset=\"https:\/\/institutferresamat.com\/wp-content\/uploads\/2026\/04\/eduard_ferres_padro_ifa-1-781x1024.jpg 781w, https:\/\/institutferresamat.com\/wp-content\/uploads\/2026\/04\/eduard_ferres_padro_ifa-1-229x300.jpg 229w, https:\/\/institutferresamat.com\/wp-content\/uploads\/2026\/04\/eduard_ferres_padro_ifa-1-768x1008.jpg 768w, https:\/\/institutferresamat.com\/wp-content\/uploads\/2026\/04\/eduard_ferres_padro_ifa-1.jpg 1058w\" sizes=\"auto, (max-width: 781px) 100vw, 781px\" \/><\/a><\/figure>\n\n\n\n<h4 class=\"wp-block-heading\"><strong>Curriculum Acad\u00e8mic<\/strong><\/h4>\n\n\n\n<p>Llicenciat en Medicina i Cirurgia \u2028Universitat Aut\u00f3noma de Barcelona (1979)<\/p>\n\n\n\n<p>Especialista en Estomatologia Universitat de Barcelona (1981)<\/p>\n\n\n\n<p>Especialista en Cirurgia Oral i Maxil\u00b7lofacial. Hospital Universitari de la Vall d\u2019Hebron. Universitat Aut\u00f3noma de Barcelona (1984)<\/p>\n\n\n\n<p><strong>Doctor en Medicina i Cirurgia <\/strong>\u201dCum Laude\u201d \u2028Universitat Internacional de&nbsp;Catalunya (2008)<\/p>\n\n\n\n<p>Director del Diploma de Postgrau en Implantolog\u00eda Oral. Cirurgia Pr\u00f3tesis de la Universitat de Girona (UdG)\/Fund. InterAc Salut. (ACMSCB, SCBCMFO &nbsp;i COEC). (2015-2023).<\/p>\n\n\n\n<p>Investigador associat del Regenerative Medicine Research Institute.UIC,&nbsp;(Prof. Dr. Maher Atari) Universitat Internacional de Catalunya. (2015-2018).<\/p>\n\n\n\n<p>Membre del Consell Cient\u00edfic de la Fundaci\u00f3 Hospital de Nens de Barcelona. (2011-2023)<\/p>\n\n\n\n<p>Membre del Comit\u00e9 Etic d\u2019Investigaci\u00f3 Cl\u00ednica (CEIC) de la Clinica Universitaria d\u2019Odontologia. Facultat d\u2019Odontologia&nbsp;UIC, Sant Cugat del Vall\u00e9s, Barcelona. (2008-2014).<\/p>\n\n\n\n<p>Professor i Director del Departament de Patologia M\u00e8dico Quir\u00fargica de la&nbsp;Facultat d\u2019Odontologia. Universitat Internacional de Catalunya. (1998-2012).<\/p>\n\n\n\n<h4 class=\"wp-block-heading\"><strong>Experi\u00e8ncia Professional<\/strong><\/h4>\n\n\n\n<p>Director M\u00e8dic de l\u2019Institut Ferr\u00e9s Amat (IFA).<br>Col.legiat COMB 14366.<br>Consultor cirurgia OMF de la Cl\u00ednica Corachan (Barcelona)<br>Consultor cirurgia OMF de la Cl\u00ednica Sagrada Familia (Barcelona)<br>Consultor cirurgia OMF del Centre M\u00e8dic Digest (Badalona).<\/p>\n\n\n\n<p>Ex-Cap del Servei de Cirurgia Oral i Maxil\u00b7lofacial de la Fundaci\u00f3 Hospital de Nens de Barcelona. (2021)<br>Fundador del Grup d\u2019Implantologia Clinica (1988).<br>Director-Fundador Unitat de Cirurgia Oral i Maxil\u00b7lofacial de l\u2019Hospital&nbsp;Universitari del Mar (1984-1995).<\/p>\n\n\n\n<h4 class=\"wp-block-heading\"><strong>Publicacions\/Publications &#8211;&nbsp;<\/strong>60 articles<\/h4>\n\n\n\n<p><a href=\"https:\/\/pubmed.ncbi.nlm.nih.gov\/?term=Ferres-Padr\u00f3+E\" target=\"_blank\" rel=\"noopener\">PubMed &#8211; Link<\/a><\/p>\n\n\n\n<p><a href=\"http:\/\/orcid.org\/0000-0002-9710-3131\" target=\"_blank\" rel=\"noopener\">ORCID &#8211; Link<\/a><\/p>\n\n\n\n<p><a href=\"https:\/\/scholar.google.es\/citations?user=X7JMkQgAAAAJ&amp;hl=es\" target=\"_blank\" rel=\"noopener\">Scholar Google &#8211; Link<\/a><\/p>\n\n\n\n<pre class=\"wp-block-preformatted has-small-font-size\">EFP\/MFA 10\/04\/2026<\/pre>\n\n\n\n<p><strong>&nbsp;<\/strong><\/p>\n\n\n\n<div class=\"wp-block-buttons clean-button is-content-justification-center is-layout-flex wp-container-core-buttons-is-layout-a89b3969 wp-block-buttons-is-layout-flex\">\n<div class=\"wp-block-button\"><a class=\"wp-block-button__link has-background wp-element-button\" href=\"https:\/\/institutferresamat.com\/en\/qui-som\/equip\/\" style=\"background-color:#99ccff\">TEAM<\/a><\/div>\n<\/div>\n\n\n\n<p><\/p>","protected":false},"excerpt":{"rendered":"<p>Curriculum Acad\u00e8mic Llicenciat en Medicina i Cirurgia \u2028Universitat Aut\u00f3noma de Barcelona (1979) Especialista en Estomatologia Universitat de Barcelona (1981) Especialista en Cirurgia Oral i Maxil\u00b7lofacial. Hospital Universitari de la Vall d\u2019Hebron. Universitat Aut\u00f3noma de Barcelona (1984) Doctor en Medicina i Cirurgia \u201dCum Laude\u201d \u2028Universitat Internacional de&nbsp;Catalunya (2008) Director del Diploma de Postgrau en Implantolog\u00eda Oral. [&hellip;]<\/p>\n","protected":false},"author":1,"featured_media":0,"parent":0,"menu_order":0,"comment_status":"closed","ping_status":"open","template":"","meta":{"footnotes":""},"class_list":["post-291","page","type-page","status-publish","hentry"],"_links":{"self":[{"href":"http:\/\/institutferresamat.com\/en\/wp-json\/wp\/v2\/pages\/291","targetHints":{"allow":["GET"]}}],"collection":[{"href":"http:\/\/institutferresamat.com\/en\/wp-json\/wp\/v2\/pages"}],"about":[{"href":"http:\/\/institutferresamat.com\/en\/wp-json\/wp\/v2\/types\/page"}],"author":[{"embeddable":true,"href":"http:\/\/institutferresamat.com\/en\/wp-json\/wp\/v2\/users\/1"}],"replies":[{"embeddable":true,"href":"http:\/\/institutferresamat.com\/en\/wp-json\/wp\/v2\/comments?post=291"}],"version-history":[{"count":22,"href":"http:\/\/institutferresamat.com\/en\/wp-json\/wp\/v2\/pages\/291\/revisions"}],"predecessor-version":[{"id":1537,"href":"http:\/\/institutferresamat.com\/en\/wp-json\/wp\/v2\/pages\/291\/revisions\/1537"}],"wp:attachment":[{"href":"http:\/\/institutferresamat.com\/en\/wp-json\/wp\/v2\/media?parent=291"}],"curies":[{"name":"wp","href":"https:\/\/api.w.org\/{rel}","templated":true}]}}