{"id":300,"date":"2013-06-23T02:17:27","date_gmt":"2013-06-23T02:17:27","guid":{"rendered":"http:\/\/institutferresamat.com\/?page_id=300"},"modified":"2026-04-12T02:29:23","modified_gmt":"2026-04-12T02:29:23","slug":"dra-elvira-ferres-amat","status":"publish","type":"page","link":"http:\/\/institutferresamat.com\/en\/dra-elvira-ferres-amat\/","title":{"rendered":"Dra. Elvira Ferr\u00e9s Amat"},"content":{"rendered":"<figure class=\"wp-block-image alignright size-large is-resized is-style-rounded is-style-rounded--1\"><img loading=\"lazy\" decoding=\"async\" width=\"954\" height=\"1024\" src=\"https:\/\/institutferresamat.com\/wp-content\/uploads\/2026\/04\/elvira_ferres_amat_ifa-954x1024.jpg\" alt=\"\" class=\"wp-image-1182\" style=\"aspect-ratio:0.9316769965585981;width:351px;height:auto\" srcset=\"https:\/\/institutferresamat.com\/wp-content\/uploads\/2026\/04\/elvira_ferres_amat_ifa-954x1024.jpg 954w, https:\/\/institutferresamat.com\/wp-content\/uploads\/2026\/04\/elvira_ferres_amat_ifa-279x300.jpg 279w, https:\/\/institutferresamat.com\/wp-content\/uploads\/2026\/04\/elvira_ferres_amat_ifa-768x825.jpg 768w, https:\/\/institutferresamat.com\/wp-content\/uploads\/2026\/04\/elvira_ferres_amat_ifa-1431x1536.jpg 1431w, https:\/\/institutferresamat.com\/wp-content\/uploads\/2026\/04\/elvira_ferres_amat_ifa-1908x2048.jpg 1908w\" sizes=\"auto, (max-width: 954px) 100vw, 954px\" \/><\/figure>\n\n\n\n<p><\/p>\n\n\n\n<p class=\"has-large-font-size\"><strong>Curriculum Acad\u00e8mic<\/strong><\/p>\n\n\n\n<p class=\"has-medium-font-size\"><strong><br><\/strong>Llicenciada en Odontologia<br>Universitat Internacional de Catalunya (2004).<\/p>\n\n\n\n<p>Diploma Estudis Avan\u00e7ats (Sufici\u00e8ncia Investigadora). Universitat Internacional de Catalunya (2006).<\/p>\n\n\n\n<p>Doctora en Odontologia \u201dCum Laude\u201d.<br>Universitat Internacional de Catalunya (2008).<\/p>\n\n\n\n<p>Professora Adjunta d&#8217;universitat, UIC, acreditada ANECA (2022)<\/p>\n\n\n\n<p>Formaci\u00f3 -Resid\u00e8ncia Cl\u00ednica- en Odontopediatria<br>Fundaci\u00f3 Hospital de Nens de Barcelona (2004-2007).<\/p>\n\n\n\n<p>Dental training for the Restorative Dentist.<br>NOVA Southeastern University, College of Dental Medicine. Fort Lauderdale (Florida,USA). February 2006.<\/p>\n\n\n\n<p>Internship program as part of the educational agreement between Nova Southeastern University (NSU) and Universitat Internacional de Catalunya. (UIC), Investigation in oral implantology. Febrer 2006.<\/p>\n\n\n\n<p>Post-graduate Program in Oral Implantology.<br>UCLA University of California Los Angeles School of Dentistry.&nbsp;Continuing Dental Education. (2012).<\/p>\n\n\n\n<p>Postgrau en Ortod\u00f2ncia.<br>Societat Catalana d\u2019Odontologia i Estomatologia (SCOE)<br>Acad\u00e8mia de Ci\u00e8ncies M\u00e8diques i de la Salut de Catalunya i Balears (2014-2015).<\/p>\n\n\n\n<p>Certificaci\u00f3 Oficial en Ortodoncia Invisible.<br>Invisalign Provider, Align Technology (2017).<\/p>\n\n\n\n<p>Postgrau en Ortodoncia Invisible. Invisalign, Align Technology (2018).<\/p>\n\n\n\n<p>Experta Universit\u00e0ria en Lactancia Materna, Universitat Ramon Llull (2021)<\/p>\n\n\n\n<p class=\"has-large-font-size\"><strong>Curriculum Docent<\/strong><\/p>\n\n\n\n<p>Professora Adjunta d&#8217;universitat, UIC, acreditada ANECA (2022)<\/p>\n\n\n\n<p>1er Sexenni d&#8217;investigaci\u00f3 acreditada ANECA (2021)<\/p>\n\n\n\n<p>Lecturer-Researcher in Pediatric Dentistry, Facultat Odontologia UIC (2021)<\/p>\n\n\n\n<p>Professora doctora de universidad privada (PUP) acreditada ANECA (2016)<\/p>\n\n\n\n<p>Professora Associada del Dpt. de Patologia M\u00e8dico Quir\u00fargica Oral de la Facultat d\u2019Odontologia de la Universitat Internacional de Catalunya (UIC). (2006-actualitat)<\/p>\n\n\n\n<p>Professora Encarregada de l\u2019assignatura Anestesia en Odontologia de la Facultat d\u2019Odontologia de la Universitat Internacional de Catalunya (UIC). (2012-actualitat)<\/p>\n\n\n\n<p>Professora Agregada del Departament d&#8217; Odontopediatria de la Facultat d\u2019Odontologia de la Universitat Internacional de Catalunya (UIC). (2022-actualitat)<\/p>\n\n\n\n<p>Professora Associada del International M\u00e0ster en Implantologia Oral. Cirurgia i Pr\u00f3tesis de la Facultat d\u2019Odontologia de la Universitat Internacional de Catalunya (UIC). (2007-2012)<\/p>\n\n\n\n<p>Professora Associada del M\u00e0ster en Odontopediatria Integral de la Facultat d\u2019Odontologia de la Universitat Internacional de Catalunya (UIC). (2011-2021)<\/p>\n\n\n\n<p>Professora Adjunta del M\u00e0ster en Odontopediatria Integral de la Facultat d\u2019Odontologia de la Universitat Internacional de Catalunya (UIC). (2021-actualitat)<\/p>\n\n\n\n<p>Professora Associada del International M\u00e0ster in Oral Surgery (IMOS) de la Facultat d\u2019Odontologia de la Universitat Internacional de Catalunya (UIC). (2013-actualitat)<\/p>\n\n\n\n<p class=\"has-large-font-size\"><strong>Experi\u00e8ncia Professional<\/strong><\/p>\n\n\n\n<p>Directora d\u2019Odontologia de l\u2019Institut Ferr\u00e9s Amat (IFA).<\/p>\n\n\n\n<p>Responsable de l\u2019\u00c0rea d\u2019Odontopediatria de l\u2019Institut Ferr\u00e9s Amat  (2011-actualitat)<\/p>\n\n\n\n<p>Responsable de l\u2019\u00c0rea d\u2019Ortod\u00f2ncia de l\u2019Institut Ferr\u00e9s Amat (2012-actualitat)<\/p>\n\n\n\n<p>Responsable de l\u2019\u00c0rea d\u2019Ortod\u00f2ncia Invisible de l\u2019Institut Ferr\u00e9s Amat (2017-actualitat)<\/p>\n\n\n\n<p>Especialista del Servei d\u2019Odontopediatria de l\u2019Hospital de Nens de Barcelona. (2004-2021)<\/p>\n\n\n\n<p>Odont\u00f2loga del Servei de Cirurgia Oral i Maxil\u00b7lofacial de l\u2019 Hospital de Nens de Barcelona. (2004-2021)<\/p>\n\n\n\n<p>Odont\u00f2loga de l\u2019equip de Cirurgia Oral i Maxil\u00b7lofacial-IFA-Cl\u00ednica Sagrada Familia. (2004-actualitat)<\/p>\n\n\n\n<p>Odont\u00f2loga de l\u2019equip de Cirurgia Oral i Maxil\u00b7lofacial-IFA-Cl\u00ednica Corachan. (2023-actualitat)<\/p>\n\n\n\n<p class=\"has-large-font-size\"><strong>Altres<\/strong><\/p>\n\n\n\n<p>Col\u00b7legiada COEC 4384.<\/p>\n\n\n\n<p>Membre de l\u2019Acad\u00e8mia de Ci\u00e8ncies M\u00e8diques i de la Salut de Catalunya i Balears (ACMSCB)<\/p>\n\n\n\n<p>Membre de la Societat Catalana d\u2019Odontologia i Estomatologia (SCOE)<\/p>\n\n\n\n<p>Membre numeraria de la Sociedad Espa\u00f1ola de Odontopediatria (SEOP)<\/p>\n\n\n\n<p>Member de la International Association of Dental Traumatology (IADT)<\/p>\n\n\n\n<p>Membre del Consell Cient\u00edfic de la Fundaci\u00f3 Hospital de Nens de Barcelona, Barcelona, (2011-2023).<\/p>\n\n\n\n<p class=\"has-large-font-size\"><strong>Publicacions\/Publications &#8211; 25<\/strong><\/p>\n\n\n\n<p><a href=\"https:\/\/pubmed.ncbi.nlm.nih.gov\/?term=Ferr%C3%A9s-Amat+E\" target=\"_blank\" rel=\"noopener\">PubMed &#8211; Link<\/a><\/p>\n\n\n\n<p><a href=\"http:\/\/orcid.org\/0000-0003-1156-0743\" target=\"_blank\" rel=\"noopener\">ORCID &#8211; Llink<\/a><\/p>\n\n\n\n<p><\/p>\n\n\n\n<p class=\"has-large-font-size\"><strong>Projectes d\u2019investigaci\u00f3\u2028<\/strong><\/p>\n\n\n\n<p><br>1. Paediatric Dentistry<br>2. Oral Implantology and Reconstructive Surgery<br>3. Paediatric Oral and Maxillofacial Surgery<\/p>\n\n\n\n<p><\/p>\n\n\n\n<p style=\"font-size:0.4rem\">Elvira FA\/MFA 29\/07\/2024<\/p>\n\n\n\n<div class=\"wp-block-buttons clean-button is-content-justification-center is-layout-flex wp-container-core-buttons-is-layout-a89b3969 wp-block-buttons-is-layout-flex\">\n<div class=\"wp-block-button\"><a class=\"wp-block-button__link has-background wp-element-button\" href=\"https:\/\/institutferresamat.com\/en\/qui-som\/equip\/\" style=\"background-color:#99ccff\">TEAM<\/a><\/div>\n<\/div>\n\n\n\n<p><\/p>","protected":false},"excerpt":{"rendered":"<p>Curriculum Acad\u00e8mic Llicenciada en OdontologiaUniversitat Internacional de Catalunya (2004). Diploma Estudis Avan\u00e7ats (Sufici\u00e8ncia Investigadora). Universitat Internacional de Catalunya (2006). Doctora en Odontologia \u201dCum Laude\u201d.Universitat Internacional de Catalunya (2008). Professora Adjunta d&#8217;universitat, UIC, acreditada ANECA (2022) Formaci\u00f3 -Resid\u00e8ncia Cl\u00ednica- en OdontopediatriaFundaci\u00f3 Hospital de Nens de Barcelona (2004-2007). Dental training for the Restorative Dentist.NOVA Southeastern University, College [&hellip;]<\/p>\n","protected":false},"author":1,"featured_media":0,"parent":0,"menu_order":0,"comment_status":"closed","ping_status":"open","template":"","meta":{"footnotes":""},"class_list":["post-300","page","type-page","status-publish","hentry"],"_links":{"self":[{"href":"http:\/\/institutferresamat.com\/en\/wp-json\/wp\/v2\/pages\/300","targetHints":{"allow":["GET"]}}],"collection":[{"href":"http:\/\/institutferresamat.com\/en\/wp-json\/wp\/v2\/pages"}],"about":[{"href":"http:\/\/institutferresamat.com\/en\/wp-json\/wp\/v2\/types\/page"}],"author":[{"embeddable":true,"href":"http:\/\/institutferresamat.com\/en\/wp-json\/wp\/v2\/users\/1"}],"replies":[{"embeddable":true,"href":"http:\/\/institutferresamat.com\/en\/wp-json\/wp\/v2\/comments?post=300"}],"version-history":[{"count":26,"href":"http:\/\/institutferresamat.com\/en\/wp-json\/wp\/v2\/pages\/300\/revisions"}],"predecessor-version":[{"id":1539,"href":"http:\/\/institutferresamat.com\/en\/wp-json\/wp\/v2\/pages\/300\/revisions\/1539"}],"wp:attachment":[{"href":"http:\/\/institutferresamat.com\/en\/wp-json\/wp\/v2\/media?parent=300"}],"curies":[{"name":"wp","href":"https:\/\/api.w.org\/{rel}","templated":true}]}}