{"id":305,"date":"2013-06-23T02:21:34","date_gmt":"2013-06-23T02:21:34","guid":{"rendered":"http:\/\/institutferresamat.com\/?page_id=305"},"modified":"2026-04-12T02:30:50","modified_gmt":"2026-04-12T02:30:50","slug":"llic-eduard-ferres-amat","status":"publish","type":"page","link":"http:\/\/institutferresamat.com\/en\/llic-eduard-ferres-amat\/","title":{"rendered":"Dr. Eduard Ferr\u00e9s Amat"},"content":{"rendered":"<figure class=\"wp-block-image alignright is-resized is-style-rounded is-style-rounded--1\"><a href=\"http:\/\/institutferresamat.com\/wp-content\/uploads\/2024\/09\/eduard-ferres-amat-ifa-institut-ferres-amat.jpg\"><img loading=\"lazy\" decoding=\"async\" width=\"245\" height=\"300\" src=\"http:\/\/institutferresamat.com\/wp-content\/uploads\/2024\/09\/eduard-ferres-amat-ifa-institut-ferres-amat-245x300.jpg\" alt=\"\" class=\"wp-image-1133\" style=\"width:332px;height:auto\" srcset=\"https:\/\/institutferresamat.com\/wp-content\/uploads\/2024\/09\/eduard-ferres-amat-ifa-institut-ferres-amat-245x300.jpg 245w, https:\/\/institutferresamat.com\/wp-content\/uploads\/2024\/09\/eduard-ferres-amat-ifa-institut-ferres-amat-835x1024.jpg 835w, https:\/\/institutferresamat.com\/wp-content\/uploads\/2024\/09\/eduard-ferres-amat-ifa-institut-ferres-amat-768x942.jpg 768w, https:\/\/institutferresamat.com\/wp-content\/uploads\/2024\/09\/eduard-ferres-amat-ifa-institut-ferres-amat.jpg 1170w\" sizes=\"auto, (max-width: 245px) 100vw, 245px\" \/><\/a><\/figure>\n\n\n\n<p><\/p>\n\n\n\n<p class=\"has-large-font-size\"><strong>Curriculum Acad\u00e8mic<\/strong><\/p>\n\n\n\n<p>Llicenciat en Odontologia Universitat Internacional de Catalunya (2011).<\/p>\n\n\n\n<p>M\u00e0ster Oficial Universitari en Recerca Cl\u00ednica i Materials (MSc). Universitat Internacional de Catalunya (2013).<\/p>\n\n\n\n<p>Doctor en Odontolog\u00eda Universidad Cat\u00f3lica de Murcia (2017).<\/p>\n\n\n\n<p>M\u00e0ster en Implantolog\u00eda, Periodoncia, Regeneraci\u00f3n \u00d3sea, Tisular y Pr\u00f3tesis&nbsp;implantosoportada. Facultad de Medicina y Odontolog\u00eda. Universidad Cat\u00f3lica San Antonio de Murcia (UCAM) (2017).<\/p>\n\n\n\n<p>Investigador pre-doctoral del Laboratori de Medicina Regenerativa (Director Dr.Maher Atari) Linia d\u2019investigaci\u00f3 en c\u00e9l\u00b7lules mare. Universitat Internacional de Catalunya (2011-2013).<\/p>\n\n\n\n<p>Investigador pre y post-doctoral del Murcia Biomaterials; Implants Research Group -MBIRG- (Director Prof. Jos\u00e9 Luis Calvo-Guirado). Universidad de M\u00farcia (2013-2015) UCAM (2015-2021).<\/p>\n\n\n\n<p>Resid\u00e8ncia Cl\u00ednica en Cirurgia Oral Servei de Cirurgia Oral i Maxil\u00b7lofacial. Hospital de Nens de Barcelona (2011-2016).<\/p>\n\n\n\n<p>Post-graduate Program in Oral Implantology. UCLA University of California Los Angeles. School of Dentistry Continuing Dental Education (2012).<\/p>\n\n\n\n<p>Postgrau en Pr\u00f2tesi. Societat Catalana d\u2019Odontologia i Estomatologia (SCOE).&nbsp;Acad\u00e8mia de Ci\u00e8ncies M\u00e8diques i de la Salut de Catalunya i Balears (2013).<\/p>\n\n\n\n<p class=\"has-large-font-size\"><strong>Curriculum Docent<\/strong><\/p>\n\n\n\n<p>Professor Associat del Departament de Medicina Oral i Maxil\u00b7lofacial i Salud P\u00fablica Oral de la Facultat d\u2019Odontologia de la Universitat Internacional de Catalunya (2015-actualitat).<\/p>\n\n\n\n<p>Professor Cl\u00ednic i Conferenciant de la Diplomatura de Postgrau en Implantolog\u00eda Oral. Cirurgia i Pr\u00f3tesis de la Universitat de Girona (UdG)\/Fundaci\u00f3 InterAc Salut, SCBCMFO i COEC (2014-2023).<\/p>\n\n\n\n<p>Professor Visitant del Master en Implantolog\u00eda, Periodoncia, Regeneraci\u00f3n&nbsp;\u00d3sea, Tisular y Pr\u00f3tesis implantosoportada. Facultad de Medicina y Odontolog\u00eda. Universidad Cat\u00f3lica San Antonio de Murcia (UCAM) (2019-actualitat).<\/p>\n\n\n\n<p class=\"has-large-font-size\"><strong>Experi\u00e8ncia Professional\u2028<\/strong><\/p>\n\n\n\n<p>Responsable de l\u2019\u00c0rea d\u2019Implantologia, Periodoncia i Cirurgia mucogingival de l\u2019Institut Ferr\u00e9s Amat (2011-actualitat)<\/p>\n\n\n\n<p>Responsable de l\u2019\u00c0rea de Pr\u00f3tesis i Rehabilitaci\u00f3n Oral i Restauradora de&nbsp;l\u2019Institut Ferr\u00e9s Amat (2011-actualitat)<\/p>\n\n\n\n<p>Especialista del Servei d\u2019Odontologia Juvenil de l\u2019Hospital de Nens de&nbsp;Barcelona. (2016-2021)<\/p>\n\n\n\n<p>Odont\u00f2leg del Servei de Cirurgia Oral i Maxil\u00b7lofacial de l\u2019Hospital de Nens de Barcelona. (2011-2021)<\/p>\n\n\n\n<p>Odont\u00f2leg de l\u2019equip de Cirurgia Oral i Maxil\u00b7lofacial-IFA- Cl\u00ednica Sagrada&nbsp;Familia. (2011-actualitat)<\/p>\n\n\n\n<p>Odont\u00f2leg de l\u2019equip de Cirurgia Oral i Maxil\u00b7lofacial-IFA- Cl\u00ednica Corachan&nbsp;(2023-actualitat)<\/p>\n\n\n\n<p>Responsable de Pr\u00f2tesi i Rehabilitaci\u00f3 Oral implantosoportada de l\u2019Instituto&nbsp;Dom\u00ednguez-Serra, Cirug\u00eda Maxilofacial y Odontolog\u00eda, Barcelona (2013-2017)<\/p>\n\n\n\n<p>Odont\u00f2leg del Centre Can Mora, Sant Cugat de Vall\u00e8s, Barcelona (2018-2021)<\/p>\n\n\n\n<p>Odont\u00f3leg del Institut d\u2019Odontologia i Maxil\u00b7lofacial Avan\u00e7ada (IOMA) de la<br>Cl\u00ednica Sant Josep. Fundaci\u00f3 ALTHAIA, Manresa (2018-2021)<\/p>\n\n\n\n<p class=\"has-large-font-size\"><strong>Altres<\/strong><\/p>\n\n\n\n<p>Col\u00b7legiat COEC 6161<\/p>\n\n\n\n<p>Membre de la Societat Catalana d\u2019Odontologia i Estomatologia (SCOE)<\/p>\n\n\n\n<p>Membre de la Sociedad Espa\u00f1ola de Pr\u00f3tesis Estomatol\u00f3gica (SEPES)<\/p>\n\n\n\n<p class=\"has-large-font-size\"><strong>Publicacions\u2028 7<\/strong><\/p>\n\n\n\n<p><strong>Master Thesis.<\/strong><br><strong>Ferr\u00e9s Amat E<\/strong>. In vitro evaluation of the adhesion capacity of a protein on a titanium modified surface after bone insertion. Director: Dr. Maher Atari Abou-Asi, Laboratory of Medicine Regenerative, Faculty of Dentistry, Universitat Internacional de Catalunya; 2012.<\/p>\n\n\n\n<p><a href=\"https:\/\/pubmed.ncbi.nlm.nih.gov\/?term=Ferr%C3%A9s-Amat%2C+Eduard\" target=\"_blank\" rel=\"noopener\">PubMed &#8211; Link<\/a><\/p>\n\n\n\n<p><a href=\"http:\/\/orcid.org\/0000-0002-3742-9770\" target=\"_blank\" rel=\"noopener\">ORCID -Link<\/a><\/p>\n\n\n\n<p><\/p>\n\n\n\n<p class=\"has-large-font-size\"><strong>Projectes d\u2019investigaci\u00f3\u2028<\/strong><\/p>\n\n\n\n<p><br>1. Regenerative Medicine, Biotechnology and tissue regeneration.<br>2. Oral Implantology and Reconstructive Surgery<br>3. Paediatric Oral and Maxillofacial Surgery<\/p>\n\n\n\n<p>Eduard FA\/MFA 27\/07\/2024<\/p>\n\n\n\n<div class=\"wp-block-buttons is-content-justification-center is-layout-flex wp-container-core-buttons-is-layout-a89b3969 wp-block-buttons-is-layout-flex\">\n<div class=\"wp-block-button clean-button\"><a class=\"wp-block-button__link has-background wp-element-button\" href=\"https:\/\/institutferresamat.com\/en\/qui-som\/equip\/\" style=\"background-color:#99ccff\">TEAM<\/a><\/div>\n<\/div>\n\n\n\n<p><\/p>","protected":false},"excerpt":{"rendered":"<p>Curriculum Acad\u00e8mic Llicenciat en Odontologia Universitat Internacional de Catalunya (2011). M\u00e0ster Oficial Universitari en Recerca Cl\u00ednica i Materials (MSc). Universitat Internacional de Catalunya (2013). Doctor en Odontolog\u00eda Universidad Cat\u00f3lica de Murcia (2017). M\u00e0ster en Implantolog\u00eda, Periodoncia, Regeneraci\u00f3n \u00d3sea, Tisular y Pr\u00f3tesis&nbsp;implantosoportada. Facultad de Medicina y Odontolog\u00eda. Universidad Cat\u00f3lica San Antonio de Murcia (UCAM) (2017). Investigador [&hellip;]<\/p>\n","protected":false},"author":1,"featured_media":0,"parent":0,"menu_order":0,"comment_status":"closed","ping_status":"open","template":"","meta":{"footnotes":""},"class_list":["post-305","page","type-page","status-publish","hentry"],"_links":{"self":[{"href":"http:\/\/institutferresamat.com\/en\/wp-json\/wp\/v2\/pages\/305","targetHints":{"allow":["GET"]}}],"collection":[{"href":"http:\/\/institutferresamat.com\/en\/wp-json\/wp\/v2\/pages"}],"about":[{"href":"http:\/\/institutferresamat.com\/en\/wp-json\/wp\/v2\/types\/page"}],"author":[{"embeddable":true,"href":"http:\/\/institutferresamat.com\/en\/wp-json\/wp\/v2\/users\/1"}],"replies":[{"embeddable":true,"href":"http:\/\/institutferresamat.com\/en\/wp-json\/wp\/v2\/comments?post=305"}],"version-history":[{"count":16,"href":"http:\/\/institutferresamat.com\/en\/wp-json\/wp\/v2\/pages\/305\/revisions"}],"predecessor-version":[{"id":1540,"href":"http:\/\/institutferresamat.com\/en\/wp-json\/wp\/v2\/pages\/305\/revisions\/1540"}],"wp:attachment":[{"href":"http:\/\/institutferresamat.com\/en\/wp-json\/wp\/v2\/media?parent=305"}],"curies":[{"name":"wp","href":"https:\/\/api.w.org\/{rel}","templated":true}]}}