{"id":313,"date":"2013-06-23T02:25:39","date_gmt":"2013-06-23T02:25:39","guid":{"rendered":"http:\/\/institutferresamat.com\/?page_id=313"},"modified":"2026-04-12T02:35:21","modified_gmt":"2026-04-12T02:35:21","slug":"llic-rafael-corell-carbonell","status":"publish","type":"page","link":"http:\/\/institutferresamat.com\/en\/llic-rafael-corell-carbonell\/","title":{"rendered":"Llic. Rafael Corell Carbonell"},"content":{"rendered":"<figure class=\"wp-block-image alignright is-style-rounded is-style-rounded--1\"><a href=\"http:\/\/institutferresamat.com\/wp-content\/uploads\/2013\/06\/rafa-corell.jpg\"><img loading=\"lazy\" decoding=\"async\" width=\"300\" height=\"300\" src=\"http:\/\/institutferresamat.com\/wp-content\/uploads\/2013\/06\/rafa-corell-300x300.jpg\" alt=\"rafa-corell\" class=\"wp-image-476\" srcset=\"https:\/\/institutferresamat.com\/wp-content\/uploads\/2013\/06\/rafa-corell-300x300.jpg 300w, https:\/\/institutferresamat.com\/wp-content\/uploads\/2013\/06\/rafa-corell-150x150.jpg 150w, https:\/\/institutferresamat.com\/wp-content\/uploads\/2013\/06\/rafa-corell.jpg 567w\" sizes=\"auto, (max-width: 300px) 100vw, 300px\" \/><\/a><\/figure>\n\n\n\n<p class=\"has-large-font-size\"><strong>Curriculum Acad\u00e8mic<\/strong><\/p>\n\n\n\n<p><br>Llicenciat en Medicina<br>Universitat de Barcelona<\/p>\n\n\n\n<p>Llicenciat en Odontologia<br>Universitat Internacional de Catalunya (2002)<\/p>\n\n\n\n<p>Especialista en Ortod\u00f2ncia.<br>Postgrau en ortod\u00f2ncia<\/p>\n\n\n\n<p>Llicenciat en Farm\u00e0cia<br>Universitat de Barcelona<br><\/p>\n\n\n\n<p><\/p>\n\n\n\n<p class=\"has-large-font-size\"><strong>Experi\u00e8ncia Professional<\/strong><br><\/p>\n\n\n\n<p>Consultor especialista d&#8217;Ortod\u00f2ncia de l&#8217;Institut Ferr\u00e9s Amat (2010-actualitat).<br>Col\u00b7legiat COMB 26454.<br>Col\u00b7legiat COEC 3753.<br>Director del Servei d&#8217;Ortod\u00f2ncia de la Cl\u00ednica DIGEST<br>Pr\u00e1ctica de la Ortod\u00f2ncia exclusiva a diverses cl\u00edniques dentals privades.<br>Member of the Oral and Maxillofacial Surgery team at Cl\u00ednica Sagrada Familia.<br>Metge-Odont\u00f2leg de l&#8217;equip de Cirurgia Oral i Maxil\u00b7lofacial DIGEST.<\/p>\n\n\n\n<div class=\"wp-block-buttons clean-button is-content-justification-center is-layout-flex wp-container-core-buttons-is-layout-a89b3969 wp-block-buttons-is-layout-flex\">\n<div class=\"wp-block-button\"><a class=\"wp-block-button__link has-background wp-element-button\" href=\"https:\/\/institutferresamat.com\/en\/qui-som\/equip\/\" style=\"background-color:#99ccff\">TEAM<\/a><\/div>\n<\/div>\n\n\n\n<p><\/p>","protected":false},"excerpt":{"rendered":"<p>Curriculum Acad\u00e8mic Llicenciat en MedicinaUniversitat de Barcelona Llicenciat en OdontologiaUniversitat Internacional de Catalunya (2002) Especialista en Ortod\u00f2ncia.Postgrau en ortod\u00f2ncia Llicenciat en Farm\u00e0ciaUniversitat de Barcelona Experi\u00e8ncia Professional Consultor especialista d&#8217;Ortod\u00f2ncia de l&#8217;Institut Ferr\u00e9s Amat (2010-actualitat).Col\u00b7legiat COMB 26454.Col\u00b7legiat COEC 3753.Director del Servei d&#8217;Ortod\u00f2ncia de la Cl\u00ednica DIGESTPr\u00e1ctica de la Ortod\u00f2ncia exclusiva a diverses cl\u00edniques dentals privades.Metge-Odont\u00f2leg de [&hellip;]<\/p>\n","protected":false},"author":1,"featured_media":0,"parent":0,"menu_order":0,"comment_status":"closed","ping_status":"open","template":"","meta":{"footnotes":""},"class_list":["post-313","page","type-page","status-publish","hentry"],"_links":{"self":[{"href":"http:\/\/institutferresamat.com\/en\/wp-json\/wp\/v2\/pages\/313","targetHints":{"allow":["GET"]}}],"collection":[{"href":"http:\/\/institutferresamat.com\/en\/wp-json\/wp\/v2\/pages"}],"about":[{"href":"http:\/\/institutferresamat.com\/en\/wp-json\/wp\/v2\/types\/page"}],"author":[{"embeddable":true,"href":"http:\/\/institutferresamat.com\/en\/wp-json\/wp\/v2\/users\/1"}],"replies":[{"embeddable":true,"href":"http:\/\/institutferresamat.com\/en\/wp-json\/wp\/v2\/comments?post=313"}],"version-history":[{"count":7,"href":"http:\/\/institutferresamat.com\/en\/wp-json\/wp\/v2\/pages\/313\/revisions"}],"predecessor-version":[{"id":1545,"href":"http:\/\/institutferresamat.com\/en\/wp-json\/wp\/v2\/pages\/313\/revisions\/1545"}],"wp:attachment":[{"href":"http:\/\/institutferresamat.com\/en\/wp-json\/wp\/v2\/media?parent=313"}],"curies":[{"name":"wp","href":"https:\/\/api.w.org\/{rel}","templated":true}]}}