{"id":316,"date":"2013-06-23T02:27:26","date_gmt":"2013-06-23T02:27:26","guid":{"rendered":"http:\/\/institutferresamat.com\/?page_id=316"},"modified":"2026-04-12T02:36:46","modified_gmt":"2026-04-12T02:36:46","slug":"sra-sandra-vallet-boguna","status":"publish","type":"page","link":"http:\/\/institutferresamat.com\/en\/sra-sandra-vallet-boguna\/","title":{"rendered":"Grada. Sandra Vallet Bogu\u00f1\u00e1"},"content":{"rendered":"<figure class=\"wp-block-image alignright is-style-rounded is-style-rounded--1\"><a href=\"http:\/\/institutferresamat.com\/wp-content\/uploads\/2013\/06\/sandra-vallet.jpg\"><img loading=\"lazy\" decoding=\"async\" width=\"283\" height=\"283\" src=\"http:\/\/institutferresamat.com\/wp-content\/uploads\/2013\/06\/sandra-vallet.jpg\" alt=\"sandra-vallet\" class=\"wp-image-404\" srcset=\"https:\/\/institutferresamat.com\/wp-content\/uploads\/2013\/06\/sandra-vallet.jpg 283w, https:\/\/institutferresamat.com\/wp-content\/uploads\/2013\/06\/sandra-vallet-150x150.jpg 150w\" sizes=\"auto, (max-width: 283px) 100vw, 283px\" \/><\/a><\/figure>\n\n\n\n<p class=\"has-large-font-size\"><strong>Curriculum Acad\u00e8mic<\/strong><br><\/p>\n\n\n\n<p>Diplomada en infermeria.<br>Escola d\u2019Infermeria, Hospital de la Santa Creu i Sant Pau. Universitat Aut\u00f3noma de Barcelona (2004)<\/p>\n\n\n\n<p>Postgrau en Oncologia<br>Escola d\u2019Infermeria, Hospital de la Santa Creu i Sant Pau. Universitat Aut\u00f3noma de Barcelona (2005)<\/p>\n\n\n\n<p>Postgrau en Infermeria Quir\u00fargica<br>Escola d\u2019Infermeria, Hospital de la Santa Creu i Sant Pau.<br>Universitat Aut\u00f3noma de Barcelona (2006)<\/p>\n\n\n\n<p>M\u00e1ster en Infermer\u00eda d\u2019Anestesia, Reanimaci\u00f3 i Tractament del dolor<br>Escola d\u2019Infermeria, Hospital Universitari de Bellvitge. Universitat de Barcelona (2011)<\/p>\n\n\n\n<p>M\u00e1ster en Cures Infermeres a l\u2019Atenci\u00f3 Prim\u00e0ria (CADI) Institut de Formaci\u00f3 Cont\u00ednua-IL3. Universitat de Barcelona (2018)<\/p>\n\n\n\n<p>Postgrau en Gesti\u00f3 de la Imatge Corporal i Dermoest\u00e8tica.&nbsp;(2020)<\/p>\n\n\n\n<p><\/p>\n\n\n\n<p><\/p>\n\n\n\n<p class=\"has-large-font-size\"><strong>Experi\u00e8ncia Professional<\/strong><br><\/p>\n\n\n\n<p>Infermera Quir\u00fargica de l\u2019Institut Ferr\u00e9s Amat (2010-actualitat).<br>Infermera Quir\u00fargica de l\u2019equip de Cirurgia Oral i Maxil\u00b7lofacial-IFA-Cl\u00ednica Sagrada Familia (2010-actualitat).<\/p>\n\n\n\n<p>Infermera Quir\u00fargica de l\u2019equip de Cirurgia Oral i Maxil\u00b7lofacial-IFA-Cl\u00ednica Corachan (2023-actualitat).<\/p>\n\n\n\n<p>Infermera Quir\u00fargica del Servei de Cirurgia Oral i Maxil\u00b7lofacial de la Fundaci\u00f3 Hospital de Nens de Barcelona (2010-2021).<\/p>\n\n\n\n<p>Infermera Quir\u00fargica de l\u2019Hospital Mois\u00e8s Broggi (Esplugues del Llobregat, Barcelona) (2010-actualitat).<\/p>\n\n\n\n<p>Infermera Quir\u00fargica de l\u2019Hospital de la Santa Creu i Sant Pau (Barcelona) (2006-2010).<\/p>\n\n\n\n<p>SVB\/MFA 29\/07\/2024<\/p>\n\n\n\n<div class=\"wp-block-buttons clean-button is-content-justification-center is-layout-flex wp-container-core-buttons-is-layout-a89b3969 wp-block-buttons-is-layout-flex\">\n<div class=\"wp-block-button\"><a class=\"wp-block-button__link has-background wp-element-button\" href=\"https:\/\/institutferresamat.com\/en\/qui-som\/equip\/\" style=\"background-color:#99ccff\">TEAM<\/a><\/div>\n<\/div>\n\n\n\n<p><\/p>","protected":false},"excerpt":{"rendered":"<p>Curriculum Acad\u00e8mic Diplomada en infermeria.Escola d\u2019Infermeria, Hospital de la Santa Creu i Sant Pau. Universitat Aut\u00f3noma de Barcelona (2004) Postgrau en OncologiaEscola d\u2019Infermeria, Hospital de la Santa Creu i Sant Pau. Universitat Aut\u00f3noma de Barcelona (2005) Postgrau en Infermeria Quir\u00fargicaEscola d\u2019Infermeria, Hospital de la Santa Creu i Sant Pau.Universitat Aut\u00f3noma de Barcelona (2006) M\u00e1ster en [&hellip;]<\/p>\n","protected":false},"author":1,"featured_media":0,"parent":0,"menu_order":0,"comment_status":"closed","ping_status":"open","template":"","meta":{"footnotes":""},"class_list":["post-316","page","type-page","status-publish","hentry"],"_links":{"self":[{"href":"http:\/\/institutferresamat.com\/en\/wp-json\/wp\/v2\/pages\/316","targetHints":{"allow":["GET"]}}],"collection":[{"href":"http:\/\/institutferresamat.com\/en\/wp-json\/wp\/v2\/pages"}],"about":[{"href":"http:\/\/institutferresamat.com\/en\/wp-json\/wp\/v2\/types\/page"}],"author":[{"embeddable":true,"href":"http:\/\/institutferresamat.com\/en\/wp-json\/wp\/v2\/users\/1"}],"replies":[{"embeddable":true,"href":"http:\/\/institutferresamat.com\/en\/wp-json\/wp\/v2\/comments?post=316"}],"version-history":[{"count":9,"href":"http:\/\/institutferresamat.com\/en\/wp-json\/wp\/v2\/pages\/316\/revisions"}],"predecessor-version":[{"id":1546,"href":"http:\/\/institutferresamat.com\/en\/wp-json\/wp\/v2\/pages\/316\/revisions\/1546"}],"wp:attachment":[{"href":"http:\/\/institutferresamat.com\/en\/wp-json\/wp\/v2\/media?parent=316"}],"curies":[{"name":"wp","href":"https:\/\/api.w.org\/{rel}","templated":true}]}}