{"id":639,"date":"2017-12-05T06:51:40","date_gmt":"2017-12-05T06:51:40","guid":{"rendered":"http:\/\/institutferresamat.com\/?page_id=639"},"modified":"2026-04-12T02:32:26","modified_gmt":"2026-04-12T02:32:26","slug":"llda-sabine-wustemann-aronica","status":"publish","type":"page","link":"http:\/\/institutferresamat.com\/en\/qui-som\/equip\/llda-sabine-wustemann-aronica\/","title":{"rendered":"Grada. Sabine W\u00fcstemann Aronica"},"content":{"rendered":"<figure class=\"wp-block-image alignright size-large is-resized is-style-rounded is-style-rounded--1\"><a href=\"http:\/\/institutferresamat.com\/wp-content\/uploads\/2026\/04\/sabine_wustemann_aronica-scaled.jpg\"><img loading=\"lazy\" decoding=\"async\" width=\"893\" height=\"1024\" src=\"http:\/\/institutferresamat.com\/wp-content\/uploads\/2026\/04\/sabine_wustemann_aronica-893x1024.jpg\" alt=\"\" class=\"wp-image-1183\" style=\"aspect-ratio:0.8720725639701568;width:325px;height:auto\" srcset=\"https:\/\/institutferresamat.com\/wp-content\/uploads\/2026\/04\/sabine_wustemann_aronica-893x1024.jpg 893w, https:\/\/institutferresamat.com\/wp-content\/uploads\/2026\/04\/sabine_wustemann_aronica-262x300.jpg 262w, https:\/\/institutferresamat.com\/wp-content\/uploads\/2026\/04\/sabine_wustemann_aronica-768x881.jpg 768w, https:\/\/institutferresamat.com\/wp-content\/uploads\/2026\/04\/sabine_wustemann_aronica-1339x1536.jpg 1339w, https:\/\/institutferresamat.com\/wp-content\/uploads\/2026\/04\/sabine_wustemann_aronica-1786x2048.jpg 1786w\" sizes=\"auto, (max-width: 893px) 100vw, 893px\" \/><\/a><\/figure>\n\n\n\n<p class=\"has-large-font-size\"><strong>Curr\u00edculum Acad\u00e8mic<\/strong><\/p>\n\n\n\n<p>Graduada en Odontolog\u00eda<br>Universidad de Carabobo, (Valencia, Venezuela) (2011)<br>Grado en Odontolog\u00eda -homologaci\u00f3n t\u00edtulo de odont\u00f3logo-<br>Universidad de Murcia (2016)<br>Especialista en Pr\u00f2tesis Estomatol\u00f2gica i Est\u00e8tica Dental<br>Resid\u00e8ncia Cl\u00ednica en&nbsp;Pr\u00f3tesis i Rehabilitaci\u00f3 Oral.<br>Universitat Internacional de Catalunya (2015)<br>Smile Design. Est\u00e9tica Dental (acreditada 2016)<\/p>\n\n\n\n<p><\/p>\n\n\n\n<p class=\"has-large-font-size\"><strong>Experi\u00e8ncia Professional<\/strong><\/p>\n\n\n\n<p><br>Especialista de Pr\u00f2tesis I Est\u00e8tica Dental de l\u2019Institut Ferr\u00e9s Amat<br>(2016-actualitat).<\/p>\n\n\n\n<p>Col.legiada COEC 7651<\/p>\n\n\n\n<p>Especialista en Est\u00e8tica Dental del Servei d\u2019Odontologia Juvenil de l\u2019Hospital de Nens de Barcelona. (2016-2021).<\/p>\n\n\n\n<p>Pr\u00e0ctica de la Pr\u00f2tesis i Est\u00e8tica Dental exclusiva a diverses cl\u00edniques dentals privades.<\/p>\n\n\n\n<div class=\"wp-block-buttons clean-button is-content-justification-center is-layout-flex wp-container-core-buttons-is-layout-a89b3969 wp-block-buttons-is-layout-flex\">\n<div class=\"wp-block-button\"><a class=\"wp-block-button__link has-background wp-element-button\" href=\"https:\/\/institutferresamat.com\/en\/qui-som\/equip\/\" style=\"background-color:#99ccff\">TEAM<\/a><\/div>\n<\/div>\n\n\n\n<p><\/p>","protected":false},"excerpt":{"rendered":"<p>Curr\u00edculum Acad\u00e8mic Graduada en Odontolog\u00edaUniversidad de Carabobo, (Valencia, Venezuela) (2011)Grado en Odontolog\u00eda -homologaci\u00f3n t\u00edtulo de odont\u00f3logo-Universidad de Murcia (2016)Especialista en Pr\u00f2tesis Estomatol\u00f2gica i Est\u00e8tica DentalResid\u00e8ncia Cl\u00ednica en&nbsp;Pr\u00f3tesis i Rehabilitaci\u00f3 Oral.Universitat Internacional de Catalunya (2015)Smile Design. Est\u00e9tica Dental (acreditada 2016) Experi\u00e8ncia Professional Especialista de Pr\u00f2tesis I Est\u00e8tica Dental de l\u2019Institut Ferr\u00e9s Amat(2016-actualitat). Col.legiada COEC 7651 Especialista [&hellip;]<\/p>\n","protected":false},"author":1,"featured_media":0,"parent":22,"menu_order":0,"comment_status":"closed","ping_status":"open","template":"","meta":{"footnotes":""},"class_list":["post-639","page","type-page","status-publish","hentry"],"_links":{"self":[{"href":"http:\/\/institutferresamat.com\/en\/wp-json\/wp\/v2\/pages\/639","targetHints":{"allow":["GET"]}}],"collection":[{"href":"http:\/\/institutferresamat.com\/en\/wp-json\/wp\/v2\/pages"}],"about":[{"href":"http:\/\/institutferresamat.com\/en\/wp-json\/wp\/v2\/types\/page"}],"author":[{"embeddable":true,"href":"http:\/\/institutferresamat.com\/en\/wp-json\/wp\/v2\/users\/1"}],"replies":[{"embeddable":true,"href":"http:\/\/institutferresamat.com\/en\/wp-json\/wp\/v2\/comments?post=639"}],"version-history":[{"count":12,"href":"http:\/\/institutferresamat.com\/en\/wp-json\/wp\/v2\/pages\/639\/revisions"}],"predecessor-version":[{"id":1542,"href":"http:\/\/institutferresamat.com\/en\/wp-json\/wp\/v2\/pages\/639\/revisions\/1542"}],"up":[{"embeddable":true,"href":"http:\/\/institutferresamat.com\/en\/wp-json\/wp\/v2\/pages\/22"}],"wp:attachment":[{"href":"http:\/\/institutferresamat.com\/en\/wp-json\/wp\/v2\/media?parent=639"}],"curies":[{"name":"wp","href":"https:\/\/api.w.org\/{rel}","templated":true}]}}