{"id":11,"date":"2011-01-23T20:07:42","date_gmt":"2011-01-23T20:07:42","guid":{"rendered":"http:\/\/institutferresamat.com\/?page_id=11"},"modified":"2026-04-11T22:55:57","modified_gmt":"2026-04-11T22:55:57","slug":"contacte","status":"publish","type":"page","link":"https:\/\/institutferresamat.com\/en\/contacte\/","title":{"rendered":"Contact"},"content":{"rendered":"<div class=\"wp-block-columns is-layout-flex wp-container-core-columns-is-layout-28f84493 wp-block-columns-is-layout-flex\">\n<div class=\"wp-block-column is-layout-flow wp-block-column-is-layout-flow\">\n<p>Our team speaks <strong>Catal\u00e0<\/strong>, <strong>Espa\u00f1ol<\/strong>, <strong>English<\/strong>, <strong>Deutsch<\/strong>, <strong>Italiano<\/strong> and <strong>Fran\u00e7ais<\/strong>,&nbsp; please let us know if you would like to see a professional that speaks a specific language.<\/p>\n\n\n\n<h5 class=\"wp-block-heading has-medium-font-size\"><strong>Phone<\/strong><\/h5>\n\n\n\n<p><a href=\"tel:34932019739\">+34 93 201 97 39<\/a><\/p>\n\n\n\n<p><a href=\"tel:34681236814\">+34 681 236 814<\/a><\/p>\n\n\n\n<h5 class=\"wp-block-heading has-medium-font-size\"><strong>Schedule<\/strong><\/h5>\n\n\n\n<p>Monday to Friday: 9.00h \u2013 20.00h<\/p>\n<\/div>\n\n\n\n<div class=\"wp-block-column is-layout-flow wp-block-column-is-layout-flow\">\n<figure class=\"wp-block-image size-large is-style-rounded history-section is-style-rounded--1\"><img loading=\"lazy\" decoding=\"async\" width=\"784\" height=\"1024\" src=\"https:\/\/institutferresamat.com\/wp-content\/uploads\/2026\/04\/pedrera-gaudi-barcelona-maria-ferres-amat-ifa-1-784x1024.png\" alt=\"\" class=\"wp-image-1349\" srcset=\"https:\/\/institutferresamat.com\/wp-content\/uploads\/2026\/04\/pedrera-gaudi-barcelona-maria-ferres-amat-ifa-1-784x1024.png 784w, https:\/\/institutferresamat.com\/wp-content\/uploads\/2026\/04\/pedrera-gaudi-barcelona-maria-ferres-amat-ifa-1-230x300.png 230w, https:\/\/institutferresamat.com\/wp-content\/uploads\/2026\/04\/pedrera-gaudi-barcelona-maria-ferres-amat-ifa-1-768x1003.png 768w, https:\/\/institutferresamat.com\/wp-content\/uploads\/2026\/04\/pedrera-gaudi-barcelona-maria-ferres-amat-ifa-1-1176x1536.png 1176w, https:\/\/institutferresamat.com\/wp-content\/uploads\/2026\/04\/pedrera-gaudi-barcelona-maria-ferres-amat-ifa-1.png 1374w\" sizes=\"auto, (max-width: 784px) 100vw, 784px\" \/><\/figure>\n<\/div>\n<\/div>\n\n\n\n<div class=\"wp-block-buttons clean-button is-content-justification-center is-layout-flex wp-container-core-buttons-is-layout-a89b3969 wp-block-buttons-is-layout-flex\">\n<div class=\"wp-block-button\"><a class=\"wp-block-button__link has-background has-text-align-center wp-element-button\" style=\"background-color:#99ccff\">Mari\u00e0 Cub\u00ed 122, Barcelona<\/a><\/div>\n<\/div>\n\n\n\n<figure class=\"wp-block-image size-large is-style-rounded is-style-rounded--2\"><a href=\"https:\/\/www.google.com\/maps\/place\/Institut+Ferr%C3%A9s+Amat\/@41.3962208,2.1460919,16z\/data=!3m1!4b1!4m6!3m5!1s0x12a4a29dd8bf764b:0x5a6234b67a42368a!8m2!3d41.3962208!4d2.1460919!16s%2Fg%2F11c1trrxwv?entry=ttu&amp;g_ep=EgoyMDI0MDgyOC4wIKXMDSoASAFQAw%3D%3D\" target=\"_blank\" rel=\"noreferrer noopener\"><img loading=\"lazy\" decoding=\"async\" width=\"1024\" height=\"528\" src=\"http:\/\/institutferresamat.com\/wp-content\/uploads\/2024\/06\/mapa-institut-ferres-amat-ifa-barcelona-1024x528.png\" alt=\"\" class=\"wp-image-1058\" srcset=\"https:\/\/institutferresamat.com\/wp-content\/uploads\/2024\/06\/mapa-institut-ferres-amat-ifa-barcelona-1024x528.png 1024w, https:\/\/institutferresamat.com\/wp-content\/uploads\/2024\/06\/mapa-institut-ferres-amat-ifa-barcelona-300x155.png 300w, https:\/\/institutferresamat.com\/wp-content\/uploads\/2024\/06\/mapa-institut-ferres-amat-ifa-barcelona-768x396.png 768w, https:\/\/institutferresamat.com\/wp-content\/uploads\/2024\/06\/mapa-institut-ferres-amat-ifa-barcelona-1536x792.png 1536w, https:\/\/institutferresamat.com\/wp-content\/uploads\/2024\/06\/mapa-institut-ferres-amat-ifa-barcelona-2048x1056.png 2048w\" sizes=\"auto, (max-width: 1024px) 100vw, 1024px\" \/><\/a><\/figure>\n\n\n\n<p><\/p>","protected":false},"excerpt":{"rendered":"<p>Our team speaks Catal\u00e0, Espa\u00f1ol, English, Deutsch, Italiano and Fran\u00e7ais,&nbsp; please let us know if you would like to see a professional that speaks a specific language. Tel\u00e8fon de contacte: +34 93 201 97 39 +34 681 236 814 Horari: Dilluns a Divendres: 9.00h &#8211; 20.00h<\/p>","protected":false},"author":1,"featured_media":0,"parent":0,"menu_order":6,"comment_status":"closed","ping_status":"closed","template":"","meta":{"footnotes":""},"class_list":["post-11","page","type-page","status-publish","hentry"],"_links":{"self":[{"href":"https:\/\/institutferresamat.com\/en\/wp-json\/wp\/v2\/pages\/11","targetHints":{"allow":["GET"]}}],"collection":[{"href":"https:\/\/institutferresamat.com\/en\/wp-json\/wp\/v2\/pages"}],"about":[{"href":"https:\/\/institutferresamat.com\/en\/wp-json\/wp\/v2\/types\/page"}],"author":[{"embeddable":true,"href":"https:\/\/institutferresamat.com\/en\/wp-json\/wp\/v2\/users\/1"}],"replies":[{"embeddable":true,"href":"https:\/\/institutferresamat.com\/en\/wp-json\/wp\/v2\/comments?post=11"}],"version-history":[{"count":42,"href":"https:\/\/institutferresamat.com\/en\/wp-json\/wp\/v2\/pages\/11\/revisions"}],"predecessor-version":[{"id":1528,"href":"https:\/\/institutferresamat.com\/en\/wp-json\/wp\/v2\/pages\/11\/revisions\/1528"}],"wp:attachment":[{"href":"https:\/\/institutferresamat.com\/en\/wp-json\/wp\/v2\/media?parent=11"}],"curies":[{"name":"wp","href":"https:\/\/api.w.org\/{rel}","templated":true}]}}