{"id":1136,"date":"2025-09-29T08:18:19","date_gmt":"2025-09-29T08:48:19","guid":{"rendered":"http:\/\/institutferresamat.com\/?page_id=1136"},"modified":"2026-04-12T18:10:32","modified_gmt":"2026-04-12T18:10:32","slug":"llda-ana-valles-creixell","status":"publish","type":"page","link":"https:\/\/institutferresamat.com\/en\/llda-ana-valles-creixell\/","title":{"rendered":"Llda. Ana Vall\u00e9s Creixell"},"content":{"rendered":"<figure class=\"wp-block-image alignright size-large is-resized is-style-rounded is-style-rounded--1\"><img loading=\"lazy\" decoding=\"async\" width=\"745\" height=\"1024\" src=\"https:\/\/institutferresamat.com\/wp-content\/uploads\/2026\/04\/ana-valles-creixell-IFA-institut-ferres-amat-745x1024.png\" alt=\"\" class=\"wp-image-1342\" style=\"aspect-ratio:0.7275429639457242;width:251px;height:auto\" srcset=\"https:\/\/institutferresamat.com\/wp-content\/uploads\/2026\/04\/ana-valles-creixell-IFA-institut-ferres-amat-745x1024.png 745w, https:\/\/institutferresamat.com\/wp-content\/uploads\/2026\/04\/ana-valles-creixell-IFA-institut-ferres-amat-218x300.png 218w, https:\/\/institutferresamat.com\/wp-content\/uploads\/2026\/04\/ana-valles-creixell-IFA-institut-ferres-amat-768x1056.png 768w, https:\/\/institutferresamat.com\/wp-content\/uploads\/2026\/04\/ana-valles-creixell-IFA-institut-ferres-amat.png 996w\" sizes=\"auto, (max-width: 745px) 100vw, 745px\" \/><\/figure>\n\n\n\n<p class=\"has-large-font-size\" style=\"font-style:normal;font-weight:400\"><strong>Curr\u00edculum Acad\u00e8mic<\/strong><\/p>\n\n\n\n<p class=\"has-small-font-size\" style=\"font-style:normal;font-weight:400\"><br>Llda. en Odontologia. UIC. Universitat Internacional de Catalunya (2006)<\/p>\n\n\n\n<p class=\"has-small-font-size\" style=\"font-style:normal;font-weight:400\">M\u00e0ster Odontopediatria. UIC. Universitat Internacional de Catalunya (2021)<\/p>\n\n\n\n<p class=\"has-small-font-size\" style=\"font-style:normal;font-weight:400\">Diploma Ortod\u00f2ncia Interceptiva. UNAM. Universitat Nacional Aut\u00f2noma de M\u00e8xic (2017)<\/p>\n\n\n\n<p><\/p>\n\n\n\n<p><\/p>\n\n\n\n<p class=\"has-large-font-size\" style=\"font-style:normal;font-weight:400\"><strong>Curr\u00edculum Docent<\/strong><br><\/p>\n\n\n\n<p class=\"has-small-font-size\" style=\"font-style:normal;font-weight:400\">Professora E. Facultat d\u2019Odontologia Universitat Internacional de Catalunya<\/p>\n\n\n\n<p><\/p>\n\n\n\n<p><\/p>\n\n\n\n<p class=\"has-large-font-size\" style=\"font-style:normal;font-weight:400\"><strong>Experi\u00e8ncia Professional<\/strong><br><\/p>\n\n\n\n<p class=\"has-small-font-size\" style=\"font-style:normal;font-weight:400\">Especialista en Odontopediatria de l\u2019Institut Ferr\u00e9s Amat. Barcelona (2024-Actualitat)<\/p>\n\n\n\n<p class=\"has-small-font-size\" style=\"font-style:normal;font-weight:400\">Especialista en Odontopediatria Cl\u00ednica Murtra. Barcelona (2025-Actualitat)<\/p>\n\n\n\n<p class=\"has-small-font-size\" style=\"font-style:normal;font-weight:400\">Odontologia Pedi\u00e0trica. CAP Larrard, Barcelona (2024-Actualitat)<\/p>\n\n\n\n<p class=\"has-small-font-size\" style=\"font-style:normal;font-weight:400\">Odontologia Pedi\u00e0trica a diferents Cl\u00edniques Dentals privades de Mil\u00e0, Italia (2022-2024)<\/p>\n\n\n\n<p class=\"has-small-font-size\" style=\"font-style:normal;font-weight:400\">Odontologia Pedi\u00e0trica. Hogar Paz y Alegria, Ciudad de M\u00e9xico, M\u00e9xico (2018-2019)<\/p>\n\n\n\n<p class=\"has-small-font-size\" style=\"font-style:normal;font-weight:400\">Odontologia General a diferents Cl\u00edniques Dentals privades de Barcelona (2006-2015)<\/p>\n\n\n\n<p class=\"has-small-font-size\" style=\"font-style:normal;font-weight:400\">Col\u00b7legiada COEC 4937<\/p>\n\n\n\n<p class=\"has-small-font-size\" style=\"font-style:normal;font-weight:400\">S\u00f2cia SEOP (Sociedad Espa\u00f1ola de Odontopediatria)<\/p>\n\n\n\n<p class=\"has-small-font-size\" style=\"font-style:normal;font-weight:100\">AVC-MFA 29\/09\/2025<\/p>\n\n\n\n<div class=\"wp-block-buttons clean-button is-content-justification-center is-layout-flex wp-container-core-buttons-is-layout-a89b3969 wp-block-buttons-is-layout-flex\">\n<div class=\"wp-block-button\"><a class=\"wp-block-button__link has-background wp-element-button\" href=\"https:\/\/institutferresamat.com\/en\/qui-som\/equip\/\" style=\"background-color:#99ccff\">TEAM<\/a><\/div>\n<\/div>\n\n\n\n<p><\/p>","protected":false},"excerpt":{"rendered":"<p>Curr\u00edculum Acad\u00e8mic Llda. en Odontologia. UIC. Universitat Internacional de Catalunya (2006) M\u00e0ster Odontopediatria. UIC. Universitat Internacional de Catalunya (2021) Diploma Ortod\u00f2ncia Interceptiva. UNAM. Universitat Nacional Aut\u00f2noma de M\u00e8xic (2017) Curr\u00edculum Docent Professora E. Facultat d\u2019Odontologia Universitat Internacional de Catalunya Experi\u00e8ncia Professional Especialista en Odontopediatria de l\u2019Institut Ferr\u00e9s Amat. Barcelona (2024-Actualitat) Especialista en Odontopediatria Cl\u00ednica Murtra. [&hellip;]<\/p>\n","protected":false},"author":1,"featured_media":0,"parent":0,"menu_order":0,"comment_status":"closed","ping_status":"closed","template":"","meta":{"footnotes":""},"class_list":["post-1136","page","type-page","status-publish","hentry"],"_links":{"self":[{"href":"https:\/\/institutferresamat.com\/en\/wp-json\/wp\/v2\/pages\/1136","targetHints":{"allow":["GET"]}}],"collection":[{"href":"https:\/\/institutferresamat.com\/en\/wp-json\/wp\/v2\/pages"}],"about":[{"href":"https:\/\/institutferresamat.com\/en\/wp-json\/wp\/v2\/types\/page"}],"author":[{"embeddable":true,"href":"https:\/\/institutferresamat.com\/en\/wp-json\/wp\/v2\/users\/1"}],"replies":[{"embeddable":true,"href":"https:\/\/institutferresamat.com\/en\/wp-json\/wp\/v2\/comments?post=1136"}],"version-history":[{"count":6,"href":"https:\/\/institutferresamat.com\/en\/wp-json\/wp\/v2\/pages\/1136\/revisions"}],"predecessor-version":[{"id":1544,"href":"https:\/\/institutferresamat.com\/en\/wp-json\/wp\/v2\/pages\/1136\/revisions\/1544"}],"wp:attachment":[{"href":"https:\/\/institutferresamat.com\/en\/wp-json\/wp\/v2\/media?parent=1136"}],"curies":[{"name":"wp","href":"https:\/\/api.w.org\/{rel}","templated":true}]}}