{"id":1653,"date":"2026-04-13T03:17:42","date_gmt":"2026-04-13T03:17:42","guid":{"rendered":"https:\/\/institutferresamat.com\/?page_id=1653"},"modified":"2026-04-13T04:54:11","modified_gmt":"2026-04-13T04:54:11","slug":"ortodoncia","status":"publish","type":"page","link":"https:\/\/institutferresamat.com\/en\/ortodoncia\/","title":{"rendered":"Orthodontics"},"content":{"rendered":"<div class=\"wp-block-group alignfull has-base-background-color has-background has-global-padding is-layout-constrained wp-container-core-group-is-layout-d89aad35 wp-block-group-is-layout-constrained\" style=\"margin-top:0;margin-bottom:0;padding-top:var(--wp--preset--spacing--50);padding-right:var(--wp--preset--spacing--50);padding-bottom:var(--wp--preset--spacing--50);padding-left:var(--wp--preset--spacing--50)\">\n<div class=\"wp-block-columns alignwide is-layout-flex wp-container-core-columns-is-layout-549b0c86 wp-block-columns-is-layout-flex\">\n<div class=\"wp-block-column has-global-padding is-content-justification-left is-layout-constrained wp-container-core-column-is-layout-4f15e8fe wp-block-column-is-layout-constrained\" style=\"flex-basis:40%\">\n<figure class=\"wp-block-image alignfull size-full\"><img loading=\"lazy\" decoding=\"async\" width=\"898\" height=\"1073\" src=\"https:\/\/institutferresamat.com\/wp-content\/uploads\/2026\/04\/IFA-INSTITUT-FERRES-AMAT-ORTODONCIA-1.jpg\" alt=\"\" class=\"wp-image-1657\" srcset=\"https:\/\/institutferresamat.com\/wp-content\/uploads\/2026\/04\/IFA-INSTITUT-FERRES-AMAT-ORTODONCIA-1.jpg 898w, https:\/\/institutferresamat.com\/wp-content\/uploads\/2026\/04\/IFA-INSTITUT-FERRES-AMAT-ORTODONCIA-1-251x300.jpg 251w, https:\/\/institutferresamat.com\/wp-content\/uploads\/2026\/04\/IFA-INSTITUT-FERRES-AMAT-ORTODONCIA-1-857x1024.jpg 857w, https:\/\/institutferresamat.com\/wp-content\/uploads\/2026\/04\/IFA-INSTITUT-FERRES-AMAT-ORTODONCIA-1-768x918.jpg 768w, https:\/\/institutferresamat.com\/wp-content\/uploads\/2026\/04\/IFA-INSTITUT-FERRES-AMAT-ORTODONCIA-1-10x12.jpg 10w\" sizes=\"auto, (max-width: 898px) 100vw, 898px\" \/><\/figure>\n<\/div>\n\n\n\n<div class=\"wp-block-column is-layout-flow wp-container-core-column-is-layout-119bc444 wp-block-column-is-layout-flow\" style=\"flex-basis:60%\">\n<p class=\"has-heading-font-family has-x-large-font-size\" style=\"line-height:1.2\"><strong>L\u2019ortod\u00f2ncia alinea les dents i millora tant la funci\u00f3 com l\u2019est\u00e8tica del somriure.<\/strong><\/p>\n\n\n\n<p class=\"has-heading-font-family has-x-large-font-size\" style=\"line-height:1.2\">Una bona posici\u00f3 dental facilita la higiene i la salut bucodental a llarg termini.<\/p>\n\n\n\n<div class=\"wp-block-columns is-layout-flex wp-container-core-columns-is-layout-87beb0d0 wp-block-columns-is-layout-flex\">\n<div class=\"wp-block-column is-layout-flow wp-block-column-is-layout-flow\">\n<p class=\"wp-container-content-9cfa9a5a\"><strong>ORTOD\u00d2NCIA AMB BRACKETS<\/strong><\/p>\n\n\n\n<p class=\"wp-container-content-9cfa9a5a\">Sistema tradicional per alinear les dents mitjan\u00e7ant aparells fixos col\u00b7locats sobre cada pe\u00e7a dental.<\/p>\n\n\n\n<p class=\"wp-container-content-9cfa9a5a\">\u00c9s una soluci\u00f3 efica\u00e7 i precisa per corregir tot tipus de malposicions dentals i alteracions de la mossegada. Permet un control detallat del moviment de les dents i \u00e9s adequada per a tractaments m\u00e9s complexos.<\/p>\n<\/div>\n\n\n\n<div class=\"wp-block-column is-layout-flow wp-block-column-is-layout-flow\">\n<p><strong>ORTOD\u00d2NCIA INVISIBLE<\/strong> <\/p>\n\n\n\n<p>Una alternativa que permet alinear les dents mitjan\u00e7ant alineadors transparents i removibles, dissenyats a mida per a cada pacient.<\/p>\n\n\n\n<p>S\u00f3n c\u00f2modes, discrets i pr\u00e0ctics: no interfereixen en la parla i s\u2019adapten f\u00e0cilment al dia a dia.<\/p>\n<\/div>\n<\/div>\n<\/div>\n<\/div>\n<\/div>\n\n\n\n<div class=\"wp-block-buttons clean-button is-content-justification-center is-layout-flex wp-container-core-buttons-is-layout-a89b3969 wp-block-buttons-is-layout-flex\">\n<div class=\"wp-block-button\"><a class=\"wp-block-button__link has-background wp-element-button\" href=\"https:\/\/institutferresamat.com\/en\/especialitats\/\" style=\"background-color:#99ccff\">ESPECIALITATS<\/a><\/div>\n<\/div>\n\n\n\n<p><\/p>","protected":false},"excerpt":{"rendered":"<p>L\u2019ortod\u00f2ncia alinea les dents i millora tant la funci\u00f3 com l\u2019est\u00e8tica del somriure. Una bona posici\u00f3 dental facilita la higiene i la salut bucodental a llarg termini. ORTOD\u00d2NCIA AMB BRACKETS Sistema tradicional per alinear les dents mitjan\u00e7ant aparells fixos col\u00b7locats sobre cada pe\u00e7a dental. \u00c9s una soluci\u00f3 efica\u00e7 i precisa per corregir tot tipus de [&hellip;]<\/p>\n","protected":false},"author":1,"featured_media":0,"parent":0,"menu_order":0,"comment_status":"closed","ping_status":"closed","template":"","meta":{"footnotes":""},"class_list":["post-1653","page","type-page","status-publish","hentry"],"_links":{"self":[{"href":"https:\/\/institutferresamat.com\/en\/wp-json\/wp\/v2\/pages\/1653","targetHints":{"allow":["GET"]}}],"collection":[{"href":"https:\/\/institutferresamat.com\/en\/wp-json\/wp\/v2\/pages"}],"about":[{"href":"https:\/\/institutferresamat.com\/en\/wp-json\/wp\/v2\/types\/page"}],"author":[{"embeddable":true,"href":"https:\/\/institutferresamat.com\/en\/wp-json\/wp\/v2\/users\/1"}],"replies":[{"embeddable":true,"href":"https:\/\/institutferresamat.com\/en\/wp-json\/wp\/v2\/comments?post=1653"}],"version-history":[{"count":4,"href":"https:\/\/institutferresamat.com\/en\/wp-json\/wp\/v2\/pages\/1653\/revisions"}],"predecessor-version":[{"id":1713,"href":"https:\/\/institutferresamat.com\/en\/wp-json\/wp\/v2\/pages\/1653\/revisions\/1713"}],"wp:attachment":[{"href":"https:\/\/institutferresamat.com\/en\/wp-json\/wp\/v2\/media?parent=1653"}],"curies":[{"name":"wp","href":"https:\/\/api.w.org\/{rel}","templated":true}]}}