{"id":22,"date":"2011-01-30T17:31:31","date_gmt":"2011-01-30T17:31:31","guid":{"rendered":"http:\/\/institutferresamat.com\/?page_id=22"},"modified":"2026-04-11T23:20:44","modified_gmt":"2026-04-11T23:20:44","slug":"equip","status":"publish","type":"page","link":"https:\/\/institutferresamat.com\/en\/qui-som\/equip\/","title":{"rendered":"Team IFA"},"content":{"rendered":"<figure class=\"wp-block-image size-large is-style-rounded history-section is-style-rounded--1\"><img loading=\"lazy\" decoding=\"async\" width=\"1024\" height=\"663\" src=\"https:\/\/institutferresamat.com\/wp-content\/uploads\/2026\/04\/institut-ferres-amat-ifa-equip-1024x663.png\" alt=\"\" class=\"wp-image-1252\" srcset=\"https:\/\/institutferresamat.com\/wp-content\/uploads\/2026\/04\/institut-ferres-amat-ifa-equip-1024x663.png 1024w, https:\/\/institutferresamat.com\/wp-content\/uploads\/2026\/04\/institut-ferres-amat-ifa-equip-300x194.png 300w, https:\/\/institutferresamat.com\/wp-content\/uploads\/2026\/04\/institut-ferres-amat-ifa-equip-768x497.png 768w, https:\/\/institutferresamat.com\/wp-content\/uploads\/2026\/04\/institut-ferres-amat-ifa-equip.png 1198w\" sizes=\"auto, (max-width: 1024px) 100vw, 1024px\" \/><\/figure>\n\n\n\n<p><\/p>\n\n\n\n<h2 class=\"wp-block-heading\"><strong>MEDICAL TEAM <\/strong><\/h2>\n\n\n\n<h4 class=\"wp-block-heading hover-name\"><span style=\"text-decoration: underline; color: #99ccff;\"><a style=\"color: #99ccff;\" href=\"http:\/\/institutferresamat.com\/en\/dr-eduard-ferres-padro\/\"><span style=\"text-decoration: underline;\"><strong>Eduard Ferr\u00e9s Padr\u00f3<\/strong><\/span><\/a><\/span><\/h4>\n\n\n\n<p class=\"has-text-align-left\"><strong>Medical Director.<\/strong><\/p>\n\n\n\n<p class=\"has-text-align-left\">Physician, Stomatologist, Oral and Maxillofacial Surgeon, PhD in Medicine and Surgery.<br>Consultant in Oral and Maxillofacial Surgery at Cl\u00ednica Corachan and Cl\u00ednica Sagrada Familia (Barcelona).<br>Consultant in Oral and Maxillofacial Surgery at DIGEST Medical Center (Badalona).<br>Author of clinical and laboratory research publications in reconstructive and implant surgery of the jaws, oral and maxillofacial regenerative medicine, and pediatric oral and maxillofacial surgery.<\/p>\n\n\n\n<h4 class=\"wp-block-heading hover-name\"><span style=\"text-decoration: underline; color: #99ccff;\"><a href=\"http:\/\/institutferresamat.com\/en\/dra-elvira-ferres-amat\/\"><span style=\"color: #99ccff; text-decoration: underline;\"><strong>Elvira Ferr\u00e9s Amat<\/strong><\/span><\/a><\/span><\/h4>\n\n\n\n<p class=\"has-text-align-left\"><strong>Director of Dentistry &amp; Pediatric Dentistry.<\/strong><\/p>\n\n\n\n<p class=\"has-text-align-left\">Dentist, Pediatric Dentist, PhD in Dentistry.<br>Member of the Oral and Maxillofacial Surgery team at IFA \u2013 Cl\u00ednica Corachan and Cl\u00ednica Sagrada Familia.<\/p>\n\n\n\n<p class=\"has-text-align-left\">Adjunct Professor, Department of Pediatric Dentistry, Faculty of Dentistry, UIC (Barcelona).<br>Author of clinical and laboratory research publications in reconstructive and implant surgery of the jaws, pediatric dentistry, and pediatric oral and maxillofacial pathology.<\/p>\n\n\n\n<h4 class=\"wp-block-heading hover-name\"><span style=\"text-decoration: underline; color: #99ccff;\"><a href=\"http:\/\/institutferresamat.com\/en\/llic-eduard-ferres-amat\/\"><span style=\"color: #99ccff; text-decoration: underline;\"><strong>Eduard Ferr\u00e9s Amat<\/strong><\/span><\/a><\/span><\/h4>\n\n\n\n<p class=\"has-text-align-left\"><strong>Head of Implantology &amp; Oral Surgery<\/strong><\/p>\n\n\n\n<p class=\"has-text-align-left\">Dentist, MSc in Research, Master\u2019s Degree in Oral Surgery and Implantology, PhD in Dentistry.<br>Member of the Oral and Maxillofacial Surgery team at IFA \u2013 Cl\u00ednica Corachan and Cl\u00ednica Sagrada Familia.<br>Associate Professor of Oral and Maxillofacial Medicine, Faculty of Dentistry, UIC (Barcelona).<\/p>\n\n\n\n<h4 class=\"wp-block-heading hover-name\"><span style=\"color: #99ccff;\"><a style=\"color: #99ccff;\" href=\"http:\/\/institutferresamat.com\/en\/qui-som\/equip\/llda-sabine-wustemann-aronica\/\"><strong>Sabine W\u00fcstemann Aronica<\/strong><\/a><br><\/span><\/h4>\n\n\n\n<p><strong>Head of Oral Rehabilitation &amp; Aesthetic Dentistry.<\/strong><\/p>\n\n\n\n<p>Dentist, Specialist in Aesthetic Dentistry.\nDiploma in Oral Rehabilitation and Dental Prosthetics.\nDiploma in <em>Smile Design<\/em>.<\/p>\n\n\n\n<h4 class=\"wp-block-heading hover-name\"><strong><span style=\"color: #99ccff;\"><a style=\"color: #99ccff;\" href=\"https:\/\/institutferresamat.com\/en\/llda-ana-valles-creixell\/\">Ana Vall\u00e9s Creixell<\/a><\/span><\/strong><\/h4>\n\n\n\n<p><strong>Specialist in Pediatric Dentistry<\/strong><\/p>\n\n\n\n<p>Dentist, Master\u2019s Degree in Pediatric Dentistry.<\/p>\n\n\n\n<h4 class=\"wp-block-heading hover-name\"><span style=\"color: #99ccff;\"><strong>Ang\u00e9lica Malano Mart\u00ednez<\/strong><\/span><\/h4>\n\n\n\n<p><strong>Specialist in Periodontics &amp; Mucogingival Surgery.<\/strong><\/p>\n\n\n\n<p>Dentist, Master\u2019s Degree in Periodontics, Master\u2019s Degree in Implantology.<\/p>\n\n\n\n<h4 class=\"wp-block-heading hover-name\"><span style=\"color: #99ccff;\"><strong>Judit de Amor\u00edn Castellanos<\/strong><\/span><\/h4>\n\n\n\n<p><strong>Specialist in Endodontics.<\/strong><\/p>\n\n\n\n<p>Dentist, Master\u2019s Degree in Endodontics.<\/p>\n\n\n\n<h4 class=\"wp-block-heading hover-name\"><span style=\"text-decoration: underline; color: #99ccff;\"><a href=\"http:\/\/institutferresamat.com\/en\/llic-rafael-corell-carbonell\/\"><span style=\"color: #99ccff; text-decoration: underline;\"><strong>Rafael Corell Carbonell&nbsp;<\/strong><\/span><\/a><\/span><\/h4>\n\n\n\n<p class=\"has-text-align-left\"><strong>Orthodontics Consultant.<\/strong><br>Physician, Dentist, Orthodontist.<br>Member of the Oral and Maxillofacial Surgery team at Cl\u00ednica Sagrada Familia.<\/p>\n\n\n\n<h2 class=\"wp-block-heading\"><strong>CLINICAL TEAM<\/strong><\/h2>\n\n\n\n<h4 class=\"wp-block-heading hover-name\"><a href=\"http:\/\/institutferresamat.com\/en\/sra-sandra-vallet-boguna\/\"><strong><span style=\"text-decoration: underline; color: #99ccff;\"><span style=\"color: #99ccff; text-decoration: underline;\">Sandra Vallet Bogu\u00f1\u00e1<\/span><\/span><\/strong><\/a><\/h4>\n\n\n\n<p class=\"has-text-align-left\"><strong>Surgical Nurse.<\/strong><br>Bachelor\u2019s Degree in Nursing.\nPostgraduate Degree in Surgical Nursing.\nPostgraduate Degree in Oncology.\nMaster\u2019s Degree in Anesthesia, Resuscitation and Pain Management Nursing.\nPostgraduate Degree in Body Image Management and Dermoaesthetics.<\/p>\n\n\n\n<h2 class=\"wp-block-heading\"><strong>SUPPORT TEAM<\/strong><\/h2>\n\n\n\n<p><strong>Maria Jos\u00e9 Ferr\u00e9s Padr\u00f3<\/strong> \u2013 Dental Hygienist. Clinical Coordination.<br><strong>Cristina Carb\u00f3 Balaguer<\/strong> \u2013 Dental Hygienist. Reception.<br><strong>Silvia Mayor Escabias<\/strong> \u2013 Dental Hygienist. Clinical Coordination.<\/p>\n\n\n\n<p style=\"line-height:0.4\"><strong>Eva Paredes Sosa<\/strong> \u2013 Dental Assistant.<\/p>\n\n\n\n<p style=\"line-height:0.4\"><strong>Joan Osorio<\/strong> \u2013 Reception. Patient Management &amp; Administration.<\/p>\n\n\n\n<p><span style=\"color: #99ccff;\">&nbsp;<\/span><\/p>","protected":false},"excerpt":{"rendered":"<p>EQUIP FACULTATIU Eduard Ferr\u00e9s Padr\u00f3 Director M\u00e8dic. Metge, Estomat\u00f3leg, Cirurgi\u00e0 Oral i Maxil\u00b7lofacial, Doctor en Medicina i Cirurgia.Consultor de COMF de la Cl\u00ednica Corach\u00e1n i de la Cl\u00ednica Sagrada Familia. (Barcelona).Consultor de COMF del Centre M\u00e8dic DIGEST (Badalona).Publicacions en investigaci\u00f3 cl\u00ednica i de laboratori en cirurgia reconstructiva i implantol\u00f3gica dels maxil\u00b7lars, investigaci\u00f3 en Medicina Regenerativa [&hellip;]<\/p>\n","protected":false},"author":1,"featured_media":0,"parent":2,"menu_order":3,"comment_status":"closed","ping_status":"closed","template":"","meta":{"footnotes":""},"class_list":["post-22","page","type-page","status-publish","hentry"],"_links":{"self":[{"href":"https:\/\/institutferresamat.com\/en\/wp-json\/wp\/v2\/pages\/22","targetHints":{"allow":["GET"]}}],"collection":[{"href":"https:\/\/institutferresamat.com\/en\/wp-json\/wp\/v2\/pages"}],"about":[{"href":"https:\/\/institutferresamat.com\/en\/wp-json\/wp\/v2\/types\/page"}],"author":[{"embeddable":true,"href":"https:\/\/institutferresamat.com\/en\/wp-json\/wp\/v2\/users\/1"}],"replies":[{"embeddable":true,"href":"https:\/\/institutferresamat.com\/en\/wp-json\/wp\/v2\/comments?post=22"}],"version-history":[{"count":68,"href":"https:\/\/institutferresamat.com\/en\/wp-json\/wp\/v2\/pages\/22\/revisions"}],"predecessor-version":[{"id":1532,"href":"https:\/\/institutferresamat.com\/en\/wp-json\/wp\/v2\/pages\/22\/revisions\/1532"}],"up":[{"embeddable":true,"href":"https:\/\/institutferresamat.com\/en\/wp-json\/wp\/v2\/pages\/2"}],"wp:attachment":[{"href":"https:\/\/institutferresamat.com\/en\/wp-json\/wp\/v2\/media?parent=22"}],"curies":[{"name":"wp","href":"https:\/\/api.w.org\/{rel}","templated":true}]}}