{"id":356,"date":"2013-06-23T05:50:37","date_gmt":"2013-06-23T05:50:37","guid":{"rendered":"http:\/\/institutferresamat.com\/?page_id=356"},"modified":"2026-04-10T23:22:47","modified_gmt":"2026-04-10T23:22:47","slug":"centres-dhospitalitzacio-i-area-quirurgica","status":"publish","type":"page","link":"https:\/\/institutferresamat.com\/en\/centres-dhospitalitzacio-i-area-quirurgica\/","title":{"rendered":"Inpatient Care &amp; Surgical Unit"},"content":{"rendered":"<div class=\"wp-block-columns is-layout-flex wp-container-core-columns-is-layout-28f84493 wp-block-columns-is-layout-flex\">\n<div class=\"wp-block-column is-layout-flow wp-block-column-is-layout-flow\" style=\"flex-basis:66.66%\">\n<figure class=\"wp-block-image size-large is-style-rounded is-style-rounded--1\"><img loading=\"lazy\" decoding=\"async\" width=\"1024\" height=\"590\" src=\"http:\/\/institutferresamat.com\/wp-content\/uploads\/2023\/02\/clinica-corachan-institut-ferres-amat-ifa-barcelona-2-1024x590.jpg\" alt=\"\" class=\"wp-image-1011\" srcset=\"https:\/\/institutferresamat.com\/wp-content\/uploads\/2023\/02\/clinica-corachan-institut-ferres-amat-ifa-barcelona-2-1024x590.jpg 1024w, https:\/\/institutferresamat.com\/wp-content\/uploads\/2023\/02\/clinica-corachan-institut-ferres-amat-ifa-barcelona-2-300x173.jpg 300w, https:\/\/institutferresamat.com\/wp-content\/uploads\/2023\/02\/clinica-corachan-institut-ferres-amat-ifa-barcelona-2-768x442.jpg 768w, https:\/\/institutferresamat.com\/wp-content\/uploads\/2023\/02\/clinica-corachan-institut-ferres-amat-ifa-barcelona-2-1536x884.jpg 1536w, https:\/\/institutferresamat.com\/wp-content\/uploads\/2023\/02\/clinica-corachan-institut-ferres-amat-ifa-barcelona-2-2048x1179.jpg 2048w\" sizes=\"auto, (max-width: 1024px) 100vw, 1024px\" \/><\/figure>\n<\/div>\n\n\n\n<div class=\"wp-block-column is-layout-flow wp-block-column-is-layout-flow\" style=\"flex-basis:33.33%\">\n<figure class=\"wp-block-image size-large is-style-rounded wp-duotone-unset-3 is-style-rounded--2\"><img loading=\"lazy\" decoding=\"async\" width=\"1024\" height=\"442\" src=\"http:\/\/institutferresamat.com\/wp-content\/uploads\/2023\/02\/clinica-corachan-institut-ferres-amat-ifa-barcelona-1-1024x442.jpg\" alt=\"\" class=\"wp-image-1012\" srcset=\"https:\/\/institutferresamat.com\/wp-content\/uploads\/2023\/02\/clinica-corachan-institut-ferres-amat-ifa-barcelona-1-1024x442.jpg 1024w, https:\/\/institutferresamat.com\/wp-content\/uploads\/2023\/02\/clinica-corachan-institut-ferres-amat-ifa-barcelona-1-300x130.jpg 300w, https:\/\/institutferresamat.com\/wp-content\/uploads\/2023\/02\/clinica-corachan-institut-ferres-amat-ifa-barcelona-1-768x332.jpg 768w, https:\/\/institutferresamat.com\/wp-content\/uploads\/2023\/02\/clinica-corachan-institut-ferres-amat-ifa-barcelona-1.jpg 1454w\" sizes=\"auto, (max-width: 1024px) 100vw, 1024px\" \/><\/figure>\n<\/div>\n<\/div>\n\n\n\n<p class=\"translation-block\">The Institut Ferr\u00e9s Amat team performs surgical procedures and dental treatments that require intravenous sedation or general anesthesia, either on an inpatient or outpatient basis, at Cl\u00ednica Corachan in Barcelona.<\/p>\n\n\n\n<p>Cl\u00ednica Corachan is a hospital complex with over 100 years of history, offering all medical and surgical specialties and ensuring comprehensive care for any health condition.\n\nCl\u00ednica Corachan is an affiliated center of the University of Vic \u2013 Central University of Catalonia (UV-UCC).<\/p>\n\n\n\n<p><a href=\"https:\/\/www.corachan.com\/ca\" target=\"_blank\" rel=\"noreferrer noopener\">www.corachan.com<\/a><\/p>\n\n\n\n<p><\/p>","protected":false},"excerpt":{"rendered":"<p>L\u2019equip de l\u2019Institut Ferr\u00e9s Amat realitza les intervencions quir\u00fargiques i els tractaments odontol\u00f2gics que requereixen sedaci\u00f3 endovenosa o anest\u00e8sia general, amb ingr\u00e9s hospitalari o ambulatoris, a la Cl\u00ednica Corachan de Barcelona. La Cl\u00ednica Corachan \u00e9s un Complex Hospitalari de m\u00e9s de 100 anys d\u2019hist\u00f2ria amb totes les especialitats m\u00e8diques i quir\u00fargiques, que garanteixen una atenci\u00f3 [&hellip;]<\/p>\n","protected":false},"author":1,"featured_media":0,"parent":0,"menu_order":0,"comment_status":"closed","ping_status":"open","template":"","meta":{"footnotes":""},"class_list":["post-356","page","type-page","status-publish","hentry"],"_links":{"self":[{"href":"https:\/\/institutferresamat.com\/en\/wp-json\/wp\/v2\/pages\/356","targetHints":{"allow":["GET"]}}],"collection":[{"href":"https:\/\/institutferresamat.com\/en\/wp-json\/wp\/v2\/pages"}],"about":[{"href":"https:\/\/institutferresamat.com\/en\/wp-json\/wp\/v2\/types\/page"}],"author":[{"embeddable":true,"href":"https:\/\/institutferresamat.com\/en\/wp-json\/wp\/v2\/users\/1"}],"replies":[{"embeddable":true,"href":"https:\/\/institutferresamat.com\/en\/wp-json\/wp\/v2\/comments?post=356"}],"version-history":[{"count":17,"href":"https:\/\/institutferresamat.com\/en\/wp-json\/wp\/v2\/pages\/356\/revisions"}],"predecessor-version":[{"id":1394,"href":"https:\/\/institutferresamat.com\/en\/wp-json\/wp\/v2\/pages\/356\/revisions\/1394"}],"wp:attachment":[{"href":"https:\/\/institutferresamat.com\/en\/wp-json\/wp\/v2\/media?parent=356"}],"curies":[{"name":"wp","href":"https:\/\/api.w.org\/{rel}","templated":true}]}}