{"id":1269,"date":"2026-04-10T08:39:43","date_gmt":"2026-04-10T08:39:43","guid":{"rendered":"https:\/\/institutferresamat.com\/?page_id=1269"},"modified":"2026-04-13T05:08:39","modified_gmt":"2026-04-13T05:08:39","slug":"especialitats","status":"publish","type":"page","link":"https:\/\/institutferresamat.com\/es\/especialitats\/","title":{"rendered":"Especialidades"},"content":{"rendered":"<div style=\"height:52px\" aria-hidden=\"true\" class=\"wp-block-spacer\"><\/div>\n\n\n\n<div class=\"wp-block-group alignwide has-global-padding is-layout-constrained wp-block-group-is-layout-constrained\">\n<div class=\"wp-block-columns is-layout-flex wp-container-core-columns-is-layout-28f84493 wp-block-columns-is-layout-flex\">\n<div class=\"wp-block-column is-layout-flow wp-block-column-is-layout-flow\">\n<figure class=\"wp-block-video history-section\"><video height=\"854\" style=\"aspect-ratio: 480 \/ 854;\" width=\"480\" controls loop src=\"https:\/\/institutferresamat.com\/wp-content\/uploads\/2026\/04\/video-output-3AAB563B-5FA2-40F3-8426-D96D604E8A36-1.mov\"><\/video><\/figure>\n<\/div>\n\n\n\n<div class=\"wp-block-column service-list is-layout-flow wp-block-column-is-layout-flow\">\n<p style=\"line-height:1\"><a href=\"https:\/\/institutferresamat.com\/es\/odontologia-2\/\">Odontolog\u00eda<\/a><\/p>\n\n\n\n<p class=\"especialitats-list\" style=\"line-height:1\"><a href=\"https:\/\/institutferresamat.com\/es\/estomatologia\/\">Estomatolog\u00eda<\/a><\/p>\n\n\n\n<p style=\"line-height:1\"><a href=\"https:\/\/institutferresamat.com\/es\/implantologia-avancada-rehabilitacio-i-protesi-dental\/\">Rehabilitaci\u00f3n y Pr\u00f3tesis Dental<\/a><\/p>\n\n\n\n<p style=\"line-height:1\"><a href=\"https:\/\/institutferresamat.com\/es\/implantologia-avancada-rehabilitacio-i-protesi-dental\/\">Implantolog\u00eda Avanzada<\/a><\/p>\n\n\n\n<p style=\"line-height:1\"><a href=\"https:\/\/institutferresamat.com\/es\/estetica-dental\/\">Est\u00e9tica Dental<\/a><\/p>\n\n\n\n<p style=\"line-height:1\"><a href=\"https:\/\/institutferresamat.com\/es\/periodoncia\/\">Periodoncia<\/a><\/p>\n\n\n\n<p style=\"line-height:1\"><a href=\"https:\/\/institutferresamat.com\/es\/endodoncia\/\">Endodoncia<\/a><\/p>\n\n\n\n<p style=\"line-height:1\"><a href=\"https:\/\/institutferresamat.com\/es\/atm\/\">Articulaci\u00f3n Temporomandibular<\/a><\/p>\n\n\n\n<p style=\"line-height:1\"><a href=\"https:\/\/institutferresamat.com\/es\/ortodoncia\/\">Ortodoncia<\/a><\/p>\n\n\n\n<p style=\"line-height:1\"><a href=\"https:\/\/institutferresamat.com\/es\/odontopediatria-i-odontobebe\/\">Odontopediatr\u00eda<\/a><\/p>\n\n\n\n<p style=\"line-height:1\"><a href=\"https:\/\/institutferresamat.com\/es\/odontopediatria-i-odontobebe\/\">Odontobeb\u00e9<\/a><\/p>\n\n\n\n<p style=\"line-height:1\"><a href=\"https:\/\/institutferresamat.com\/es\/gerodontologia\/\">Gerodontolog\u00eda<\/a><\/p>\n\n\n\n<p style=\"line-height:1\"><a href=\"https:\/\/institutferresamat.com\/es\/cirurgia-oral-i-maxillofacial\/\">Cirurgia Oral i Maxil\u00b7lofacial<\/a><\/p>\n\n\n\n<p style=\"line-height:1\"><a href=\"https:\/\/institutferresamat.com\/es\/atencio-internacional\/\">Atenci\u00f3n Internacional<\/a><\/p>\n<\/div>\n<\/div>\n<\/div>\n\n\n\n<div class=\"wp-block-group alignfull has-global-padding is-layout-constrained wp-container-core-group-is-layout-b25ccd55 wp-block-group-is-layout-constrained\" style=\"margin-top:0;margin-bottom:0;padding-top:var(--wp--preset--spacing--50);padding-right:var(--wp--preset--spacing--50);padding-bottom:var(--wp--preset--spacing--50);padding-left:var(--wp--preset--spacing--50)\">\n<figure class=\"wp-block-image alignwide size-large history-section\"><img loading=\"lazy\" decoding=\"async\" width=\"1024\" height=\"967\" src=\"https:\/\/institutferresamat.com\/wp-content\/uploads\/2026\/04\/institut-ferres-amat-ifa-especialitats-barcelona-somriu-smile-odontologia-dentista-maxilofacial-implantes-1024x967.png\" alt=\"\" class=\"wp-image-1503\" srcset=\"https:\/\/institutferresamat.com\/wp-content\/uploads\/2026\/04\/institut-ferres-amat-ifa-especialitats-barcelona-somriu-smile-odontologia-dentista-maxilofacial-implantes-1024x967.png 1024w, https:\/\/institutferresamat.com\/wp-content\/uploads\/2026\/04\/institut-ferres-amat-ifa-especialitats-barcelona-somriu-smile-odontologia-dentista-maxilofacial-implantes-300x283.png 300w, https:\/\/institutferresamat.com\/wp-content\/uploads\/2026\/04\/institut-ferres-amat-ifa-especialitats-barcelona-somriu-smile-odontologia-dentista-maxilofacial-implantes-768x725.png 768w, https:\/\/institutferresamat.com\/wp-content\/uploads\/2026\/04\/institut-ferres-amat-ifa-especialitats-barcelona-somriu-smile-odontologia-dentista-maxilofacial-implantes-1536x1450.png 1536w, https:\/\/institutferresamat.com\/wp-content\/uploads\/2026\/04\/institut-ferres-amat-ifa-especialitats-barcelona-somriu-smile-odontologia-dentista-maxilofacial-implantes.png 1784w\" sizes=\"auto, (max-width: 1024px) 100vw, 1024px\" \/><\/figure>\n<\/div>\n\n\n\n<div class=\"wp-block-columns is-layout-flex wp-container-core-columns-is-layout-28f84493 wp-block-columns-is-layout-flex\">\n<div class=\"wp-block-column is-layout-flow wp-block-column-is-layout-flow\">\n<div class=\"wp-block-buttons clean-button is-content-justification-center is-layout-flex wp-container-core-buttons-is-layout-a89b3969 wp-block-buttons-is-layout-flex\">\n<div class=\"wp-block-button\"><a class=\"wp-block-button__link has-background has-text-align-center wp-element-button\" href=\"https:\/\/institutferresamat.com\/es\/centres-dhospitalitzacio-i-area-quirurgica\/\" style=\"background-color:#99ccff\">Centro de Hospitalizaci\u00f3n<\/a><\/div>\n<\/div>\n<\/div>\n\n\n\n<div class=\"wp-block-column is-layout-flow wp-block-column-is-layout-flow\">\n<div class=\"wp-block-buttons clean-button is-content-justification-center is-layout-flex wp-container-core-buttons-is-layout-a89b3969 wp-block-buttons-is-layout-flex\">\n<div class=\"wp-block-button\"><a class=\"wp-block-button__link has-background wp-element-button\" href=\"https:\/\/institutferresamat.com\/es\/mutues\/\" style=\"background-color:#99ccff\">Mutuas<\/a><\/div>\n<\/div>\n<\/div>\n<\/div>\n\n\n\n<p><\/p>","protected":false},"excerpt":{"rendered":"<p>Odontologia Estomatologia Rehabilitaci\u00f3 i Pr\u00f2tesi Dental Implantologia Avan\u00e7ada Est\u00e8tica Dental Period\u00f2ncia Endod\u00f2ncia Articulaci\u00f3 Temporo Mandibular Ortod\u00f2ncia Odontopediatria Odontobeb\u00e8 Gerodontologia Cirurgia Oral i Maxil\u00b7lofacial Atenci\u00f3 Internacional<\/p>","protected":false},"author":1,"featured_media":0,"parent":0,"menu_order":0,"comment_status":"closed","ping_status":"closed","template":"","meta":{"footnotes":""},"class_list":["post-1269","page","type-page","status-publish","hentry"],"_links":{"self":[{"href":"https:\/\/institutferresamat.com\/es\/wp-json\/wp\/v2\/pages\/1269","targetHints":{"allow":["GET"]}}],"collection":[{"href":"https:\/\/institutferresamat.com\/es\/wp-json\/wp\/v2\/pages"}],"about":[{"href":"https:\/\/institutferresamat.com\/es\/wp-json\/wp\/v2\/types\/page"}],"author":[{"embeddable":true,"href":"https:\/\/institutferresamat.com\/es\/wp-json\/wp\/v2\/users\/1"}],"replies":[{"embeddable":true,"href":"https:\/\/institutferresamat.com\/es\/wp-json\/wp\/v2\/comments?post=1269"}],"version-history":[{"count":43,"href":"https:\/\/institutferresamat.com\/es\/wp-json\/wp\/v2\/pages\/1269\/revisions"}],"predecessor-version":[{"id":1716,"href":"https:\/\/institutferresamat.com\/es\/wp-json\/wp\/v2\/pages\/1269\/revisions\/1716"}],"wp:attachment":[{"href":"https:\/\/institutferresamat.com\/es\/wp-json\/wp\/v2\/media?parent=1269"}],"curies":[{"name":"wp","href":"https:\/\/api.w.org\/{rel}","templated":true}]}}