{"id":1666,"date":"2026-04-13T03:44:06","date_gmt":"2026-04-13T03:44:06","guid":{"rendered":"https:\/\/institutferresamat.com\/?page_id=1666"},"modified":"2026-04-13T03:56:45","modified_gmt":"2026-04-13T03:56:45","slug":"estomatologia","status":"publish","type":"page","link":"https:\/\/institutferresamat.com\/es\/estomatologia\/","title":{"rendered":"Estomatolog\u00eda"},"content":{"rendered":"<div class=\"wp-block-group alignfull has-global-padding is-layout-constrained wp-container-core-group-is-layout-d89aad35 wp-block-group-is-layout-constrained\" style=\"margin-top:0;margin-bottom:0;padding-top:var(--wp--preset--spacing--50);padding-right:var(--wp--preset--spacing--50);padding-bottom:var(--wp--preset--spacing--50);padding-left:var(--wp--preset--spacing--50)\">\n<div class=\"wp-block-columns alignwide are-vertically-aligned-center is-layout-flex wp-container-core-columns-is-layout-47c06fe3 wp-block-columns-is-layout-flex\">\n<div class=\"wp-block-column is-vertically-aligned-center is-layout-flow wp-block-column-is-layout-flow\" style=\"flex-basis:50%\">\n<h2 class=\"wp-block-heading\"><strong>Una visi\u00f3 m\u00e8dica completa per cuidar m\u00e9s enll\u00e0 de les dents.<\/strong><\/h2>\n\n\n\n<div style=\"height:69px\" aria-hidden=\"true\" class=\"wp-block-spacer\"><\/div>\n\n\n\n<h4 class=\"wp-block-heading has-text-align-right\">Estudi i tractament de les malalties de la boca, incloent mucoses i teixits orals.<\/h4>\n\n\n\n<p><\/p>\n<\/div>\n\n\n\n<div class=\"wp-block-column is-vertically-aligned-center is-layout-flow wp-block-column-is-layout-flow\" style=\"flex-basis:50%\">\n<figure class=\"wp-block-image size-full is-style-rounded is-style-rounded--1\"><img loading=\"lazy\" decoding=\"async\" width=\"1020\" height=\"1422\" src=\"https:\/\/institutferresamat.com\/wp-content\/uploads\/2026\/04\/Captura-de-pantalla-2026-04-10-a-les-0.06.38.png\" alt=\"\" class=\"wp-image-1395\" style=\"aspect-ratio:4\/3;object-fit:cover\" srcset=\"https:\/\/institutferresamat.com\/wp-content\/uploads\/2026\/04\/Captura-de-pantalla-2026-04-10-a-les-0.06.38.png 1020w, https:\/\/institutferresamat.com\/wp-content\/uploads\/2026\/04\/Captura-de-pantalla-2026-04-10-a-les-0.06.38-215x300.png 215w, https:\/\/institutferresamat.com\/wp-content\/uploads\/2026\/04\/Captura-de-pantalla-2026-04-10-a-les-0.06.38-735x1024.png 735w, https:\/\/institutferresamat.com\/wp-content\/uploads\/2026\/04\/Captura-de-pantalla-2026-04-10-a-les-0.06.38-768x1071.png 768w\" sizes=\"auto, (max-width: 1020px) 100vw, 1020px\" \/><\/figure>\n<\/div>\n<\/div>\n<\/div>\n\n\n\n<div class=\"wp-block-buttons clean-button is-content-justification-center is-layout-flex wp-container-core-buttons-is-layout-a89b3969 wp-block-buttons-is-layout-flex\">\n<div class=\"wp-block-button\"><a class=\"wp-block-button__link has-background wp-element-button\" href=\"https:\/\/institutferresamat.com\/es\/especialitats\/\" style=\"background-color:#99ccff\">ESPECIALITATS<\/a><\/div>\n<\/div>\n\n\n\n<p><\/p>","protected":false},"excerpt":{"rendered":"<p>Una visi\u00f3 m\u00e8dica completa per cuidar m\u00e9s enll\u00e0 de les dents. Estudi i tractament de les malalties de la boca, incloent mucoses i teixits orals.<\/p>","protected":false},"author":1,"featured_media":0,"parent":0,"menu_order":0,"comment_status":"closed","ping_status":"closed","template":"","meta":{"footnotes":""},"class_list":["post-1666","page","type-page","status-publish","hentry"],"_links":{"self":[{"href":"https:\/\/institutferresamat.com\/es\/wp-json\/wp\/v2\/pages\/1666","targetHints":{"allow":["GET"]}}],"collection":[{"href":"https:\/\/institutferresamat.com\/es\/wp-json\/wp\/v2\/pages"}],"about":[{"href":"https:\/\/institutferresamat.com\/es\/wp-json\/wp\/v2\/types\/page"}],"author":[{"embeddable":true,"href":"https:\/\/institutferresamat.com\/es\/wp-json\/wp\/v2\/users\/1"}],"replies":[{"embeddable":true,"href":"https:\/\/institutferresamat.com\/es\/wp-json\/wp\/v2\/comments?post=1666"}],"version-history":[{"count":3,"href":"https:\/\/institutferresamat.com\/es\/wp-json\/wp\/v2\/pages\/1666\/revisions"}],"predecessor-version":[{"id":1678,"href":"https:\/\/institutferresamat.com\/es\/wp-json\/wp\/v2\/pages\/1666\/revisions\/1678"}],"wp:attachment":[{"href":"https:\/\/institutferresamat.com\/es\/wp-json\/wp\/v2\/media?parent=1666"}],"curies":[{"name":"wp","href":"https:\/\/api.w.org\/{rel}","templated":true}]}}