{"id":22,"date":"2011-01-30T17:31:31","date_gmt":"2011-01-30T17:31:31","guid":{"rendered":"http:\/\/institutferresamat.com\/?page_id=22"},"modified":"2026-04-14T17:29:26","modified_gmt":"2026-04-14T17:29:26","slug":"equip","status":"publish","type":"page","link":"https:\/\/institutferresamat.com\/es\/qui-som\/equip\/","title":{"rendered":"Team IFA"},"content":{"rendered":"<figure class=\"wp-block-image size-large is-style-rounded history-section is-style-rounded--1\"><img loading=\"lazy\" decoding=\"async\" width=\"1024\" height=\"663\" src=\"https:\/\/institutferresamat.com\/wp-content\/uploads\/2026\/04\/institut-ferres-amat-ifa-equip-1024x663.png\" alt=\"\" class=\"wp-image-1252\" srcset=\"https:\/\/institutferresamat.com\/wp-content\/uploads\/2026\/04\/institut-ferres-amat-ifa-equip-1024x663.png 1024w, https:\/\/institutferresamat.com\/wp-content\/uploads\/2026\/04\/institut-ferres-amat-ifa-equip-300x194.png 300w, https:\/\/institutferresamat.com\/wp-content\/uploads\/2026\/04\/institut-ferres-amat-ifa-equip-768x497.png 768w, https:\/\/institutferresamat.com\/wp-content\/uploads\/2026\/04\/institut-ferres-amat-ifa-equip.png 1198w\" sizes=\"auto, (max-width: 1024px) 100vw, 1024px\" \/><\/figure>\n\n\n\n<p><\/p>\n\n\n\n<h2 class=\"wp-block-heading\"><strong>EQUIP FACULTATIU <\/strong><\/h2>\n\n\n\n<h4 class=\"wp-block-heading hover-name\"><span style=\"text-decoration: underline; color: #99ccff;\"><a style=\"color: #99ccff;\" href=\"http:\/\/institutferresamat.com\/es\/dr-eduard-ferres-padro\/\"><span style=\"text-decoration: underline;\"><strong>EDUARD FERR\u00c9S PADR\u00d3<\/strong><\/span><\/a><\/span><\/h4>\n\n\n\n<figure class=\"wp-block-image size-large is-resized\"><img loading=\"lazy\" decoding=\"async\" width=\"1024\" height=\"196\" src=\"https:\/\/institutferresamat.com\/wp-content\/uploads\/2026\/04\/idiomes-ifa-eduard-elvira-1024x196.jpg\" alt=\"\" class=\"wp-image-1565\" style=\"aspect-ratio:5.224719213093945;width:138px;height:auto\" srcset=\"https:\/\/institutferresamat.com\/wp-content\/uploads\/2026\/04\/idiomes-ifa-eduard-elvira-1024x196.jpg 1024w, https:\/\/institutferresamat.com\/wp-content\/uploads\/2026\/04\/idiomes-ifa-eduard-elvira-300x57.jpg 300w, https:\/\/institutferresamat.com\/wp-content\/uploads\/2026\/04\/idiomes-ifa-eduard-elvira-768x147.jpg 768w, https:\/\/institutferresamat.com\/wp-content\/uploads\/2026\/04\/idiomes-ifa-eduard-elvira-18x3.jpg 18w, https:\/\/institutferresamat.com\/wp-content\/uploads\/2026\/04\/idiomes-ifa-eduard-elvira.jpg 1379w\" sizes=\"auto, (max-width: 1024px) 100vw, 1024px\" \/><\/figure>\n\n\n\n<p class=\"has-text-align-left\"><strong>Director M\u00e8dic.<\/strong><\/p>\n\n\n\n<ul class=\"wp-block-list\">\n<li>Metge, Estomat\u00f3leg, Cirurgi\u00e0 Oral i Maxil\u00b7lofacial<\/li>\n\n\n\n<li>Doctor en Medicina i Cirurgia<\/li>\n\n\n\n<li>Consultor de COMF de la Cl\u00ednica Corach\u00e1n i de la Cl\u00ednica Sagrada Familia. (Barcelona)<\/li>\n\n\n\n<li>Consultor de COMF del Centre M\u00e8dic DIGEST (Badalona)<\/li>\n\n\n\n<li>Publicacions en investigaci\u00f3 cl\u00ednica i de laboratori en cirurgia reconstructiva i implantol\u00f2gica dels maxil\u00b7lars, investigaci\u00f3 en Medicina Regenerativa Oral i Maxil\u00b7lofacial i en Cirurgia Oral i Maxil\u00b7lofacial pedi\u00e0trica<\/li>\n<\/ul>\n\n\n\n<div style=\"height:29px\" aria-hidden=\"true\" class=\"wp-block-spacer\"><\/div>\n\n\n\n<h4 class=\"wp-block-heading hover-name\"><span style=\"text-decoration: underline; color: #99ccff;\"><a href=\"http:\/\/institutferresamat.com\/es\/dra-elvira-ferres-amat\/\"><span style=\"color: #99ccff; text-decoration: underline;\"><strong>ELVIRA FERR\u00c9S AMAT<\/strong><\/span><\/a><\/span><\/h4>\n\n\n\n<figure class=\"wp-block-image size-large is-resized\"><img loading=\"lazy\" decoding=\"async\" width=\"1024\" height=\"196\" src=\"https:\/\/institutferresamat.com\/wp-content\/uploads\/2026\/04\/idiomes-ifa-eduard-elvira-1024x196.jpg\" alt=\"\" class=\"wp-image-1565\" style=\"aspect-ratio:5.224719213093945;width:134px;height:auto\" srcset=\"https:\/\/institutferresamat.com\/wp-content\/uploads\/2026\/04\/idiomes-ifa-eduard-elvira-1024x196.jpg 1024w, https:\/\/institutferresamat.com\/wp-content\/uploads\/2026\/04\/idiomes-ifa-eduard-elvira-300x57.jpg 300w, https:\/\/institutferresamat.com\/wp-content\/uploads\/2026\/04\/idiomes-ifa-eduard-elvira-768x147.jpg 768w, https:\/\/institutferresamat.com\/wp-content\/uploads\/2026\/04\/idiomes-ifa-eduard-elvira-18x3.jpg 18w, https:\/\/institutferresamat.com\/wp-content\/uploads\/2026\/04\/idiomes-ifa-eduard-elvira.jpg 1379w\" sizes=\"auto, (max-width: 1024px) 100vw, 1024px\" \/><\/figure>\n\n\n\n<p class=\"has-text-align-left\"><strong>Directora d&#8217;Odontologia i Odontopediatria.<\/strong><\/p>\n\n\n\n<ul class=\"wp-block-list\">\n<li>Odont\u00f2loga, Odontopediatra<\/li>\n\n\n\n<li>Doctora en Odontologia<\/li>\n\n\n\n<li>Odont\u00f2loga de l&#8217;equip de Cirurgia Oral i Maxil\u00b7lofacial-IFA-Cl\u00ednica Corach\u00e1n i Cl\u00ednica Sagrada Familia<\/li>\n\n\n\n<li>Professora Adjunta del Departament d&#8217;Odontopediatria de \u00a0la Facultat d&#8217;Odontologia de la UIC<\/li>\n\n\n\n<li>Publicacions en investigaci\u00f3 cl\u00ednica i de laboratori en cirurgia reconstructiva i implantol\u00f2gica dels maxil\u00b7lars, investigaci\u00f3 en odontopediatria i patologia M\u00e8dico Quir\u00fargica Oral i Maxil\u00b7lofacial pedi\u00e0trica<\/li>\n<\/ul>\n\n\n\n<div style=\"height:29px\" aria-hidden=\"true\" class=\"wp-block-spacer\"><\/div>\n\n\n\n<h4 class=\"wp-block-heading hover-name\"><span style=\"text-decoration: underline; color: #99ccff;\"><a href=\"http:\/\/institutferresamat.com\/es\/llic-eduard-ferres-amat\/\"><span style=\"color: #99ccff; text-decoration: underline;\"><strong>EDUARD FERR\u00c9S AMAT<\/strong><\/span><\/a><\/span><\/h4>\n\n\n\n<figure class=\"wp-block-image size-large is-resized\"><img loading=\"lazy\" decoding=\"async\" width=\"1024\" height=\"260\" src=\"https:\/\/institutferresamat.com\/wp-content\/uploads\/2026\/04\/idiomes-ifa-edu-pepa-1024x260.jpg\" alt=\"\" class=\"wp-image-1569\" style=\"aspect-ratio:3.942766295707472;width:106px;height:auto\" srcset=\"https:\/\/institutferresamat.com\/wp-content\/uploads\/2026\/04\/idiomes-ifa-edu-pepa-1024x260.jpg 1024w, https:\/\/institutferresamat.com\/wp-content\/uploads\/2026\/04\/idiomes-ifa-edu-pepa-300x76.jpg 300w, https:\/\/institutferresamat.com\/wp-content\/uploads\/2026\/04\/idiomes-ifa-edu-pepa-768x195.jpg 768w, https:\/\/institutferresamat.com\/wp-content\/uploads\/2026\/04\/idiomes-ifa-edu-pepa-18x5.jpg 18w, https:\/\/institutferresamat.com\/wp-content\/uploads\/2026\/04\/idiomes-ifa-edu-pepa.jpg 1037w\" sizes=\"auto, (max-width: 1024px) 100vw, 1024px\" \/><\/figure>\n\n\n\n<p class=\"has-text-align-left\"><strong>Cap de l&#8217;\u00c0rea d&#8217;Implantologia i Cirurgia Oral.<\/strong><\/p>\n\n\n\n<ul class=\"wp-block-list\">\n<li>Odont\u00f2leg, M\u00e0ster Universitari en Investigaci\u00f3 (MSc)<\/li>\n\n\n\n<li>M\u00e0ster en Cirurgia Oral i Implantologia<\/li>\n\n\n\n<li>Doctor en Odontologia<\/li>\n\n\n\n<li>Odont\u00f2leg de l&#8217;equip de Cirurgia Oral i Maxil\u00b7lofacial-IFA- Cl\u00ednica Corach\u00e1n i Cl\u00ednica Sagrada Familia<\/li>\n\n\n\n<li>Professor Associat de Medicina Oral i Maxil\u00b7lofacial, Facultat Odontologia. UIC<\/li>\n<\/ul>\n\n\n\n<div style=\"height:29px\" aria-hidden=\"true\" class=\"wp-block-spacer\"><\/div>\n\n\n\n<h4 class=\"wp-block-heading hover-name has-text-color has-link-color wp-elements-3c3932b96640524def7ac70d7097432c\" style=\"color:#99ccff\"><strong><a href=\"http:\/\/institutferresamat.com\/es\/qui-som\/equip\/llda-sabine-wustemann-aronica\/\">SABINE W\u00dcSTEMANN ARONICA<\/a><\/strong><\/h4>\n\n\n\n<figure class=\"wp-block-image size-large is-resized\"><img loading=\"lazy\" decoding=\"async\" width=\"1024\" height=\"180\" src=\"https:\/\/institutferresamat.com\/wp-content\/uploads\/2026\/04\/idiomes-ifa-sabi-1024x180.jpg\" alt=\"\" class=\"wp-image-1570\" style=\"aspect-ratio:5.688943449348438;width:170px;height:auto\" srcset=\"https:\/\/institutferresamat.com\/wp-content\/uploads\/2026\/04\/idiomes-ifa-sabi-1024x180.jpg 1024w, https:\/\/institutferresamat.com\/wp-content\/uploads\/2026\/04\/idiomes-ifa-sabi-300x53.jpg 300w, https:\/\/institutferresamat.com\/wp-content\/uploads\/2026\/04\/idiomes-ifa-sabi-768x135.jpg 768w, https:\/\/institutferresamat.com\/wp-content\/uploads\/2026\/04\/idiomes-ifa-sabi-1536x270.jpg 1536w, https:\/\/institutferresamat.com\/wp-content\/uploads\/2026\/04\/idiomes-ifa-sabi-18x3.jpg 18w, https:\/\/institutferresamat.com\/wp-content\/uploads\/2026\/04\/idiomes-ifa-sabi.jpg 1721w\" sizes=\"auto, (max-width: 1024px) 100vw, 1024px\" \/><\/figure>\n\n\n\n<p><strong>Cap de l&#8217;\u00c0rea de Rehabilitaci\u00f3 Oral i Est\u00e8tica Dental.<\/strong><\/p>\n\n\n\n<ul class=\"wp-block-list\">\n<li>Odont\u00f2loga, Especialista en Est\u00e8tica Dental<\/li>\n\n\n\n<li>Diplomada en Rehabilitaci\u00f3 Oral i Pr\u00f2tesis Dental<\/li>\n\n\n\n<li>Diplomada en <em>Smile Design<\/em><\/li>\n<\/ul>\n\n\n\n<div style=\"height:29px\" aria-hidden=\"true\" class=\"wp-block-spacer\"><\/div>\n\n\n\n<h4 class=\"wp-block-heading hover-name\"><strong><span style=\"color: #99ccff;\"><a style=\"color: #99ccff;\" href=\"https:\/\/institutferresamat.com\/es\/llda-ana-valles-creixell\/\">ANA VALL\u00c9S CREIXELL<\/a><\/span><\/strong><\/h4>\n\n\n\n<figure class=\"wp-block-image size-large is-resized\"><img loading=\"lazy\" decoding=\"async\" width=\"1024\" height=\"202\" src=\"https:\/\/institutferresamat.com\/wp-content\/uploads\/2026\/04\/idiomes-ifa-ana-1024x202.jpg\" alt=\"\" class=\"wp-image-1573\" style=\"aspect-ratio:5.070192197727953;width:138px;height:auto\" srcset=\"https:\/\/institutferresamat.com\/wp-content\/uploads\/2026\/04\/idiomes-ifa-ana-1024x202.jpg 1024w, https:\/\/institutferresamat.com\/wp-content\/uploads\/2026\/04\/idiomes-ifa-ana-300x59.jpg 300w, https:\/\/institutferresamat.com\/wp-content\/uploads\/2026\/04\/idiomes-ifa-ana-768x151.jpg 768w, https:\/\/institutferresamat.com\/wp-content\/uploads\/2026\/04\/idiomes-ifa-ana-18x4.jpg 18w, https:\/\/institutferresamat.com\/wp-content\/uploads\/2026\/04\/idiomes-ifa-ana.jpg 1379w\" sizes=\"auto, (max-width: 1024px) 100vw, 1024px\" \/><\/figure>\n\n\n\n<p><strong>Especialista en odontopediatria.<\/strong><\/p>\n\n\n\n<ul class=\"wp-block-list\">\n<li>Odont\u00f2loga<\/li>\n\n\n\n<li>M\u00e0ster en Odontopediatria<\/li>\n<\/ul>\n\n\n\n<div style=\"height:29px\" aria-hidden=\"true\" class=\"wp-block-spacer\"><\/div>\n\n\n\n<h4 class=\"wp-block-heading hover-name\"><span style=\"color: #99ccff;\"><strong>ANG\u00c9LICA MALANO MART\u00cdNEZ<\/strong><\/span><\/h4>\n\n\n\n<figure class=\"wp-block-image size-large is-resized\"><img loading=\"lazy\" decoding=\"async\" width=\"1024\" height=\"266\" src=\"https:\/\/institutferresamat.com\/wp-content\/uploads\/2026\/04\/idiomes-ifa-team-1024x266.jpg\" alt=\"\" class=\"wp-image-1725\" style=\"aspect-ratio:3.938591720279216;width:99px;height:auto\" srcset=\"https:\/\/institutferresamat.com\/wp-content\/uploads\/2026\/04\/idiomes-ifa-team-1024x266.jpg 1024w, https:\/\/institutferresamat.com\/wp-content\/uploads\/2026\/04\/idiomes-ifa-team-300x78.jpg 300w, https:\/\/institutferresamat.com\/wp-content\/uploads\/2026\/04\/idiomes-ifa-team-768x200.jpg 768w, https:\/\/institutferresamat.com\/wp-content\/uploads\/2026\/04\/idiomes-ifa-team-18x5.jpg 18w, https:\/\/institutferresamat.com\/wp-content\/uploads\/2026\/04\/idiomes-ifa-team.jpg 1038w\" sizes=\"auto, (max-width: 1024px) 100vw, 1024px\" \/><\/figure>\n\n\n\n<p><strong>Especialista en Period\u00f2ncia y Cirurgia Mucogingival.<\/strong><\/p>\n\n\n\n<ul class=\"wp-block-list\">\n<li>Odont\u00f2loga<\/li>\n\n\n\n<li>M\u00e0ster en Period\u00f2ncia<\/li>\n\n\n\n<li>M\u00e0ster en Implantologia<\/li>\n<\/ul>\n\n\n\n<div style=\"height:29px\" aria-hidden=\"true\" class=\"wp-block-spacer\"><\/div>\n\n\n\n<h4 class=\"wp-block-heading hover-name\"><span style=\"color: #99ccff;\"><strong>JUDIT DE AMOR\u00cdN CASTELLANOS<\/strong><\/span><\/h4>\n\n\n\n<figure class=\"wp-block-image size-large is-resized\"><img loading=\"lazy\" decoding=\"async\" width=\"1024\" height=\"266\" src=\"https:\/\/institutferresamat.com\/wp-content\/uploads\/2026\/04\/idiomes-ifa-team-1024x266.jpg\" alt=\"\" class=\"wp-image-1725\" style=\"aspect-ratio:3.938591720279216;width:99px;height:auto\" srcset=\"https:\/\/institutferresamat.com\/wp-content\/uploads\/2026\/04\/idiomes-ifa-team-1024x266.jpg 1024w, https:\/\/institutferresamat.com\/wp-content\/uploads\/2026\/04\/idiomes-ifa-team-300x78.jpg 300w, https:\/\/institutferresamat.com\/wp-content\/uploads\/2026\/04\/idiomes-ifa-team-768x200.jpg 768w, https:\/\/institutferresamat.com\/wp-content\/uploads\/2026\/04\/idiomes-ifa-team-18x5.jpg 18w, https:\/\/institutferresamat.com\/wp-content\/uploads\/2026\/04\/idiomes-ifa-team.jpg 1038w\" sizes=\"auto, (max-width: 1024px) 100vw, 1024px\" \/><\/figure>\n\n\n\n<p><strong>Especialista en Endod\u00f2ncia.<\/strong><\/p>\n\n\n\n<ul class=\"wp-block-list\">\n<li>Odont\u00f2loga<\/li>\n\n\n\n<li>M\u00e0ster en Endod\u00f2ncia<\/li>\n<\/ul>\n\n\n\n<div style=\"height:29px\" aria-hidden=\"true\" class=\"wp-block-spacer\"><\/div>\n\n\n\n<h4 class=\"wp-block-heading hover-name\"><span style=\"text-decoration: underline; color: #99ccff;\"><a href=\"http:\/\/institutferresamat.com\/es\/llic-rafael-corell-carbonell\/\"><span style=\"color: #99ccff; text-decoration: underline;\"><strong>RAFAEL CORELL CARBONELL&nbsp;<\/strong><\/span><\/a><\/span><\/h4>\n\n\n\n<figure class=\"wp-block-image size-large is-resized\"><img loading=\"lazy\" decoding=\"async\" width=\"1024\" height=\"196\" src=\"https:\/\/institutferresamat.com\/wp-content\/uploads\/2026\/04\/idiomes-ifa-eduard-elvira-1024x196.jpg\" alt=\"\" class=\"wp-image-1565\" style=\"aspect-ratio:5.224719213093945;width:129px;height:auto\" srcset=\"https:\/\/institutferresamat.com\/wp-content\/uploads\/2026\/04\/idiomes-ifa-eduard-elvira-1024x196.jpg 1024w, https:\/\/institutferresamat.com\/wp-content\/uploads\/2026\/04\/idiomes-ifa-eduard-elvira-300x57.jpg 300w, https:\/\/institutferresamat.com\/wp-content\/uploads\/2026\/04\/idiomes-ifa-eduard-elvira-768x147.jpg 768w, https:\/\/institutferresamat.com\/wp-content\/uploads\/2026\/04\/idiomes-ifa-eduard-elvira-18x3.jpg 18w, https:\/\/institutferresamat.com\/wp-content\/uploads\/2026\/04\/idiomes-ifa-eduard-elvira.jpg 1379w\" sizes=\"auto, (max-width: 1024px) 100vw, 1024px\" \/><\/figure>\n\n\n\n<p class=\"has-text-align-left\"><strong>Consultor d&#8217;Ortod\u00f2ncia.<\/strong><\/p>\n\n\n\n<ul class=\"wp-block-list\">\n<li>Metge, Odont\u00f2leg, Ortodoncista.<\/li>\n\n\n\n<li>Metge-Odont\u00f2leg de l&#8217;equip de Cirurgia Oral i Maxil\u00b7lofacial-IFA-Cl\u00ednica Sagrada Familia<\/li>\n<\/ul>\n\n\n\n<div style=\"height:29px\" aria-hidden=\"true\" class=\"wp-block-spacer\"><\/div>\n\n\n\n<h4 class=\"wp-block-heading hover-name\"><a href=\"http:\/\/institutferresamat.com\/es\/sra-sandra-vallet-boguna\/\"><strong><span style=\"text-decoration: underline; color: #99ccff;\"><span style=\"color: #99ccff; text-decoration: underline;\">SANDRA VALLET BOGU\u00d1\u00c1<\/span><\/span><\/strong><\/a><\/h4>\n\n\n\n<figure class=\"wp-block-image size-large is-resized\"><img loading=\"lazy\" decoding=\"async\" width=\"1024\" height=\"260\" src=\"https:\/\/institutferresamat.com\/wp-content\/uploads\/2026\/04\/idiomes-ifa-edu-pepa-1024x260.jpg\" alt=\"\" class=\"wp-image-1569\" style=\"aspect-ratio:3.938591720279216;width:99px;height:auto\" srcset=\"https:\/\/institutferresamat.com\/wp-content\/uploads\/2026\/04\/idiomes-ifa-edu-pepa-1024x260.jpg 1024w, https:\/\/institutferresamat.com\/wp-content\/uploads\/2026\/04\/idiomes-ifa-edu-pepa-300x76.jpg 300w, https:\/\/institutferresamat.com\/wp-content\/uploads\/2026\/04\/idiomes-ifa-edu-pepa-768x195.jpg 768w, https:\/\/institutferresamat.com\/wp-content\/uploads\/2026\/04\/idiomes-ifa-edu-pepa-18x5.jpg 18w, https:\/\/institutferresamat.com\/wp-content\/uploads\/2026\/04\/idiomes-ifa-edu-pepa.jpg 1037w\" sizes=\"auto, (max-width: 1024px) 100vw, 1024px\" \/><\/figure>\n\n\n\n<p><strong>Infermera Quir\u00fargica.<\/strong><\/p>\n\n\n\n<ul class=\"wp-block-list\">\n<li>Graduada en Infermeria<\/li>\n\n\n\n<li>Postgrau en Infermeria Quir\u00fargica<\/li>\n\n\n\n<li>Postgrau en Oncologia<\/li>\n\n\n\n<li>M\u00e0ster en Infermeria en Anestesia, Reanimaci\u00f3 i Tractament del dolor<\/li>\n\n\n\n<li>Postgrau en Gesti\u00f3 de la Imatge Corporal i Dermoest\u00e8tica<\/li>\n<\/ul>\n\n\n\n<div style=\"height:63px\" aria-hidden=\"true\" class=\"wp-block-spacer\"><\/div>\n\n\n\n<h2 class=\"wp-block-heading\"><strong>EQUIP CL\u00cdNIC<\/strong><\/h2>\n\n\n\n<figure class=\"wp-block-image size-large is-resized\"><img loading=\"lazy\" decoding=\"async\" width=\"1024\" height=\"260\" src=\"https:\/\/institutferresamat.com\/wp-content\/uploads\/2026\/04\/idiomes-ifa-edu-pepa-1024x260.jpg\" alt=\"\" class=\"wp-image-1569\" style=\"aspect-ratio:3.938591720279216;width:99px;height:auto\" srcset=\"https:\/\/institutferresamat.com\/wp-content\/uploads\/2026\/04\/idiomes-ifa-edu-pepa-1024x260.jpg 1024w, https:\/\/institutferresamat.com\/wp-content\/uploads\/2026\/04\/idiomes-ifa-edu-pepa-300x76.jpg 300w, https:\/\/institutferresamat.com\/wp-content\/uploads\/2026\/04\/idiomes-ifa-edu-pepa-768x195.jpg 768w, https:\/\/institutferresamat.com\/wp-content\/uploads\/2026\/04\/idiomes-ifa-edu-pepa-18x5.jpg 18w, https:\/\/institutferresamat.com\/wp-content\/uploads\/2026\/04\/idiomes-ifa-edu-pepa.jpg 1037w\" sizes=\"auto, (max-width: 1024px) 100vw, 1024px\" \/><\/figure>\n\n\n\n<ul class=\"wp-block-list\">\n<li><strong>Maria Jos\u00e9 Ferr\u00e9s Padr\u00f3<\/strong> &#8211; Higienista Dental. Coordinaci\u00f3 Cl\u00ednica<\/li>\n\n\n\n<li><strong>Cristina Carb\u00f3 Balaguer<\/strong> &#8211; Higienista Dental. Recepci\u00f3<\/li>\n\n\n\n<li><strong>Silvia Mayor Escabias<\/strong> &#8211; Higienista Dental. Coordinaci\u00f3 Cl\u00ednica<\/li>\n<\/ul>\n\n\n\n<ul class=\"wp-block-list\">\n<li><strong>Eva Paredes Sosa<\/strong> &#8211; Auxiliar Dental<\/li>\n<\/ul>\n\n\n\n<ul class=\"wp-block-list\">\n<li><strong>Joan Osorio<\/strong> &#8211; Recepci\u00f3. Gesti\u00f3 de pacients i administraci\u00f3<\/li>\n<\/ul>\n\n\n\n<div style=\"height:23px\" aria-hidden=\"true\" class=\"wp-block-spacer\"><\/div>\n\n\n\n<p class=\"hover-name\"><strong>Maria Ferr\u00e9s Amat<\/strong> &#8211; Directora Creativa &#8211; <a href=\"https:\/\/mariaferresamat.com\/\">mariaferresamat.com<\/a><\/p>\n\n\n\n<p><span style=\"color: #99ccff;\">&nbsp;<\/span><\/p>\n\n\n\n<p><\/p>","protected":false},"excerpt":{"rendered":"<p>EQUIP FACULTATIU EDUARD FERR\u00c9S PADR\u00d3 Director M\u00e8dic. ELVIRA FERR\u00c9S AMAT Directora d&#8217;Odontologia i Odontopediatria. EDUARD FERR\u00c9S AMAT Cap de l&#8217;\u00c0rea d&#8217;Implantologia i Cirurgia Oral. SABINE W\u00dcSTEMANN ARONICA Cap de l&#8217;\u00c0rea de Rehabilitaci\u00f3 Oral i Est\u00e8tica Dental. ANA VALL\u00c9S CREIXELL Especialista en odontopediatria. ANG\u00c9LICA MALANO MART\u00cdNEZ Especialista en Period\u00f2ncia y Cirurgia Mucogingival. JUDIT DE AMOR\u00cdN CASTELLANOS [&hellip;]<\/p>\n","protected":false},"author":1,"featured_media":0,"parent":2,"menu_order":3,"comment_status":"closed","ping_status":"closed","template":"","meta":{"footnotes":""},"class_list":["post-22","page","type-page","status-publish","hentry"],"_links":{"self":[{"href":"https:\/\/institutferresamat.com\/es\/wp-json\/wp\/v2\/pages\/22","targetHints":{"allow":["GET"]}}],"collection":[{"href":"https:\/\/institutferresamat.com\/es\/wp-json\/wp\/v2\/pages"}],"about":[{"href":"https:\/\/institutferresamat.com\/es\/wp-json\/wp\/v2\/types\/page"}],"author":[{"embeddable":true,"href":"https:\/\/institutferresamat.com\/es\/wp-json\/wp\/v2\/users\/1"}],"replies":[{"embeddable":true,"href":"https:\/\/institutferresamat.com\/es\/wp-json\/wp\/v2\/comments?post=22"}],"version-history":[{"count":89,"href":"https:\/\/institutferresamat.com\/es\/wp-json\/wp\/v2\/pages\/22\/revisions"}],"predecessor-version":[{"id":1745,"href":"https:\/\/institutferresamat.com\/es\/wp-json\/wp\/v2\/pages\/22\/revisions\/1745"}],"up":[{"embeddable":true,"href":"https:\/\/institutferresamat.com\/es\/wp-json\/wp\/v2\/pages\/2"}],"wp:attachment":[{"href":"https:\/\/institutferresamat.com\/es\/wp-json\/wp\/v2\/media?parent=22"}],"curies":[{"name":"wp","href":"https:\/\/api.w.org\/{rel}","templated":true}]}}