{"id":93,"date":"2011-02-02T09:58:58","date_gmt":"2011-02-02T09:58:58","guid":{"rendered":"http:\/\/institutferresamat.com\/"},"modified":"2026-04-13T18:15:04","modified_gmt":"2026-04-13T18:15:04","slug":"inici","status":"publish","type":"page","link":"https:\/\/institutferresamat.com\/es\/","title":{"rendered":"Cuidamos tu sonrisa desde 1949"},"content":{"rendered":"<div class=\"wp-block-group alignfull has-accent-background-color has-background has-global-padding is-layout-constrained wp-container-core-group-is-layout-669513ed wp-block-group-is-layout-constrained\" style=\"margin-top:0;margin-bottom:0;padding-top:var(--wp--preset--spacing--50);padding-right:var(--wp--preset--spacing--50);padding-bottom:var(--wp--preset--spacing--50);padding-left:var(--wp--preset--spacing--50)\">\n<div class=\"wp-block-columns alignwide is-layout-flex wp-container-core-columns-is-layout-1da03c2a wp-block-columns-is-layout-flex\">\n<div class=\"wp-block-column is-vertically-aligned-stretch is-layout-flow wp-block-column-is-layout-flow\" style=\"flex-basis:50%\">\n<div class=\"wp-block-group is-vertical is-content-justification-stretch is-layout-flex wp-container-core-group-is-layout-444d5ee8 wp-block-group-is-layout-flex\" style=\"min-height:100%\">\n<p class=\"home-title has-heading-font-family has-x-large-font-size\" style=\"line-height:1.2\"><strong>Cirug\u00eda oral y odontolog\u00eda avanzada en Barcelona<\/strong><\/p>\n\n\n\n<p class=\"home-subtitle has-heading-font-family has-x-large-font-size\" style=\"line-height:1.2\">Tres generaciones dedicadas a la salud bucodental.<\/p>\n\n\n\n<div class=\"wp-block-group clean-button has-global-padding is-content-justification-left is-layout-constrained wp-container-core-group-is-layout-9fe8ed88 wp-block-group-is-layout-constrained\">\n<div class=\"wp-block-buttons is-layout-flex wp-block-buttons-is-layout-flex\">\n<div class=\"wp-block-button clean-button\"><a class=\"wp-block-button__link has-background wp-element-button\" href=\"http:\/\/institutferresamat.com\/es\/contacte\/\" style=\"background-color:#99ccff\">Contacto<\/a><\/div>\n<\/div>\n<\/div>\n<\/div>\n<\/div>\n\n\n\n<div class=\"wp-block-column is-vertically-aligned-center is-layout-flow wp-block-column-is-layout-flow\" style=\"flex-basis:50%\">\n<figure class=\"wp-block-image size-large is-style-rounded history-section is-style-rounded--1\"><img loading=\"lazy\" decoding=\"async\" width=\"565\" height=\"1024\" src=\"http:\/\/institutferresamat.com\/wp-content\/uploads\/2026\/04\/institut-ferres-amat-barcelona-ifa-565x1024.png\" alt=\"\" class=\"wp-image-1180\" style=\"aspect-ratio:3\/4;object-fit:cover\" srcset=\"https:\/\/institutferresamat.com\/wp-content\/uploads\/2026\/04\/institut-ferres-amat-barcelona-ifa-565x1024.png 565w, https:\/\/institutferresamat.com\/wp-content\/uploads\/2026\/04\/institut-ferres-amat-barcelona-ifa-166x300.png 166w, https:\/\/institutferresamat.com\/wp-content\/uploads\/2026\/04\/institut-ferres-amat-barcelona-ifa-768x1391.png 768w, https:\/\/institutferresamat.com\/wp-content\/uploads\/2026\/04\/institut-ferres-amat-barcelona-ifa-848x1536.png 848w, https:\/\/institutferresamat.com\/wp-content\/uploads\/2026\/04\/institut-ferres-amat-barcelona-ifa.png 976w\" sizes=\"auto, (max-width: 565px) 100vw, 565px\" \/><\/figure>\n<\/div>\n<\/div>\n<\/div>\n\n\n\n<div class=\"wp-block-group alignfull has-base-background-color has-background has-global-padding is-layout-constrained wp-container-core-group-is-layout-d89aad35 wp-block-group-is-layout-constrained\" style=\"margin-top:0;margin-bottom:0;padding-top:var(--wp--preset--spacing--50);padding-right:var(--wp--preset--spacing--50);padding-bottom:var(--wp--preset--spacing--50);padding-left:var(--wp--preset--spacing--50)\">\n<div class=\"wp-block-columns alignwide is-layout-flex wp-container-core-columns-is-layout-549b0c86 wp-block-columns-is-layout-flex\">\n<div class=\"wp-block-column has-global-padding is-content-justification-left is-layout-constrained wp-container-core-column-is-layout-4f15e8fe wp-block-column-is-layout-constrained\" style=\"flex-basis:40%\">\n<figure class=\"wp-block-image size-large is-style-rounded history-section is-style-rounded--2\"><img loading=\"lazy\" decoding=\"async\" width=\"946\" height=\"1024\" src=\"http:\/\/institutferresamat.com\/wp-content\/uploads\/2023\/02\/institut-ferres-amat-ifa-barcelona-dentista-1-946x1024.jpg\" alt=\"\" class=\"wp-image-1029\" srcset=\"https:\/\/institutferresamat.com\/wp-content\/uploads\/2023\/02\/institut-ferres-amat-ifa-barcelona-dentista-1-946x1024.jpg 946w, https:\/\/institutferresamat.com\/wp-content\/uploads\/2023\/02\/institut-ferres-amat-ifa-barcelona-dentista-1-277x300.jpg 277w, https:\/\/institutferresamat.com\/wp-content\/uploads\/2023\/02\/institut-ferres-amat-ifa-barcelona-dentista-1-768x832.jpg 768w, https:\/\/institutferresamat.com\/wp-content\/uploads\/2023\/02\/institut-ferres-amat-ifa-barcelona-dentista-1.jpg 1170w\" sizes=\"auto, (max-width: 946px) 100vw, 946px\" \/><\/figure>\n\n\n\n<figure class=\"wp-block-image alignright size-large is-resized is-style-rounded history-section is-style-rounded--3\"><img loading=\"lazy\" decoding=\"async\" width=\"768\" height=\"1024\" src=\"https:\/\/institutferresamat.com\/wp-content\/uploads\/2026\/04\/PHOTO-2020-03-22-04-58-57-768x1024.jpg\" alt=\"\" class=\"wp-image-1309\" style=\"width:247px;height:auto\" srcset=\"https:\/\/institutferresamat.com\/wp-content\/uploads\/2026\/04\/PHOTO-2020-03-22-04-58-57-768x1024.jpg 768w, https:\/\/institutferresamat.com\/wp-content\/uploads\/2026\/04\/PHOTO-2020-03-22-04-58-57-225x300.jpg 225w, https:\/\/institutferresamat.com\/wp-content\/uploads\/2026\/04\/PHOTO-2020-03-22-04-58-57-1152x1536.jpg 1152w, https:\/\/institutferresamat.com\/wp-content\/uploads\/2026\/04\/PHOTO-2020-03-22-04-58-57.jpg 1200w\" sizes=\"auto, (max-width: 768px) 100vw, 768px\" \/><\/figure>\n<\/div>\n\n\n\n<div class=\"wp-block-column is-layout-flow wp-container-core-column-is-layout-119bc444 wp-block-column-is-layout-flow\" style=\"flex-basis:60%\">\n<p class=\"has-heading-font-family has-x-large-font-size\" style=\"line-height:1.2\">Trabajamos en equipo para ofrecer una atenci\u00f3n integral y personalizada.<\/p>\n\n\n\n<div class=\"wp-block-columns is-layout-flex wp-container-core-columns-is-layout-87beb0d0 wp-block-columns-is-layout-flex\">\n<div class=\"wp-block-column is-layout-flow wp-block-column-is-layout-flow\">\n<p class=\"wp-container-content-9cfa9a5a\">Combinamos experiencia, formaci\u00f3n continua y tecnolog\u00eda avanzada para garantizar tratamientos seguros, eficaces y adaptados a cada caso.<\/p>\n\n\n\n<p><\/p>\n\n\n\n<div class=\"wp-block-buttons clean-button is-layout-flex wp-block-buttons-is-layout-flex\">\n<div class=\"wp-block-button clean-button\"><a class=\"wp-block-button__link has-background wp-element-button\" href=\"https:\/\/institutferresamat.com\/es\/historia\/\" style=\"background-color:#99ccff\">Historia<\/a><\/div>\n\n\n\n<div class=\"wp-block-button clean-button\"><a class=\"wp-block-button__link has-background wp-element-button\" href=\"https:\/\/institutferresamat.com\/es\/especialitats\/\" style=\"background-color:#99ccff\">Servicios<\/a><\/div>\n<\/div>\n<\/div>\n\n\n\n<div class=\"wp-block-column is-layout-flow wp-block-column-is-layout-flow\">\n<p>Queremos centrarnos en la prevenci\u00f3n. No es necesario esperar a tener s\u00edntomas: muchos tratamientos pueden evitarse con un buen control y revisiones peri\u00f3dicas. Por eso damos mucha importancia al \u00e1rea de prevenci\u00f3n de nuestro Instituto, recordando siempre la importancia de cuidar las sonrisas de nuestros pacientes.<\/p>\n<\/div>\n<\/div>\n\n\n\n<figure class=\"wp-block-image alignright size-full is-resized is-style-rounded history-section is-style-rounded--4\"><img loading=\"lazy\" decoding=\"async\" width=\"560\" height=\"468\" src=\"https:\/\/institutferresamat.com\/wp-content\/uploads\/2026\/04\/ifa-somriure-institut-ferres-amat-smile.jpg\" alt=\"\" class=\"wp-image-1307\" style=\"width:222px;height:auto\" srcset=\"https:\/\/institutferresamat.com\/wp-content\/uploads\/2026\/04\/ifa-somriure-institut-ferres-amat-smile.jpg 560w, https:\/\/institutferresamat.com\/wp-content\/uploads\/2026\/04\/ifa-somriure-institut-ferres-amat-smile-300x251.jpg 300w\" sizes=\"auto, (max-width: 560px) 100vw, 560px\" \/><\/figure>\n<\/div>\n<\/div>\n<\/div>\n\n\n\n<div class=\"wp-block-group alignfull has-global-padding is-layout-constrained wp-container-core-group-is-layout-669513ed wp-block-group-is-layout-constrained\" style=\"margin-top:0;margin-bottom:0;padding-top:var(--wp--preset--spacing--50);padding-right:var(--wp--preset--spacing--50);padding-bottom:var(--wp--preset--spacing--50);padding-left:var(--wp--preset--spacing--50)\">\n<div class=\"wp-block-group is-vertical is-content-justification-center is-layout-flex wp-container-core-group-is-layout-ce155fab wp-block-group-is-layout-flex\">\n<h2 class=\"wp-block-heading has-text-align-center has-xx-large-font-size\"><strong>Team IFA<\/strong><\/h2>\n<\/div>\n\n\n\n<div class=\"wp-block-columns alignwide is-layout-flex wp-container-core-columns-is-layout-4935966c wp-block-columns-is-layout-flex\" style=\"padding-right:0;padding-left:0\">\n<div class=\"wp-block-column is-layout-flow wp-block-column-is-layout-flow\">\n<figure class=\"wp-block-image size-full is-style-rounded team-photo is-style-rounded--5\"><a href=\"http:\/\/institutferresamat.com\/es\/dr-eduard-ferres-padro\/\"><img loading=\"lazy\" decoding=\"async\" width=\"1058\" height=\"1388\" src=\"http:\/\/institutferresamat.com\/wp-content\/uploads\/2026\/04\/eduard_ferres_padro_ifa.jpg\" alt=\"\" class=\"wp-image-1181\" style=\"aspect-ratio:1;object-fit:cover\" srcset=\"https:\/\/institutferresamat.com\/wp-content\/uploads\/2026\/04\/eduard_ferres_padro_ifa.jpg 1058w, https:\/\/institutferresamat.com\/wp-content\/uploads\/2026\/04\/eduard_ferres_padro_ifa-229x300.jpg 229w, https:\/\/institutferresamat.com\/wp-content\/uploads\/2026\/04\/eduard_ferres_padro_ifa-781x1024.jpg 781w, https:\/\/institutferresamat.com\/wp-content\/uploads\/2026\/04\/eduard_ferres_padro_ifa-768x1008.jpg 768w\" sizes=\"auto, (max-width: 1058px) 100vw, 1058px\" \/><\/a><\/figure>\n\n\n\n<div class=\"wp-block-group hover-name is-vertical is-content-justification-center is-nowrap is-layout-flex wp-container-core-group-is-layout-21d4e958 wp-block-group-is-layout-flex\">\n<p class=\"has-text-align-center has-text-color has-link-color has-small-font-size wp-elements-745dde60c4e9d7045fa0dadfe554f9bb\" style=\"color:#6fa9e4\"><strong><a href=\"https:\/\/institutferresamat.com\/es\/dr-eduard-ferres-padro\/\">Dr. Eduard Ferr\u00e9s Padr\u00f3<\/a><\/strong><\/p>\n\n\n\n<p class=\"has-text-align-center has-small-font-size\">Fundador y Director M\u00e9dico<\/p>\n<\/div>\n<\/div>\n\n\n\n<div class=\"wp-block-column is-layout-flow wp-block-column-is-layout-flow\">\n<figure class=\"wp-block-image size-full is-style-rounded team-photo is-style-rounded--6\"><a href=\"http:\/\/institutferresamat.com\/es\/dra-elvira-ferres-amat\/\"><img loading=\"lazy\" decoding=\"async\" width=\"2384\" height=\"2560\" src=\"http:\/\/institutferresamat.com\/wp-content\/uploads\/2026\/04\/elvira_ferres_amat_ifa-scaled.jpg\" alt=\"\" class=\"wp-image-1182\" style=\"aspect-ratio:1;object-fit:cover\" srcset=\"https:\/\/institutferresamat.com\/wp-content\/uploads\/2026\/04\/elvira_ferres_amat_ifa-scaled.jpg 2384w, https:\/\/institutferresamat.com\/wp-content\/uploads\/2026\/04\/elvira_ferres_amat_ifa-279x300.jpg 279w, https:\/\/institutferresamat.com\/wp-content\/uploads\/2026\/04\/elvira_ferres_amat_ifa-954x1024.jpg 954w, https:\/\/institutferresamat.com\/wp-content\/uploads\/2026\/04\/elvira_ferres_amat_ifa-768x825.jpg 768w, https:\/\/institutferresamat.com\/wp-content\/uploads\/2026\/04\/elvira_ferres_amat_ifa-1431x1536.jpg 1431w, https:\/\/institutferresamat.com\/wp-content\/uploads\/2026\/04\/elvira_ferres_amat_ifa-1908x2048.jpg 1908w\" sizes=\"auto, (max-width: 2384px) 100vw, 2384px\" \/><\/a><\/figure>\n\n\n\n<div class=\"wp-block-group is-vertical is-content-justification-center is-nowrap is-layout-flex wp-container-core-group-is-layout-63bfd6c1 wp-block-group-is-layout-flex\">\n<p class=\"has-text-align-center hover-name has-text-color has-link-color has-small-font-size wp-elements-c4eaa61f7e4ba05ac9455da6f70a6dba\" style=\"color:#6fa9e4\"><strong><a href=\"https:\/\/institutferresamat.com\/es\/dra-elvira-ferres-amat\/\">Dra. Elvira Ferr\u00e9s Amat<\/a><\/strong><\/p>\n\n\n\n<p class=\"has-text-align-center has-small-font-size\">Directora de Odontolog\u00eda <\/p>\n\n\n\n<p class=\"has-text-align-center has-small-font-size\">y Odontopediatr\u00eda <\/p>\n<\/div>\n<\/div>\n\n\n\n<div class=\"wp-block-column is-layout-flow wp-block-column-is-layout-flow\">\n<figure class=\"wp-block-image size-full is-style-rounded team-photo is-style-rounded--7\"><a href=\"http:\/\/institutferresamat.com\/es\/llic-eduard-ferres-amat\/\"><img loading=\"lazy\" decoding=\"async\" width=\"1170\" height=\"1435\" src=\"http:\/\/institutferresamat.com\/wp-content\/uploads\/2024\/09\/eduard-ferres-amat-ifa-institut-ferres-amat.jpg\" alt=\"\" class=\"wp-image-1133\" style=\"aspect-ratio:1;object-fit:cover\" srcset=\"https:\/\/institutferresamat.com\/wp-content\/uploads\/2024\/09\/eduard-ferres-amat-ifa-institut-ferres-amat.jpg 1170w, https:\/\/institutferresamat.com\/wp-content\/uploads\/2024\/09\/eduard-ferres-amat-ifa-institut-ferres-amat-245x300.jpg 245w, https:\/\/institutferresamat.com\/wp-content\/uploads\/2024\/09\/eduard-ferres-amat-ifa-institut-ferres-amat-835x1024.jpg 835w, https:\/\/institutferresamat.com\/wp-content\/uploads\/2024\/09\/eduard-ferres-amat-ifa-institut-ferres-amat-768x942.jpg 768w\" sizes=\"auto, (max-width: 1170px) 100vw, 1170px\" \/><\/a><\/figure>\n\n\n\n<div class=\"wp-block-group is-vertical is-content-justification-center is-nowrap is-layout-flex wp-container-core-group-is-layout-63bfd6c1 wp-block-group-is-layout-flex\">\n<p class=\"has-text-align-center hover-name has-text-color has-link-color has-small-font-size wp-elements-ab7e9419d99dce1363d57fed56a095a1\" style=\"color:#6fa9e4\"><strong><a href=\"https:\/\/institutferresamat.com\/es\/llic-eduard-ferres-amat\/\">Dr. Eduard Ferr\u00e9s Amat<\/a><\/strong><\/p>\n\n\n\n<p class=\"has-text-align-center has-small-font-size\">Responsable de Implantolog\u00eda y Cirurg\u00eda Oral<\/p>\n<\/div>\n<\/div>\n\n\n\n<div class=\"wp-block-column is-layout-flow wp-block-column-is-layout-flow\">\n<figure class=\"wp-block-image size-full is-style-rounded team-photo is-style-rounded--8\"><a href=\"http:\/\/institutferresamat.com\/es\/qui-som\/equip\/llda-sabine-wustemann-aronica\/\"><img loading=\"lazy\" decoding=\"async\" width=\"2232\" height=\"2560\" src=\"http:\/\/institutferresamat.com\/wp-content\/uploads\/2026\/04\/sabine_wustemann_aronica-scaled.jpg\" alt=\"\" class=\"wp-image-1183\" style=\"aspect-ratio:1;object-fit:cover\" srcset=\"https:\/\/institutferresamat.com\/wp-content\/uploads\/2026\/04\/sabine_wustemann_aronica-scaled.jpg 2232w, https:\/\/institutferresamat.com\/wp-content\/uploads\/2026\/04\/sabine_wustemann_aronica-262x300.jpg 262w, https:\/\/institutferresamat.com\/wp-content\/uploads\/2026\/04\/sabine_wustemann_aronica-893x1024.jpg 893w, https:\/\/institutferresamat.com\/wp-content\/uploads\/2026\/04\/sabine_wustemann_aronica-768x881.jpg 768w, https:\/\/institutferresamat.com\/wp-content\/uploads\/2026\/04\/sabine_wustemann_aronica-1339x1536.jpg 1339w, https:\/\/institutferresamat.com\/wp-content\/uploads\/2026\/04\/sabine_wustemann_aronica-1786x2048.jpg 1786w\" sizes=\"auto, (max-width: 2232px) 100vw, 2232px\" \/><\/a><\/figure>\n\n\n\n<div class=\"wp-block-group is-vertical is-content-justification-center is-nowrap is-layout-flex wp-container-core-group-is-layout-21d4e958 wp-block-group-is-layout-flex\">\n<p class=\"has-text-align-center hover-name has-text-color has-link-color has-small-font-size wp-elements-433a20eeed18008ca56eb7bb41e44a31\" style=\"color:#6fa9e4\"><strong><a href=\"https:\/\/institutferresamat.com\/es\/qui-som\/equip\/llda-sabine-wustemann-aronica\/\">Dra. Sabine W\u00fcstemann Aronica<\/a><\/strong><\/p>\n\n\n\n<p class=\"has-text-align-center has-small-font-size\">Responsable de Rehabilitaci\u00f3n Oral y Est\u00e9tica Dental<\/p>\n<\/div>\n<\/div>\n<\/div>\n\n\n\n<div class=\"wp-block-buttons clean-button is-content-justification-center is-layout-flex wp-container-core-buttons-is-layout-a89b3969 wp-block-buttons-is-layout-flex\">\n<div class=\"wp-block-button clean-button\"><a class=\"wp-block-button__link has-background wp-element-button\" href=\"http:\/\/institutferresamat.com\/es\/qui-som\/equip\/\" style=\"background-color:#99ccff\">Conoce el Team IFA<\/a><\/div>\n<\/div>\n<\/div>\n\n\n\n<div class=\"wp-block-group alignfull has-accent-5-background-color has-background has-global-padding is-layout-constrained wp-container-core-group-is-layout-d89aad35 wp-block-group-is-layout-constrained\" style=\"margin-top:0;margin-bottom:0;padding-top:var(--wp--preset--spacing--50);padding-right:var(--wp--preset--spacing--50);padding-bottom:var(--wp--preset--spacing--50);padding-left:var(--wp--preset--spacing--50)\">\n<div class=\"wp-block-columns alignwide is-layout-flex wp-container-core-columns-is-layout-1da03c2a wp-block-columns-is-layout-flex\">\n<div class=\"wp-block-column is-vertically-aligned-center is-layout-flow wp-block-column-is-layout-flow\" style=\"flex-basis:60%\">\n<figure class=\"wp-block-image size-full is-style-rounded history-section wp-duotone-duotone-1 is-style-rounded--9\"><img loading=\"lazy\" decoding=\"async\" width=\"1170\" height=\"865\" src=\"http:\/\/institutferresamat.com\/wp-content\/uploads\/2026\/04\/IMG_7097.jpg\" alt=\"\" class=\"wp-image-1206\" style=\"aspect-ratio:4\/3;object-fit:cover\" srcset=\"https:\/\/institutferresamat.com\/wp-content\/uploads\/2026\/04\/IMG_7097.jpg 1170w, https:\/\/institutferresamat.com\/wp-content\/uploads\/2026\/04\/IMG_7097-300x222.jpg 300w, https:\/\/institutferresamat.com\/wp-content\/uploads\/2026\/04\/IMG_7097-1024x757.jpg 1024w, https:\/\/institutferresamat.com\/wp-content\/uploads\/2026\/04\/IMG_7097-768x568.jpg 768w\" sizes=\"auto, (max-width: 1170px) 100vw, 1170px\" \/><\/figure>\n<\/div>\n\n\n\n<div class=\"wp-block-column especialitats-list is-layout-flow wp-block-column-is-layout-flow\" style=\"flex-basis:40%\">\n<h2 class=\"wp-block-heading hover-blue\"><a href=\"https:\/\/institutferresamat.com\/es\/especialitats\/\" data-type=\"page\" data-id=\"1269\"><strong>Especialidades<\/strong><\/a><\/h2>\n\n\n\n<p><a href=\"https:\/\/institutferresamat.com\/es\/odontologia-2\/\">Odontolog\u00eda<\/a><\/p>\n\n\n\n<p><a href=\"https:\/\/institutferresamat.com\/es\/estomatologia\/\">Estomatolog\u00eda<\/a><\/p>\n\n\n\n<p><a href=\"https:\/\/institutferresamat.com\/es\/implantologia-avancada-rehabilitacio-i-protesi-dental\/\">Rehabilitaci\u00f3n y Pr\u00f3tesis Dental<\/a><\/p>\n\n\n\n<p><a href=\"https:\/\/institutferresamat.com\/es\/implantologia-avancada-rehabilitacio-i-protesi-dental\/\">Implantolog\u00eda Avanzada<\/a><\/p>\n\n\n\n<p><a href=\"https:\/\/institutferresamat.com\/es\/estetica-dental\/\">Est\u00e9tica Dental<\/a><\/p>\n\n\n\n<p><a href=\"https:\/\/institutferresamat.com\/es\/atm\/\">Articulaci\u00f3n Temporomandibular<\/a><\/p>\n\n\n\n<p><a href=\"https:\/\/institutferresamat.com\/es\/periodoncia\/\">Periodoncia<\/a><\/p>\n\n\n\n<p><a href=\"https:\/\/institutferresamat.com\/es\/endodoncia\/\">Endodoncia<\/a><\/p>\n\n\n\n<p><a href=\"https:\/\/institutferresamat.com\/es\/ortodoncia\/\">Ortodoncia<\/a><\/p>\n\n\n\n<p class=\"especialitats-list\"><a href=\"https:\/\/institutferresamat.com\/es\/odontopediatria-i-odontobebe\/\" data-type=\"page\" data-id=\"1224\">Odontopediatr\u00eda<\/a><\/p>\n\n\n\n<p><a href=\"https:\/\/institutferresamat.com\/es\/odontopediatria-i-odontobebe\/\">Odontobeb\u00e9<\/a><\/p>\n\n\n\n<p><a href=\"https:\/\/institutferresamat.com\/es\/cirurgia-oral-i-maxillofacial\/\">Cirug\u00eda Oral y Maxilofacial<\/a><\/p>\n\n\n\n<p><a href=\"https:\/\/institutferresamat.com\/es\/atencio-internacional\/\">Atenci\u00f3n Internacional<\/a><\/p>\n<\/div>\n<\/div>\n<\/div>\n\n\n\n<div class=\"wp-block-group alignfull has-global-padding is-layout-constrained wp-container-core-group-is-layout-d89aad35 wp-block-group-is-layout-constrained\" style=\"margin-top:0;margin-bottom:0;padding-top:var(--wp--preset--spacing--50);padding-right:var(--wp--preset--spacing--50);padding-bottom:var(--wp--preset--spacing--50);padding-left:var(--wp--preset--spacing--50)\">\n<div class=\"wp-block-columns alignwide are-vertically-aligned-center is-layout-flex wp-container-core-columns-is-layout-47c06fe3 wp-block-columns-is-layout-flex\">\n<div class=\"wp-block-column is-vertically-aligned-center is-layout-flow wp-block-column-is-layout-flow\" style=\"flex-basis:50%\">\n<h2 class=\"wp-block-heading\">Desde 1997 en el barrio Sant Gervasi de Barcelona<\/h2>\n\n\n\n<p>Calle Mari\u00e0 Cub\u00ed 122<\/p>\n\n\n\n<div class=\"wp-block-buttons clean-button is-layout-flex wp-block-buttons-is-layout-flex\">\n<div class=\"wp-block-button clean-button\"><a class=\"wp-block-button__link has-background wp-element-button\" href=\"http:\/\/institutferresamat.com\/es\/contacte\/\" style=\"background-color:#99ccff\">Contacto<\/a><\/div>\n\n\n\n<div class=\"wp-block-button is-style-fill clean-button\"><a class=\"wp-block-button__link has-background wp-element-button\" href=\"https:\/\/institutferresamat.com\/es\/mutues\/\" style=\"background-color:#99ccff\">Mutuas<\/a><\/div>\n<\/div>\n<\/div>\n\n\n\n<div class=\"wp-block-column is-vertically-aligned-center is-layout-flow wp-block-column-is-layout-flow\" style=\"flex-basis:50%\">\n<figure class=\"wp-block-image size-full is-style-rounded is-style-rounded--10\"><a href=\"https:\/\/www.google.com\/maps\/place\/Institut+Ferr%C3%A9s+Amat\/@41.3962208,2.143517,806m\/data=!3m2!1e3!4b1!4m6!3m5!1s0x12a4a29dd8bf764b:0x5a6234b67a42368a!8m2!3d41.3962208!4d2.1460919!16s%2Fg%2F11c1trrxwv?entry=ttu&amp;g_ep=EgoyMDI2MDQwOC4wIKXMDSoASAFQAw%3D%3D\" target=\"_blank\" rel=\" noreferrer noopener\"><img loading=\"lazy\" decoding=\"async\" width=\"3014\" height=\"1554\" src=\"http:\/\/institutferresamat.com\/wp-content\/uploads\/2024\/06\/mapa-institut-ferres-amat-ifa-barcelona.png\" alt=\"\" class=\"wp-image-1058\" style=\"aspect-ratio:4\/3;object-fit:cover\" srcset=\"https:\/\/institutferresamat.com\/wp-content\/uploads\/2024\/06\/mapa-institut-ferres-amat-ifa-barcelona.png 3014w, https:\/\/institutferresamat.com\/wp-content\/uploads\/2024\/06\/mapa-institut-ferres-amat-ifa-barcelona-300x155.png 300w, https:\/\/institutferresamat.com\/wp-content\/uploads\/2024\/06\/mapa-institut-ferres-amat-ifa-barcelona-1024x528.png 1024w, https:\/\/institutferresamat.com\/wp-content\/uploads\/2024\/06\/mapa-institut-ferres-amat-ifa-barcelona-768x396.png 768w, https:\/\/institutferresamat.com\/wp-content\/uploads\/2024\/06\/mapa-institut-ferres-amat-ifa-barcelona-1536x792.png 1536w, https:\/\/institutferresamat.com\/wp-content\/uploads\/2024\/06\/mapa-institut-ferres-amat-ifa-barcelona-2048x1056.png 2048w\" sizes=\"auto, (max-width: 3014px) 100vw, 3014px\" \/><\/a><\/figure>\n<\/div>\n<\/div>\n<\/div>\n\n\n\n<p><\/p>","protected":false},"excerpt":{"rendered":"<p>Cirurgia oral i odontologia avan\u00e7ada a Barcelona. Tres generacions dedicades a la salut bucodental. Treballem en equip per oferir una atenci\u00f3 integral i personalitzada. Combinem experi\u00e8ncia, formaci\u00f3 cont\u00ednua i tecnologia avan\u00e7ada per garantir tractaments segurs, efica\u00e7os i adaptats a cada cas. Volem centrar-nos en la prevenci\u00f3, no cal esperar a tenir s\u00edmptomes, es poden evitar [&hellip;]<\/p>\n","protected":false},"author":1,"featured_media":0,"parent":0,"menu_order":0,"comment_status":"closed","ping_status":"closed","template":"","meta":{"footnotes":""},"class_list":["post-93","page","type-page","status-publish","hentry"],"_links":{"self":[{"href":"https:\/\/institutferresamat.com\/es\/wp-json\/wp\/v2\/pages\/93","targetHints":{"allow":["GET"]}}],"collection":[{"href":"https:\/\/institutferresamat.com\/es\/wp-json\/wp\/v2\/pages"}],"about":[{"href":"https:\/\/institutferresamat.com\/es\/wp-json\/wp\/v2\/types\/page"}],"author":[{"embeddable":true,"href":"https:\/\/institutferresamat.com\/es\/wp-json\/wp\/v2\/users\/1"}],"replies":[{"embeddable":true,"href":"https:\/\/institutferresamat.com\/es\/wp-json\/wp\/v2\/comments?post=93"}],"version-history":[{"count":61,"href":"https:\/\/institutferresamat.com\/es\/wp-json\/wp\/v2\/pages\/93\/revisions"}],"predecessor-version":[{"id":1740,"href":"https:\/\/institutferresamat.com\/es\/wp-json\/wp\/v2\/pages\/93\/revisions\/1740"}],"wp:attachment":[{"href":"https:\/\/institutferresamat.com\/es\/wp-json\/wp\/v2\/media?parent=93"}],"curies":[{"name":"wp","href":"https:\/\/api.w.org\/{rel}","templated":true}]}}