{"id":1237,"date":"2026-04-10T07:40:47","date_gmt":"2026-04-10T07:40:47","guid":{"rendered":"https:\/\/institutferresamat.com\/?page_id=1237"},"modified":"2026-04-11T22:58:13","modified_gmt":"2026-04-11T22:58:13","slug":"historia","status":"publish","type":"page","link":"https:\/\/institutferresamat.com\/fr\/historia\/","title":{"rendered":"Histoire"},"content":{"rendered":"<div class=\"wp-block-group alignfull has-accent-background-color has-background has-global-padding is-layout-constrained wp-container-core-group-is-layout-669513ed wp-block-group-is-layout-constrained\" style=\"margin-top:0;margin-bottom:0;padding-top:var(--wp--preset--spacing--50);padding-right:var(--wp--preset--spacing--50);padding-bottom:var(--wp--preset--spacing--50);padding-left:var(--wp--preset--spacing--50)\">\n<div class=\"wp-block-columns alignwide is-layout-flex wp-container-core-columns-is-layout-1da03c2a wp-block-columns-is-layout-flex\">\n<div class=\"wp-block-column is-vertically-aligned-stretch is-layout-flow wp-block-column-is-layout-flow\" style=\"flex-basis:50%\">\n<div class=\"wp-block-group is-vertical is-content-justification-stretch is-layout-flex wp-container-core-group-is-layout-444d5ee8 wp-block-group-is-layout-flex\" style=\"min-height:100%\">\n<p class=\"history-title has-text-color has-link-color has-large-font-size wp-elements-526e5e1059984a666ca50cbd076a153d\" style=\"color:#99ccff;line-height:0\"><strong>Els inicis<\/strong><\/p>\n\n\n\n<p class=\"history-text\"><br>L\u2019any 1949, el Dr. Eduard Ferr\u00e9s Puig (1923\u20131998) inicia la seva traject\u00f2ria com a odont\u00f2leg amb consulta a Barcelona, al carrer Pau Claris, i poc despr\u00e9s tamb\u00e9 a Vilassar de Mar.<\/p>\n\n\n\n<p><\/p>\n\n\n\n<p class=\"history-title has-text-color has-link-color has-large-font-size wp-elements-37e3582b2cabb3363075fa7bc46ab905\" style=\"color:#99ccff;line-height:0\"><strong>La segona generaci\u00f3<\/strong><\/p>\n\n\n\n<p class=\"history-text\"><br>L\u2019any 1981, el Dr. Eduard Ferr\u00e9s Padr\u00f3 comen\u00e7a a exercir com a especialista en Estomatologia, i l\u2019any 1984 com a Cirurgi\u00e0 Oral i Maxil\u00b7lofacial, a la consulta del carrer Pau Claris.<\/p>\n\n\n\n<p><\/p>\n\n\n\n<p class=\"history-title has-text-color has-link-color has-large-font-size wp-elements-6d0f97b92f159a3a70e9d2abb57f3273\" style=\"color:#99ccff;line-height:0\"><strong>Un projecte que creix<\/strong><\/p>\n\n\n\n<p class=\"history-text\"><br>L\u2019any 1997, el Dr. Eduard Ferr\u00e9s Padr\u00f3 i Elvira Amat funden el Centre M\u00e8dic Ferr\u00e9s, al barri Sant Gervasi de Barcelona, consolidant un projecte basat en la proximitat i l\u2019excel\u00b7l\u00e8ncia.<\/p>\n\n\n\n<p><\/p>\n\n\n\n<p class=\"history-title has-text-color has-link-color has-large-font-size wp-elements-c6b36bc5487f303197fabd904862d103\" style=\"color:#99ccff;line-height:0\"><strong>La tercera generaci\u00f3<\/strong><\/p>\n\n\n\n<p class=\"history-text\"><br>L\u2019any 2004, la Dra. Elvira Ferr\u00e9s Amat s\u2019incorpora com a odont\u00f2loga, iniciant la continu\u00eftat familiar del projecte. L\u2019any 2011, el Dr. Eduard Ferr\u00e9s Amat tamb\u00e9 s\u2019incorpora a l\u2019equip com a odont\u00f2leg.<\/p>\n\n\n\n<p><\/p>\n\n\n\n<p class=\"history-title has-text-color has-link-color has-large-font-size wp-elements-c93d0c076ab8144768def4932e693498\" style=\"color:#99ccff;line-height:0\"><strong>Institut Ferr\u00e9s Amat<\/strong><\/p>\n\n\n\n<p class=\"history-text\"><br>L\u2019any 2010 s\u2019inaugura l\u2019Institut Ferr\u00e9s Amat, un espai dedicat a la Cirurgia Oral i Maxil\u00b7lofacial i a l\u2019Odontologia Integral. L\u2019any 2016 s\u2019incorpora a l\u2019equip la Dra. Sabine W\u00fcstemann Aronica com a odont\u00f2loga.<\/p>\n\n\n\n<p><\/p>\n\n\n\n<p class=\"history-title has-text-color has-link-color has-large-font-size wp-elements-a45f5e139833165fda7f67e922e111b6\" style=\"color:#99ccff;line-height:0\"><strong>Avui<\/strong><\/p>\n\n\n\n<p class=\"history-text\"><br>L\u2019any 2024, l\u2019Institut Ferr\u00e9s Amat es trasllada a un nou centre al mateix barri, adaptant-se a les noves necessitats i continuant amb la dedicaci\u00f3 i vocaci\u00f3 de sempre.<\/p>\n<\/div>\n<\/div>\n\n\n\n<div class=\"wp-block-column is-vertically-aligned-center history-section is-layout-flow wp-block-column-is-layout-flow\" style=\"flex-basis:50%\">\n<figure class=\"wp-block-image size-full is-style-rounded history-section is-style-rounded--1\"><img loading=\"lazy\" decoding=\"async\" width=\"1964\" height=\"2560\" src=\"https:\/\/institutferresamat.com\/wp-content\/uploads\/2026\/04\/ifa-institut-ferres-amat-historia-barcelona-scaled.png\" alt=\"\" class=\"wp-image-1493\" style=\"aspect-ratio:3\/4;object-fit:cover\" srcset=\"https:\/\/institutferresamat.com\/wp-content\/uploads\/2026\/04\/ifa-institut-ferres-amat-historia-barcelona-scaled.png 1964w, https:\/\/institutferresamat.com\/wp-content\/uploads\/2026\/04\/ifa-institut-ferres-amat-historia-barcelona-230x300.png 230w, https:\/\/institutferresamat.com\/wp-content\/uploads\/2026\/04\/ifa-institut-ferres-amat-historia-barcelona-786x1024.png 786w, https:\/\/institutferresamat.com\/wp-content\/uploads\/2026\/04\/ifa-institut-ferres-amat-historia-barcelona-768x1001.png 768w, https:\/\/institutferresamat.com\/wp-content\/uploads\/2026\/04\/ifa-institut-ferres-amat-historia-barcelona-1179x1536.png 1179w, https:\/\/institutferresamat.com\/wp-content\/uploads\/2026\/04\/ifa-institut-ferres-amat-historia-barcelona-1571x2048.png 1571w\" sizes=\"auto, (max-width: 1964px) 100vw, 1964px\" \/><\/figure>\n<\/div>\n<\/div>\n<\/div>\n\n\n\n<p><\/p>","protected":false},"excerpt":{"rendered":"<p>Els inicis L\u2019any 1949, el Dr. Eduard Ferr\u00e9s Puig (1923\u20131998) inicia la seva traject\u00f2ria com a odont\u00f2leg amb consulta a Barcelona, al carrer Pau Claris, i poc despr\u00e9s tamb\u00e9 a Vilassar de Mar. La segona generaci\u00f3 L\u2019any 1981, el Dr. Eduard Ferr\u00e9s Padr\u00f3 comen\u00e7a a exercir com a especialista en Estomatologia, i l\u2019any 1984 com [&hellip;]<\/p>\n","protected":false},"author":1,"featured_media":0,"parent":0,"menu_order":0,"comment_status":"closed","ping_status":"closed","template":"","meta":{"footnotes":""},"class_list":["post-1237","page","type-page","status-publish","hentry"],"_links":{"self":[{"href":"https:\/\/institutferresamat.com\/fr\/wp-json\/wp\/v2\/pages\/1237","targetHints":{"allow":["GET"]}}],"collection":[{"href":"https:\/\/institutferresamat.com\/fr\/wp-json\/wp\/v2\/pages"}],"about":[{"href":"https:\/\/institutferresamat.com\/fr\/wp-json\/wp\/v2\/types\/page"}],"author":[{"embeddable":true,"href":"https:\/\/institutferresamat.com\/fr\/wp-json\/wp\/v2\/users\/1"}],"replies":[{"embeddable":true,"href":"https:\/\/institutferresamat.com\/fr\/wp-json\/wp\/v2\/comments?post=1237"}],"version-history":[{"count":16,"href":"https:\/\/institutferresamat.com\/fr\/wp-json\/wp\/v2\/pages\/1237\/revisions"}],"predecessor-version":[{"id":1530,"href":"https:\/\/institutferresamat.com\/fr\/wp-json\/wp\/v2\/pages\/1237\/revisions\/1530"}],"wp:attachment":[{"href":"https:\/\/institutferresamat.com\/fr\/wp-json\/wp\/v2\/media?parent=1237"}],"curies":[{"name":"wp","href":"https:\/\/api.w.org\/{rel}","templated":true}]}}