{"id":1625,"date":"2026-04-12T22:58:02","date_gmt":"2026-04-12T22:58:02","guid":{"rendered":"https:\/\/institutferresamat.com\/?page_id=1625"},"modified":"2026-04-13T04:53:34","modified_gmt":"2026-04-13T04:53:34","slug":"implantologia-avancada-rehabilitacio-i-protesi-dental","status":"publish","type":"page","link":"https:\/\/institutferresamat.com\/fr\/implantologia-avancada-rehabilitacio-i-protesi-dental\/","title":{"rendered":"Implantologia Avan\u00e7ada, Rehabilitaci\u00f3 i Pr\u00f2tesi Dental"},"content":{"rendered":"<div class=\"wp-block-group alignfull has-global-padding is-layout-constrained wp-container-core-group-is-layout-d89aad35 wp-block-group-is-layout-constrained\" style=\"margin-top:0;margin-bottom:0;padding-top:var(--wp--preset--spacing--50);padding-right:var(--wp--preset--spacing--50);padding-bottom:var(--wp--preset--spacing--50);padding-left:var(--wp--preset--spacing--50)\">\n<div class=\"wp-block-columns alignwide are-vertically-aligned-center is-layout-flex wp-container-core-columns-is-layout-47c06fe3 wp-block-columns-is-layout-flex\">\n<div class=\"wp-block-column is-vertically-aligned-center is-layout-flow wp-block-column-is-layout-flow\" style=\"flex-basis:50%\">\n<h2 class=\"wp-block-heading\"><strong>A IFA treballem en equip per oferir un tractament global, coordinat i pensat per a tu.<\/strong><\/h2>\n\n\n\n<div style=\"height:28px\" aria-hidden=\"true\" class=\"wp-block-spacer\"><\/div>\n\n\n\n<h3 class=\"wp-block-heading\"><strong>Implantologie Avanc\u00e9e<\/strong><\/h3>\n\n\n\n<p>Col\u00b7locaci\u00f3 d\u2019implants dentals amb t\u00e8cniques avan\u00e7ades per substituir dents perdudes amb seguretat i precisi\u00f3. Solucions estables perqu\u00e8 recuperis el teu dia a dia amb tranquil\u00b7litat<\/p>\n\n\n\n<div style=\"height:41px\" aria-hidden=\"true\" class=\"wp-block-spacer\"><\/div>\n\n\n\n<h3 class=\"wp-block-heading\"><strong>R\u00e9habilitation et Proth\u00e8se Dentaire<\/strong><\/h3>\n\n\n\n<p>Recuperem la funci\u00f3 i l\u2019est\u00e8tica dental amb pr\u00f2tesis adaptades a cada pacient. Perqu\u00e8 puguis tornar a menjar, parlar i somriure amb confian\u00e7a.<\/p>\n<\/div>\n\n\n\n<div class=\"wp-block-column is-vertically-aligned-center is-layout-flow wp-block-column-is-layout-flow\" style=\"flex-basis:50%\">\n<figure class=\"wp-block-image size-full is-style-rounded is-style-rounded--1\"><img loading=\"lazy\" decoding=\"async\" width=\"944\" height=\"850\" src=\"https:\/\/institutferresamat.com\/wp-content\/uploads\/2026\/04\/ifa-implants.png\" alt=\"\" class=\"wp-image-1628\" style=\"aspect-ratio:4\/3;object-fit:cover\" srcset=\"https:\/\/institutferresamat.com\/wp-content\/uploads\/2026\/04\/ifa-implants.png 944w, https:\/\/institutferresamat.com\/wp-content\/uploads\/2026\/04\/ifa-implants-300x270.png 300w, https:\/\/institutferresamat.com\/wp-content\/uploads\/2026\/04\/ifa-implants-768x692.png 768w, https:\/\/institutferresamat.com\/wp-content\/uploads\/2026\/04\/ifa-implants-13x12.png 13w\" sizes=\"auto, (max-width: 944px) 100vw, 944px\" \/><\/figure>\n<\/div>\n<\/div>\n<\/div>\n\n\n\n<div class=\"wp-block-buttons clean-button is-content-justification-center is-layout-flex wp-container-core-buttons-is-layout-a89b3969 wp-block-buttons-is-layout-flex\">\n<div class=\"wp-block-button\"><a class=\"wp-block-button__link has-background wp-element-button\" href=\"https:\/\/institutferresamat.com\/fr\/especialitats\/\" style=\"background-color:#99ccff\">ESPECIALITATS<\/a><\/div>\n<\/div>\n\n\n\n<p><\/p>","protected":false},"excerpt":{"rendered":"<p>A IFA treballem en equip per oferir un tractament global, coordinat i pensat per a tu. Implantologia Avan\u00e7ada Col\u00b7locaci\u00f3 d\u2019implants dentals amb t\u00e8cniques avan\u00e7ades per substituir dents perdudes amb seguretat i precisi\u00f3. Solucions estables perqu\u00e8 recuperis el teu dia a dia amb tranquil\u00b7litat Rehabilitaci\u00f3 i Pr\u00f2tesi Dental Recuperem la funci\u00f3 i l\u2019est\u00e8tica dental amb pr\u00f2tesis [&hellip;]<\/p>\n","protected":false},"author":1,"featured_media":0,"parent":0,"menu_order":0,"comment_status":"closed","ping_status":"closed","template":"","meta":{"footnotes":""},"class_list":["post-1625","page","type-page","status-publish","hentry"],"_links":{"self":[{"href":"https:\/\/institutferresamat.com\/fr\/wp-json\/wp\/v2\/pages\/1625","targetHints":{"allow":["GET"]}}],"collection":[{"href":"https:\/\/institutferresamat.com\/fr\/wp-json\/wp\/v2\/pages"}],"about":[{"href":"https:\/\/institutferresamat.com\/fr\/wp-json\/wp\/v2\/types\/page"}],"author":[{"embeddable":true,"href":"https:\/\/institutferresamat.com\/fr\/wp-json\/wp\/v2\/users\/1"}],"replies":[{"embeddable":true,"href":"https:\/\/institutferresamat.com\/fr\/wp-json\/wp\/v2\/comments?post=1625"}],"version-history":[{"count":4,"href":"https:\/\/institutferresamat.com\/fr\/wp-json\/wp\/v2\/pages\/1625\/revisions"}],"predecessor-version":[{"id":1711,"href":"https:\/\/institutferresamat.com\/fr\/wp-json\/wp\/v2\/pages\/1625\/revisions\/1711"}],"wp:attachment":[{"href":"https:\/\/institutferresamat.com\/fr\/wp-json\/wp\/v2\/media?parent=1625"}],"curies":[{"name":"wp","href":"https:\/\/api.w.org\/{rel}","templated":true}]}}