{"id":1630,"date":"2026-04-12T23:24:04","date_gmt":"2026-04-12T23:24:04","guid":{"rendered":"https:\/\/institutferresamat.com\/?page_id=1630"},"modified":"2026-04-13T03:15:02","modified_gmt":"2026-04-13T03:15:02","slug":"odontologia-2","status":"publish","type":"page","link":"https:\/\/institutferresamat.com\/fr\/odontologia-2\/","title":{"rendered":"Odontologie"},"content":{"rendered":"<div class=\"wp-block-group alignfull has-global-padding is-layout-constrained wp-container-core-group-is-layout-669513ed wp-block-group-is-layout-constrained\" style=\"margin-top:0;margin-bottom:0;padding-top:var(--wp--preset--spacing--50);padding-right:var(--wp--preset--spacing--50);padding-bottom:var(--wp--preset--spacing--50);padding-left:var(--wp--preset--spacing--50)\">\n<div class=\"wp-block-group is-vertical is-content-justification-center is-layout-flex wp-container-core-group-is-layout-ce155fab wp-block-group-is-layout-flex\">\n<h2 class=\"wp-block-heading has-text-align-left\"><strong>Atenci\u00f3 integral de la salut bucodental<\/strong> <\/h2>\n\n\n\n<p class=\"has-text-align-left\">Diagn\u00f2stic, prevenci\u00f3 i tractament per mantenir dents i genives sanes al llarg del temps. A l\u2019Institut Ferr\u00e9s Amat oferim una atenci\u00f3 personalitzada i global, combinant les diferents \u00e0rees de l\u2019odontologia moderna per trobar la millor soluci\u00f3 per a cada pacient.<\/p>\n\n\n\n<p class=\"has-text-align-left\">Treballem amb un diagn\u00f2stic acurat i t\u2019acompanyem en tot moment perqu\u00e8 et sentis tranquil, informat i ben cuidat.<\/p>\n<\/div>\n\n\n\n<div style=\"height:var(--wp--preset--spacing--30)\" aria-hidden=\"true\" class=\"wp-block-spacer\"><\/div>\n\n\n\n<div class=\"wp-block-columns alignwide is-layout-flex wp-container-core-columns-is-layout-4935966c wp-block-columns-is-layout-flex\" style=\"padding-right:0;padding-left:0\">\n<div class=\"wp-block-column is-layout-flow wp-block-column-is-layout-flow\">\n<figure class=\"wp-block-image size-full is-style-rounded is-style-rounded--1\"><img loading=\"lazy\" decoding=\"async\" width=\"1008\" height=\"1312\" src=\"https:\/\/institutferresamat.com\/wp-content\/uploads\/2026\/04\/ifa-odontologia.png\" alt=\"\" class=\"wp-image-1633\" style=\"aspect-ratio:1;object-fit:cover\" srcset=\"https:\/\/institutferresamat.com\/wp-content\/uploads\/2026\/04\/ifa-odontologia.png 1008w, https:\/\/institutferresamat.com\/wp-content\/uploads\/2026\/04\/ifa-odontologia-230x300.png 230w, https:\/\/institutferresamat.com\/wp-content\/uploads\/2026\/04\/ifa-odontologia-787x1024.png 787w, https:\/\/institutferresamat.com\/wp-content\/uploads\/2026\/04\/ifa-odontologia-768x1000.png 768w, https:\/\/institutferresamat.com\/wp-content\/uploads\/2026\/04\/ifa-odontologia-9x12.png 9w\" sizes=\"auto, (max-width: 1008px) 100vw, 1008px\" \/><\/figure>\n\n\n\n<div class=\"wp-block-group is-vertical is-content-justification-center is-nowrap is-layout-flex wp-container-core-group-is-layout-21d4e958 wp-block-group-is-layout-flex\">\n<details class=\"wp-block-details is-layout-flow wp-block-details-is-layout-flow\"><summary><strong>Odontologia Conservadora<\/strong><\/summary>\n<p class=\"has-small-font-size\">Cuidem i preservem les dents naturals, evitant tractaments m\u00e9s invasius sempre que sigui possible.<\/p>\n<\/details>\n<\/div>\n<\/div>\n\n\n\n<div class=\"wp-block-column is-layout-flow wp-block-column-is-layout-flow\">\n<figure class=\"wp-block-image size-full is-style-rounded is-style-rounded--2\"><img loading=\"lazy\" decoding=\"async\" width=\"998\" height=\"1366\" src=\"https:\/\/institutferresamat.com\/wp-content\/uploads\/2026\/04\/ifa-odontologia-higiene-dental.png\" alt=\"\" class=\"wp-image-1631\" style=\"aspect-ratio:1;object-fit:cover\" srcset=\"https:\/\/institutferresamat.com\/wp-content\/uploads\/2026\/04\/ifa-odontologia-higiene-dental.png 998w, https:\/\/institutferresamat.com\/wp-content\/uploads\/2026\/04\/ifa-odontologia-higiene-dental-219x300.png 219w, https:\/\/institutferresamat.com\/wp-content\/uploads\/2026\/04\/ifa-odontologia-higiene-dental-748x1024.png 748w, https:\/\/institutferresamat.com\/wp-content\/uploads\/2026\/04\/ifa-odontologia-higiene-dental-768x1051.png 768w, https:\/\/institutferresamat.com\/wp-content\/uploads\/2026\/04\/ifa-odontologia-higiene-dental-9x12.png 9w\" sizes=\"auto, (max-width: 998px) 100vw, 998px\" \/><\/figure>\n\n\n\n<div class=\"wp-block-group is-vertical is-content-justification-center is-nowrap is-layout-flex wp-container-core-group-is-layout-63bfd6c1 wp-block-group-is-layout-flex\">\n<details class=\"wp-block-details is-layout-flow wp-block-details-is-layout-flow\"><summary><strong>Odontologia Preventiva<\/strong><\/summary>\n<p class=\"has-text-align-left has-small-font-size\">Prevenim problemes abans que apareguin, mantenint la salut bucodental amb revisions i h\u00e0bits adequats.<\/p>\n\n\n\n<p class=\"has-small-font-size\" style=\"line-height:1.3\">&#8211; &nbsp;Guia d\u2019higiene oral<\/p>\n\n\n\n<p class=\"has-small-font-size\" style=\"line-height:1.3\">&#8211; &nbsp;Revisions dentals peri\u00f2diques<\/p>\n\n\n\n<p class=\"has-small-font-size\" style=\"line-height:1.3\">&#8211;&nbsp; Higienes dentals<\/p>\n\n\n\n<p class=\"has-small-font-size\" style=\"line-height:1.3\">&#8211;&nbsp; Fluoracions<\/p>\n\n\n\n<p class=\"has-small-font-size\" style=\"line-height:1.3\">&#8211;\u00a0 Manteniment de pr\u00f2tesis<\/p>\n<\/details>\n<\/div>\n<\/div>\n\n\n\n<div class=\"wp-block-column is-layout-flow wp-block-column-is-layout-flow\">\n<figure class=\"wp-block-image size-full is-style-rounded is-style-rounded--3\"><img loading=\"lazy\" decoding=\"async\" width=\"998\" height=\"866\" src=\"https:\/\/institutferresamat.com\/wp-content\/uploads\/2026\/04\/ifa-odontologia-higiene.png\" alt=\"\" class=\"wp-image-1632\" style=\"aspect-ratio:1;object-fit:cover\" srcset=\"https:\/\/institutferresamat.com\/wp-content\/uploads\/2026\/04\/ifa-odontologia-higiene.png 998w, https:\/\/institutferresamat.com\/wp-content\/uploads\/2026\/04\/ifa-odontologia-higiene-300x260.png 300w, https:\/\/institutferresamat.com\/wp-content\/uploads\/2026\/04\/ifa-odontologia-higiene-768x666.png 768w, https:\/\/institutferresamat.com\/wp-content\/uploads\/2026\/04\/ifa-odontologia-higiene-14x12.png 14w\" sizes=\"auto, (max-width: 998px) 100vw, 998px\" \/><\/figure>\n\n\n\n<div class=\"wp-block-group is-vertical is-content-justification-center is-nowrap is-layout-flex wp-container-core-group-is-layout-63bfd6c1 wp-block-group-is-layout-flex\">\n<details class=\"wp-block-details is-layout-flow wp-block-details-is-layout-flow\"><summary><strong>Odontologia Juvenil<\/strong><\/summary>\n<p class=\"has-small-font-size\">Acompanyem els joves en una etapa clau per garantir un desenvolupament dental sa i equilibrat.<\/p>\n<\/details>\n<\/div>\n<\/div>\n\n\n\n<div class=\"wp-block-column is-layout-flow wp-block-column-is-layout-flow\">\n<figure class=\"wp-block-image size-full is-style-rounded is-style-rounded--4\"><img loading=\"lazy\" decoding=\"async\" width=\"624\" height=\"506\" src=\"https:\/\/institutferresamat.com\/wp-content\/uploads\/2026\/04\/ifa-odontologia-infantil.png\" alt=\"\" class=\"wp-image-1634\" style=\"aspect-ratio:1;object-fit:cover\" srcset=\"https:\/\/institutferresamat.com\/wp-content\/uploads\/2026\/04\/ifa-odontologia-infantil.png 624w, https:\/\/institutferresamat.com\/wp-content\/uploads\/2026\/04\/ifa-odontologia-infantil-300x243.png 300w, https:\/\/institutferresamat.com\/wp-content\/uploads\/2026\/04\/ifa-odontologia-infantil-15x12.png 15w\" sizes=\"auto, (max-width: 624px) 100vw, 624px\" \/><\/figure>\n\n\n\n<div class=\"wp-block-group is-vertical is-content-justification-center is-nowrap is-layout-flex wp-container-core-group-is-layout-21d4e958 wp-block-group-is-layout-flex\">\n<details class=\"wp-block-details is-layout-flow wp-block-details-is-layout-flow\"><summary><strong>Odontologia Infantil<\/strong><\/summary>\n<p class=\"has-small-font-size\">Cuidem la salut dental dels m\u00e9s petits amb una atenci\u00f3 propera, suau i adaptada a ells.<\/p>\n<\/details>\n<\/div>\n<\/div>\n<\/div>\n<\/div>\n\n\n\n<div class=\"wp-block-buttons clean-button is-content-justification-center is-layout-flex wp-container-core-buttons-is-layout-a89b3969 wp-block-buttons-is-layout-flex\">\n<div class=\"wp-block-button\"><a class=\"wp-block-button__link has-background wp-element-button\" href=\"https:\/\/institutferresamat.com\/fr\/especialitats\/\" style=\"background-color:#99ccff\">ESPECIALITATS<\/a><\/div>\n<\/div>\n\n\n\n<p><\/p>","protected":false},"excerpt":{"rendered":"<p>Atenci\u00f3 integral de la salut bucodental Diagn\u00f2stic, prevenci\u00f3 i tractament per mantenir dents i genives sanes al llarg del temps. A l\u2019Institut Ferr\u00e9s Amat oferim una atenci\u00f3 personalitzada i global, combinant les diferents \u00e0rees de l\u2019odontologia moderna per trobar la millor soluci\u00f3 per a cada pacient. Treballem amb un diagn\u00f2stic acurat i t\u2019acompanyem en tot [&hellip;]<\/p>\n","protected":false},"author":1,"featured_media":0,"parent":0,"menu_order":0,"comment_status":"closed","ping_status":"closed","template":"","meta":{"footnotes":""},"class_list":["post-1630","page","type-page","status-publish","hentry"],"_links":{"self":[{"href":"https:\/\/institutferresamat.com\/fr\/wp-json\/wp\/v2\/pages\/1630","targetHints":{"allow":["GET"]}}],"collection":[{"href":"https:\/\/institutferresamat.com\/fr\/wp-json\/wp\/v2\/pages"}],"about":[{"href":"https:\/\/institutferresamat.com\/fr\/wp-json\/wp\/v2\/types\/page"}],"author":[{"embeddable":true,"href":"https:\/\/institutferresamat.com\/fr\/wp-json\/wp\/v2\/users\/1"}],"replies":[{"embeddable":true,"href":"https:\/\/institutferresamat.com\/fr\/wp-json\/wp\/v2\/comments?post=1630"}],"version-history":[{"count":5,"href":"https:\/\/institutferresamat.com\/fr\/wp-json\/wp\/v2\/pages\/1630\/revisions"}],"predecessor-version":[{"id":1652,"href":"https:\/\/institutferresamat.com\/fr\/wp-json\/wp\/v2\/pages\/1630\/revisions\/1652"}],"wp:attachment":[{"href":"https:\/\/institutferresamat.com\/fr\/wp-json\/wp\/v2\/media?parent=1630"}],"curies":[{"name":"wp","href":"https:\/\/api.w.org\/{rel}","templated":true}]}}